{"id":289,"date":"2013-04-10T12:37:20","date_gmt":"2013-04-10T10:37:20","guid":{"rendered":"https:\/\/krets.jagareforbundet.se\/gallivare\/?page_id=289"},"modified":"2013-04-10T12:37:20","modified_gmt":"2013-04-10T10:37:20","slug":"medlemskap","status":"publish","type":"page","link":"https:\/\/krets.jagareforbundet.se\/gallivare\/medlemskap\/","title":{"rendered":"Medlemskap"},"content":{"rendered":"<h1>Bli medlem i Svenska J\u00e4garef\u00f6rbundet<\/h1>\n<div><img decoding=\"async\" id=\"ctl00_cphMainRegion_cphMainContentRegion_cphMainBodyRegion_ctl01_imgMainImage\" title=\"Foto: Madeleine Lewander\" src=\"http:\/\/www.jagareforbundet.se\/Global\/Folk_pa_jakt\/andjakt_apport.jpg\" alt=\"Foto: Madeleine Lewander\" \/><br \/>\nFoto: Madeleine Lewander<\/div>\n<div>F\u00f6rutom att dra nytta av att Svenska J\u00e4garef\u00f6rbundet driver viktiga jaktfr\u00e5gor och str\u00e4var efter att f\u00f6rb\u00e4ttra jaktens villkor, f\u00e5r du som medlem ocks\u00e5 en rad f\u00f6rm\u00e5ner som tidningar, f\u00f6rs\u00e4kringar, erbjudanden, utbildning och skyttetr\u00e4ning.<\/div>\n<div>\n<h2>Medlemsans\u00f6kan online &#8211; snabbt och enkelt!<\/h2>\n<p><a href=\"http:\/\/www.jagareforbundet.se\/blimedlem\/\">Bli medlem h\u00e4r &#8211; medlemsans\u00f6kan online<\/a><\/p>\n<p><a href=\"https:\/\/kampanj.jagareforbundet.se\/autogiro\/\">Autogiro &#8211; Din medlemsavgift dras automatiskt!<\/a><\/p>\n<h2>Varf\u00f6r ska jag bli medlem?<\/h2>\n<p>Hos oss hittar du gemenskapen, f\u00f6rs\u00e4kringarna, r\u00e5dgivningen, de st\u00f6rsta jakttidningarna, utbildningen och m\u00e5nga andra f\u00f6rm\u00e5ner.<br \/>\n<a href=\"http:\/\/www.jagareforbundet.se\/Jagareforbundet\/Medlem\/Medlemsformaner\/\">L\u00e4s om medlemsf\u00f6rm\u00e5nerna<\/a><\/p>\n<p><a href=\"http:\/\/www.jagareforbundet.se\/Jagareforbundet\/Medlem\/12-goda-skal-att-vara-med-i-Jagareforbundet\/\">12 goda sk\u00e4l att vara med i J\u00e4garef\u00f6rbundet<\/a><\/p>\n<p><a href=\"http:\/\/www.jagareforbundet.se\/Jagareforbundet\/Medlem\/Fragor--svar\/\">De vanligaste fr\u00e5gorna och svaren<\/a><\/p>\n<p>&nbsp;<\/p>\n<\/div>\n<div>\n<h2>Aktuell information kring ditt medlemskap<\/h2>\n<\/div>\n","protected":false},"excerpt":{"rendered":"<p>Bli medlem i Svenska J\u00e4garef\u00f6rbundet Foto: Madeleine Lewander F\u00f6rutom att dra nytta av att Svenska J\u00e4garef\u00f6rbundet driver viktiga jaktfr\u00e5gor och str\u00e4var efter att f\u00f6rb\u00e4ttra jaktens villkor, f\u00e5r du som medlem ocks\u00e5 en rad f\u00f6rm\u00e5ner som tidningar, f\u00f6rs\u00e4kringar, erbjudanden, utbildning och skyttetr\u00e4ning. Medlemsans\u00f6kan online &#8211; snabbt och enkelt! Bli medlem h\u00e4r &#8211; medlemsans\u00f6kan online Autogiro &#8211; [&hellip;]<\/p>\n","protected":false},"author":89,"featured_media":0,"parent":0,"menu_order":0,"comment_status":"open","ping_status":"open","template":"","meta":{"footnotes":""},"class_list":["post-289","page","type-page","status-publish","hentry"],"_links":{"self":[{"href":"https:\/\/krets.jagareforbundet.se\/gallivare\/wp-json\/wp\/v2\/pages\/289","targetHints":{"allow":["GET"]}}],"collection":[{"href":"https:\/\/krets.jagareforbundet.se\/gallivare\/wp-json\/wp\/v2\/pages"}],"about":[{"href":"https:\/\/krets.jagareforbundet.se\/gallivare\/wp-json\/wp\/v2\/types\/page"}],"author":[{"embeddable":true,"href":"https:\/\/krets.jagareforbundet.se\/gallivare\/wp-json\/wp\/v2\/users\/89"}],"replies":[{"embeddable":true,"href":"https:\/\/krets.jagareforbundet.se\/gallivare\/wp-json\/wp\/v2\/comments?post=289"}],"version-history":[{"count":0,"href":"https:\/\/krets.jagareforbundet.se\/gallivare\/wp-json\/wp\/v2\/pages\/289\/revisions"}],"wp:attachment":[{"href":"https:\/\/krets.jagareforbundet.se\/gallivare\/wp-json\/wp\/v2\/media?parent=289"}],"curies":[{"name":"wp","href":"https:\/\/api.w.org\/{rel}","templated":true}]}}