{"id":312,"date":"2013-04-10T12:58:43","date_gmt":"2013-04-10T10:58:43","guid":{"rendered":"https:\/\/krets.jagareforbundet.se\/gallivare\/?page_id=312"},"modified":"2013-09-26T13:34:19","modified_gmt":"2013-09-26T11:34:19","slug":"statliga-jaktkortet","status":"publish","type":"page","link":"https:\/\/krets.jagareforbundet.se\/gallivare\/statliga-jaktkortet\/","title":{"rendered":"Statliga Jaktkortet"},"content":{"rendered":"<h1>S\u00e5 betalar du<\/h1>\n<p>Jaktkortet g\u00e4ller f\u00f6r ett jakt\u00e5r, fr\u00e5n 1 juli till 30 juni \u00e5ret efter och m\u00e5ste f\u00f6rnyas varje jakt\u00e5r. Om du betalar f\u00f6re 10 juni r\u00e4knas det som betalning f\u00f6r innevarande \u00e5r. Jaktkortet skickas till din folkbokf\u00f6ringsadress 2-3 veckor efter att betalningen registrerats.<\/p>\n<p>Du kan betala viltv\u00e5rdsavgiften f\u00f6r jaktkort p\u00e5 tv\u00e5 s\u00e4tt:<\/p>\n<ul>\n<li>med bankkort genom &#8221;<a href=\"https:\/\/ripan.naturvardsverket.se\/ripanweb\/\" target=\"_blank\">Min sida<\/a>&#8221;, eller<\/li>\n<li>genom bankgiroinbetalning till Kammarkollegiet, Viltv\u00e5rdsfonden.<\/li>\n<\/ul>\n<h2>Betala genom &#8221;Min sida&#8221;<\/h2>\n<p>S\u00e5v\u00e4l svenska som utl\u00e4ndska j\u00e4gare kan anv\u00e4nda &#8221;<a href=\"https:\/\/ripan.naturvardsverket.se\/ripanweb\/\" target=\"_blank\">Min sida<\/a>&#8221; f\u00f6r betalning av jaktkortsavgiften. Du loggar in med din e-postadress och betalar med bankkort. Jaktkortet skickas till din folkbokf\u00f6ringsadress inom tre veckor efter att betalningen registrerats.<\/p>\n<h2>T\u00e4nk p\u00e5:<\/h2>\n<h3>\u00c4r du redan registrerad<\/h3>\n<p>\u00c4r du os\u00e4ker p\u00e5 om du redan registrerat dig kan du prova att f\u00f6rst logga in. Om du misslyckas prova \u00e4ven l\u00e4nken &#8221;Gl\u00f6mt l\u00f6senord&#8221;. F\u00e5r du inte n\u00e5got e-postmeddelande \u00e4r du inte registrerad och kan skapa en ny profil.<\/p>\n<p>E-postadress<\/p>\n<p>F\u00f6r att logga in eller registrera dig och f\u00e5 tillg\u00e5ng till &#8221;<a href=\"https:\/\/ripan.naturvardsverket.se\/ripanweb\/\" target=\"_blank\">Min sida<\/a>&#8221; anv\u00e4nder du din personliga e-postadress.<\/p>\n<h3>Postadress<\/h3>\n<h3>T\u00e4nk p\u00e5 att ange eventuell utl\u00e4ndsk adress r\u00e4tt s\u00e5 att du f\u00e5r ditt jaktkort i tid. Har du svenskt personnummer och \u00e4r folkbokf\u00f6rd i Sverige uppdateras adressen automatiskt via folkbokf\u00f6ringen.<\/h3>\n<h3>Innan du f\u00e5tt jaktkortet<\/h3>\n<h3>Ska du ut p\u00e5 jakt innan du f\u00e5tt ditt jaktkort ska du ta med dig en bekr\u00e4ftelse p\u00e5 att du betala, exempelvis en utskrift fr\u00e5n\u00a0<a href=\"https:\/\/ripan.naturvardsverket.se\/ripanweb\/\" target=\"_blank\">&#8221;Min sida<\/a>&#8221;.<\/h3>\n<h3>Betalning via bank<\/h3>\n<h3>A. Betalning f\u00f6r j\u00e4gare med svenskt personnummer<\/h3>\n<h3>Betala till bankgirokonto 884-0043 (Betalningsmottagare: Kammarkollegiet).<\/h3>\n<h3>Som OCR anger du ditt tiosiffriga personnummer \u00c5\u00c5MMDDXXXX omgivet av checksiffrorna 00 och 42. Exempel: 00\u00c5\u00c5MMDDXXXX42.<\/h3>\n<p>Avgiften \u00e4r 300 SEK per jakt\u00e5r.<br \/>\nTa med dig utskrift p\u00e5 betalningen eller kontoutdrag under jakten som bevis p\u00e5 att du betalat avgiften till dess du f\u00e5tt ditt jaktkort hems\u00e4nt.<br \/>\nObs! Naturv\u00e5rdsverket har fr\u00e5n 1 mars nytt bankgiro f\u00f6r inbetalning av viltv\u00e5rdsavgiften.<\/p>\n<p>B. Betalning f\u00f6r j\u00e4gare utan svenskt personnummer<br \/>\nJ\u00e4gare utan svenskt personnummer kan betala jaktkortsavgiften via internationell bank\u00f6verf\u00f6ring, eller till ett s\u00e4rskilt bankgirokonto. Endast utl\u00e4ndska j\u00e4gare kan anv\u00e4nda dessa konton.<\/p>\n<p>B1. Betalning fr\u00e5n utlandet f\u00f6r utl\u00e4ndsk j\u00e4gare<br \/>\nIBAN: SE83 1200 0000 0128 1010 7432,<br \/>\nBIC\/SWIFT: DABASESX, Bank: Danske Bank, SE-103 92 Stockholm<br \/>\nBelopp: 300 SEK<br \/>\nAnge namn och nationalitet i referensf\u00e4ltet.<br \/>\nBeh\u00e5ll kvitto som bevis p\u00e5 betalning, statligt jaktkort skickas inte till utl\u00e4ndsk j\u00e4gare som betalar via bank\u00f6verf\u00f6ring.<\/p>\n<p>B2. Betalning fr\u00e5n Sverige f\u00f6r utl\u00e4ndsk j\u00e4gare<br \/>\nBetala till bankgirokonto 160-6888 (Betalningsmottagare: Kammarkollegiet)<br \/>\nBelopp: 300 SEK<br \/>\nAnge namn och nationalitet i referensf\u00e4ltet (max 25 tecken).<br \/>\nDu m\u00e5ste sj\u00e4lv skriva ut och ta med en kopia p\u00e5 transaktionen som bevis p\u00e5 att du betalat viltv\u00e5rdsavgiften. Vi skickar endast ut jaktkort till de utl\u00e4ndska j\u00e4gare som betalat via\u00a0<a href=\"https:\/\/ripan.naturvardsverket.se\/ripanweb\/\" target=\"_blank\">&#8221;Min sida<\/a>&#8221;.<\/p>\n<p>K\u00e4lla: Naturv\u00e5rdsverket 2013-06-11<\/p>\n","protected":false},"excerpt":{"rendered":"<p>S\u00e5 betalar du Jaktkortet g\u00e4ller f\u00f6r ett jakt\u00e5r, fr\u00e5n 1 juli till 30 juni \u00e5ret efter och m\u00e5ste f\u00f6rnyas varje jakt\u00e5r. Om du betalar f\u00f6re 10 juni r\u00e4knas det som betalning f\u00f6r innevarande \u00e5r. Jaktkortet skickas till din folkbokf\u00f6ringsadress 2-3 veckor efter att betalningen registrerats. Du kan betala viltv\u00e5rdsavgiften f\u00f6r jaktkort p\u00e5 tv\u00e5 s\u00e4tt: med [&hellip;]<\/p>\n","protected":false},"author":89,"featured_media":0,"parent":0,"menu_order":0,"comment_status":"open","ping_status":"open","template":"","meta":{"footnotes":""},"class_list":["post-312","page","type-page","status-publish","hentry"],"_links":{"self":[{"href":"https:\/\/krets.jagareforbundet.se\/gallivare\/wp-json\/wp\/v2\/pages\/312","targetHints":{"allow":["GET"]}}],"collection":[{"href":"https:\/\/krets.jagareforbundet.se\/gallivare\/wp-json\/wp\/v2\/pages"}],"about":[{"href":"https:\/\/krets.jagareforbundet.se\/gallivare\/wp-json\/wp\/v2\/types\/page"}],"author":[{"embeddable":true,"href":"https:\/\/krets.jagareforbundet.se\/gallivare\/wp-json\/wp\/v2\/users\/89"}],"replies":[{"embeddable":true,"href":"https:\/\/krets.jagareforbundet.se\/gallivare\/wp-json\/wp\/v2\/comments?post=312"}],"version-history":[{"count":0,"href":"https:\/\/krets.jagareforbundet.se\/gallivare\/wp-json\/wp\/v2\/pages\/312\/revisions"}],"wp:attachment":[{"href":"https:\/\/krets.jagareforbundet.se\/gallivare\/wp-json\/wp\/v2\/media?parent=312"}],"curies":[{"name":"wp","href":"https:\/\/api.w.org\/{rel}","templated":true}]}}