{"id":316,"date":"2013-04-10T13:04:32","date_gmt":"2013-04-10T11:04:32","guid":{"rendered":"https:\/\/krets.jagareforbundet.se\/gallivare\/?page_id=316"},"modified":"2020-08-19T13:27:51","modified_gmt":"2020-08-19T11:27:51","slug":"jagarskolan","status":"publish","type":"page","link":"https:\/\/krets.jagareforbundet.se\/gallivare\/jagarskolan\/","title":{"rendered":"J\u00e4garskolan"},"content":{"rendered":"<p>&nbsp;<\/p>\n<p><img decoding=\"async\" src=\"http:\/\/www.studieframjandet.se\/Global\/Riksf%c3%b6rbundet\/Headers\/sfr-logo.png\" alt=\"http:\/\/www.studieframjandet.se\/\" \/><br \/>\n<span style=\"font-size: 1.17em\">G\u00e4llivare\/Malmberget<br \/>\n<\/span>F\u00f6reningsgatan 9<br \/>\n982 31 G\u00e4llivare<br \/>\n0970-551 80<br \/>\nE-post: <a href=\"mailto:gellivare%20[at]%20studieframjandet.se\">gellivare [at] studieframjandet.se<br \/>\n<\/a><a href=\"http:\/\/www.studieframjandet.se\/norrbotten\/Ovrigt\/Kontakt\/GallivareMalmberget\/\">Kontaktinformation till personalen i G\u00e4llvare\/Malmberget<br \/>\n<\/a><strong>J\u00e4garexamensbanan<br \/>\n<\/strong><\/p>\n<div class=\"_li\" id=\"u_0_j\">\n<div class=\"uiContextualLayerParent\" id=\"globalContainer\">\n<div class=\"fb_content clearfix \" id=\"content\" data-referrer=\"content\" data-veid=\"vc_29\">\n<div>\n<div class=\"clearfix _2pie\" id=\"mainContainer\">\n<div class=\"_5r-_ homeWiderContent homeFixedLayout groupJumpLayout groupLitestandClassicJumpLayout groupJumpLayoutCoverNewClip _1qkq _1ql0\" id=\"contentCol\">\n<div class=\"clearfix\" id=\"content_container\">\n<div class=\"_14i5 _1qkq _1qkx\" id=\"contentArea\">\n<div id=\"pagelet_group_\" data-referrer=\"pagelet_group_\" data-gt=\"{&quot;engagement&quot;:{&quot;eng_type&quot;:&quot;1&quot;,&quot;eng_src&quot;:&quot;15&quot;,&quot;eng_tid&quot;:&quot;&quot;,&quot;eng_data&quot;:[]}}\" data-veid=\"vc_30\">\n<div id=\"u_jsonp_4_14\">\n<div id=\"pagelet_group_mall\" data-referrer=\"pagelet_group_mall\" data-gt=\"{&quot;engagement&quot;:{&quot;eng_type&quot;:&quot;1&quot;,&quot;eng_src&quot;:&quot;15&quot;,&quot;eng_tid&quot;:&quot;&quot;,&quot;eng_data&quot;:[]}}\">\n<div>\n<div class=\"_5pcb\" id=\"group_mall_128436240518535\" aria-label=\"Nyhetsfl\u00f6de\" data-testid=\"newsFeedStream\" data-referrer=\"group_mall_128436240518535\">\n<div class=\"_4-u2 mbm _4mrt _5jmm _5pat _5v3q _7cqq _4-u8\" id=\"mall_post_3647710385257752:6:0\" aria-describedby=\"js_1w js_1x\" aria-labelledby=\"js_1v\" data-ftr=\"1\" data-fte=\"1\" data-insertion-position=\"12\">\n<div class=\"_3ccb _4pu6\" id=\"u_jsonp_4_2x\" data-gt=\"{&quot;type&quot;:&quot;click2canvas&quot;,&quot;fbsource&quot;:703,&quot;ref&quot;:&quot;nf_generic&quot;}\" data-ft=\"{&quot;tn&quot;:&quot;-R&quot;}\">\n<div class=\"_5pcr userContentWrapper\" data-ft=\"{&quot;tn&quot;:&quot;-R&quot;}\">\n<div>\n<div class=\"_4299\">\n<div class=\"_3w53\">\n<div>\n<div class=\"_4eek clearfix _4eez clearfix\" aria-label=\"Kommentar\" data-ft=\"{&quot;tn&quot;:&quot;R&quot;,&quot;ct&quot;:&quot;Y29tbWVudDozNjQ3NzEwMzg1MjU3NzUyXzM3MDg2MzQwMDkxNjUzODk=&quot;}\">\n<div>\n<div class=\"_42ef\">\n<div>\n<div class=\"_6c7i\">\n<div class=\"_680y\">\n<div class=\"_6cuy\">\n<div>\n<div class=\" _6qw3\" data-ft=\"{&quot;tn&quot;:&quot;K&quot;}\">\n<div class=\"_72vr\"><span dir=\"ltr\"><span class=\"_3l3x _1n4g\">Fredrik Westberg p\u00e5 tel: 0730-850562 eller Jessica \u00d6rn p\u00e5 tel: 0702-702181<\/span><\/span>, Malmberget-Koskullskulle Jakt- och Fiskev\u00e5rdsomr\u00e5de.<\/div>\n<\/div>\n<\/div>\n<\/div>\n<\/div>\n<\/div>\n<\/div>\n<\/div>\n<\/div>\n<\/div>\n<\/div>\n<\/div>\n<\/div>\n<\/div>\n<\/div>\n<\/div>\n<\/div>\n<\/div>\n<\/div>\n<\/div>\n<\/div>\n<\/div>\n<\/div>\n<\/div>\n<\/div>\n<\/div>\n<\/div>\n<\/div>\n<\/div>\n<\/div>\n<p>&nbsp;<\/p>\n","protected":false},"excerpt":{"rendered":"<p>&nbsp; G\u00e4llivare\/Malmberget F\u00f6reningsgatan 9 982 31 G\u00e4llivare 0970-551 80 E-post: gellivare [at] studieframjandet.se Kontaktinformation till personalen i G\u00e4llvare\/Malmberget J\u00e4garexamensbanan Fredrik Westberg p\u00e5 tel: 0730-850562 eller Jessica \u00d6rn p\u00e5 tel: 0702-702181, Malmberget-Koskullskulle Jakt- och Fiskev\u00e5rdsomr\u00e5de. &nbsp;<\/p>\n","protected":false},"author":89,"featured_media":0,"parent":0,"menu_order":0,"comment_status":"open","ping_status":"open","template":"","meta":{"footnotes":""},"class_list":["post-316","page","type-page","status-publish","hentry"],"_links":{"self":[{"href":"https:\/\/krets.jagareforbundet.se\/gallivare\/wp-json\/wp\/v2\/pages\/316","targetHints":{"allow":["GET"]}}],"collection":[{"href":"https:\/\/krets.jagareforbundet.se\/gallivare\/wp-json\/wp\/v2\/pages"}],"about":[{"href":"https:\/\/krets.jagareforbundet.se\/gallivare\/wp-json\/wp\/v2\/types\/page"}],"author":[{"embeddable":true,"href":"https:\/\/krets.jagareforbundet.se\/gallivare\/wp-json\/wp\/v2\/users\/89"}],"replies":[{"embeddable":true,"href":"https:\/\/krets.jagareforbundet.se\/gallivare\/wp-json\/wp\/v2\/comments?post=316"}],"version-history":[{"count":3,"href":"https:\/\/krets.jagareforbundet.se\/gallivare\/wp-json\/wp\/v2\/pages\/316\/revisions"}],"predecessor-version":[{"id":1310,"href":"https:\/\/krets.jagareforbundet.se\/gallivare\/wp-json\/wp\/v2\/pages\/316\/revisions\/1310"}],"wp:attachment":[{"href":"https:\/\/krets.jagareforbundet.se\/gallivare\/wp-json\/wp\/v2\/media?parent=316"}],"curies":[{"name":"wp","href":"https:\/\/api.w.org\/{rel}","templated":true}]}}