{"id":324,"date":"2013-04-10T13:26:56","date_gmt":"2013-04-10T11:26:56","guid":{"rendered":"https:\/\/krets.jagareforbundet.se\/gallivare\/?page_id=324"},"modified":"2013-05-21T08:20:14","modified_gmt":"2013-05-21T06:20:14","slug":"utbildningar","status":"publish","type":"page","link":"https:\/\/krets.jagareforbundet.se\/gallivare\/utbildningar\/","title":{"rendered":"Utbildningar"},"content":{"rendered":"<p><strong style=\"font-size: 1.17em;\">J\u00e4garef\u00f6rbundet Norrbotten,\u00a0<\/strong><strong style=\"font-size: 1.17em;\">Kronan A6, 974 42 Lule\u00e5<br \/>\n<\/strong><strong style=\"font-size: 1.17em;\">E-post: <a href=\"mailto:bd@jagareforbundet.se\">bd@jagareforbundet.se<br \/>\n<\/a><\/strong><strong style=\"font-size: 1.17em;\">Telefon: 0920-23 18 00<br \/>\n<\/strong><strong style=\"font-size: 1.17em;\">Fax: 0920-23 18 10<\/strong><\/p>\n<div>\n<ul>\n<ul>\n<li>\n<h2><a style=\"font-size: 13px;\" href=\"http:\/\/www.jagareforbundet.se\/Jagareforbundet-Norr\/Norrbotten\/Utbildning--jagarexamen\/Avlagga-prov-for-jagarexamen\/\">Avl\u00e4ggande av j\u00e4garexamensprov samt banor med fasta provdagar<\/a><\/h2>\n<\/li>\n<li>\u00a0<strong><strong><strong><a href=\"http:\/\/www.jagareforbundet.se\/Utbildning\/\">J\u00e4garef\u00f6rbundets centrala utbildningsida med inforamtion om kurser, tider och platser<\/a><\/strong><\/strong><\/strong><\/li>\n<\/ul>\n<\/ul>\n<div><\/div>\n<div><strong><span style=\"font-size: 1.17em;\">Studiefr\u00e4mjandet G\u00e4llivare\/Malmberget<br \/>\n<\/span>F\u00f6reningsgatan 9<\/strong><br \/>\n<strong>982 31 G\u00e4llivare<\/strong><br \/>\n<strong>0970-551 80<\/strong><br \/>\n<strong>E-post: <a href=\"mailto:gellivare%20[at]%20studieframjandet.se\">gellivare [at] studieframjandet.se<\/a><\/strong><\/div>\n<\/div>\n<p><strong><a href=\"http:\/\/www.studieframjandet.se\/norrbotten\/Ovrigt\/Kontakt\/GallivareMalmberget\/\">Kontaktinformation till personalen i G\u00e4llvare\/Malmberget<\/a><\/strong><\/p>\n<p>&nbsp;<\/p>\n<p>&nbsp;<\/p>\n","protected":false},"excerpt":{"rendered":"<p>J\u00e4garef\u00f6rbundet Norrbotten,\u00a0Kronan A6, 974 42 Lule\u00e5 E-post: bd@jagareforbundet.se Telefon: 0920-23 18 00 Fax: 0920-23 18 10 Avl\u00e4ggande av j\u00e4garexamensprov samt banor med fasta provdagar \u00a0J\u00e4garef\u00f6rbundets centrala utbildningsida med inforamtion om kurser, tider och platser Studiefr\u00e4mjandet G\u00e4llivare\/Malmberget F\u00f6reningsgatan 9 982 31 G\u00e4llivare 0970-551 80 E-post: gellivare [at] studieframjandet.se Kontaktinformation till personalen i G\u00e4llvare\/Malmberget &nbsp; &nbsp;<\/p>\n","protected":false},"author":89,"featured_media":0,"parent":0,"menu_order":0,"comment_status":"open","ping_status":"open","template":"","meta":{"footnotes":""},"class_list":["post-324","page","type-page","status-publish","hentry"],"_links":{"self":[{"href":"https:\/\/krets.jagareforbundet.se\/gallivare\/wp-json\/wp\/v2\/pages\/324","targetHints":{"allow":["GET"]}}],"collection":[{"href":"https:\/\/krets.jagareforbundet.se\/gallivare\/wp-json\/wp\/v2\/pages"}],"about":[{"href":"https:\/\/krets.jagareforbundet.se\/gallivare\/wp-json\/wp\/v2\/types\/page"}],"author":[{"embeddable":true,"href":"https:\/\/krets.jagareforbundet.se\/gallivare\/wp-json\/wp\/v2\/users\/89"}],"replies":[{"embeddable":true,"href":"https:\/\/krets.jagareforbundet.se\/gallivare\/wp-json\/wp\/v2\/comments?post=324"}],"version-history":[{"count":0,"href":"https:\/\/krets.jagareforbundet.se\/gallivare\/wp-json\/wp\/v2\/pages\/324\/revisions"}],"wp:attachment":[{"href":"https:\/\/krets.jagareforbundet.se\/gallivare\/wp-json\/wp\/v2\/media?parent=324"}],"curies":[{"name":"wp","href":"https:\/\/api.w.org\/{rel}","templated":true}]}}