{"id":439,"date":"2013-04-12T11:43:47","date_gmt":"2013-04-12T09:43:47","guid":{"rendered":"https:\/\/krets.jagareforbundet.se\/gallivare\/?page_id=439"},"modified":"2015-04-30T12:10:05","modified_gmt":"2015-04-30T10:10:05","slug":"bilder","status":"publish","type":"page","link":"https:\/\/krets.jagareforbundet.se\/gallivare\/bilder\/","title":{"rendered":"Bilder"},"content":{"rendered":"<dl class=\"wp-caption aligncenter\" style=\"width: 110px\">\n<dt class=\"wp-caption-dt\"><\/dt>\n<\/dl>\n<div id=\"attachment_1015\" style=\"width: 310px\" class=\"wp-caption aligncenter\"><a href=\"https:\/\/krets.jagareforbundet.se\/gallivare\/files\/2013\/04\/DSCN1585.jpg\"><img loading=\"lazy\" decoding=\"async\" aria-describedby=\"caption-attachment-1015\" class=\"wp-image-1015 size-medium\" src=\"https:\/\/krets.jagareforbundet.se\/gallivare\/files\/2013\/04\/DSCN1585-300x225.jpg\" alt=\"DSCN1585\" width=\"300\" height=\"225\" srcset=\"https:\/\/krets.jagareforbundet.se\/gallivare\/files\/2013\/04\/DSCN1585-300x225.jpg 300w, https:\/\/krets.jagareforbundet.se\/gallivare\/files\/2013\/04\/DSCN1585-1024x768.jpg 1024w, https:\/\/krets.jagareforbundet.se\/gallivare\/files\/2013\/04\/DSCN1585.jpg 2048w\" sizes=\"auto, (max-width: 300px) 100vw, 300px\" \/><\/a><p id=\"caption-attachment-1015\" class=\"wp-caption-text\">Predatort\u00e4vling 2015 Folke \u00c5hl &amp; Per Olausson<\/p><\/div>\n<div id=\"attachment_1016\" style=\"width: 310px\" class=\"wp-caption aligncenter\"><a href=\"https:\/\/krets.jagareforbundet.se\/gallivare\/files\/2013\/04\/DSCN1586.jpg\"><img loading=\"lazy\" decoding=\"async\" aria-describedby=\"caption-attachment-1016\" class=\"wp-image-1016 size-medium\" src=\"https:\/\/krets.jagareforbundet.se\/gallivare\/files\/2013\/04\/DSCN1586-300x225.jpg\" alt=\"DSCN1586\" width=\"300\" height=\"225\" srcset=\"https:\/\/krets.jagareforbundet.se\/gallivare\/files\/2013\/04\/DSCN1586-300x225.jpg 300w, https:\/\/krets.jagareforbundet.se\/gallivare\/files\/2013\/04\/DSCN1586-1024x768.jpg 1024w, https:\/\/krets.jagareforbundet.se\/gallivare\/files\/2013\/04\/DSCN1586.jpg 2048w\" sizes=\"auto, (max-width: 300px) 100vw, 300px\" \/><\/a><p id=\"caption-attachment-1016\" class=\"wp-caption-text\">Oredatort\u00e4vling 2015 Folke \u00c5hl &amp; Peter Nilsson<\/p><\/div>\n<div id=\"attachment_1019\" style=\"width: 310px\" class=\"wp-caption aligncenter\"><a href=\"https:\/\/krets.jagareforbundet.se\/gallivare\/files\/2013\/04\/DSCN1587.jpg\"><img loading=\"lazy\" decoding=\"async\" aria-describedby=\"caption-attachment-1019\" class=\"wp-image-1019 size-medium\" src=\"https:\/\/krets.jagareforbundet.se\/gallivare\/files\/2013\/04\/DSCN1587-300x225.jpg\" alt=\"DSCN1587\" width=\"300\" height=\"225\" srcset=\"https:\/\/krets.jagareforbundet.se\/gallivare\/files\/2013\/04\/DSCN1587-300x225.jpg 300w, https:\/\/krets.jagareforbundet.se\/gallivare\/files\/2013\/04\/DSCN1587-1024x768.jpg 1024w, https:\/\/krets.jagareforbundet.se\/gallivare\/files\/2013\/04\/DSCN1587.jpg 2048w\" sizes=\"auto, (max-width: 300px) 100vw, 300px\" \/><\/a><p id=\"caption-attachment-1019\" class=\"wp-caption-text\">Fr. v\u00e4nster i bild; Stig Olausson, Per Olausson, Peter Nilsson &amp; Folke \u00c5hl<\/p><\/div>\n<p>&nbsp;<\/p>\n<div id=\"attachment_984\" style=\"width: 310px\" class=\"wp-caption aligncenter\"><a href=\"https:\/\/krets.jagareforbundet.se\/gallivare\/files\/2015\/01\/P10131191.jpg\"><img loading=\"lazy\" decoding=\"async\" aria-describedby=\"caption-attachment-984\" class=\"wp-image-984 size-medium\" src=\"https:\/\/krets.jagareforbundet.se\/gallivare\/files\/2015\/01\/P10131191-300x225.jpg\" alt=\"OLYMPUS DIGITAL CAMERA\" width=\"300\" height=\"225\" srcset=\"https:\/\/krets.jagareforbundet.se\/gallivare\/files\/2015\/01\/P10131191-300x225.jpg 300w, https:\/\/krets.jagareforbundet.se\/gallivare\/files\/2015\/01\/P10131191-1024x768.jpg 1024w\" sizes=\"auto, (max-width: 300px) 100vw, 300px\" \/><\/a><p id=\"caption-attachment-984\" class=\"wp-caption-text\">Johan Trullsson, Predator t\u00e4vling 2014\/2015<\/p><\/div>\n<div id=\"attachment_983\" style=\"width: 310px\" class=\"wp-caption aligncenter\"><a href=\"https:\/\/krets.jagareforbundet.se\/gallivare\/files\/2015\/01\/P10131181.jpg\"><img loading=\"lazy\" decoding=\"async\" aria-describedby=\"caption-attachment-983\" class=\"wp-image-983 size-medium\" src=\"https:\/\/krets.jagareforbundet.se\/gallivare\/files\/2015\/01\/P10131181-300x225.jpg\" alt=\"OLYMPUS DIGITAL CAMERA\" width=\"300\" height=\"225\" srcset=\"https:\/\/krets.jagareforbundet.se\/gallivare\/files\/2015\/01\/P10131181-300x225.jpg 300w, https:\/\/krets.jagareforbundet.se\/gallivare\/files\/2015\/01\/P10131181-1024x768.jpg 1024w\" sizes=\"auto, (max-width: 300px) 100vw, 300px\" \/><\/a><p id=\"caption-attachment-983\" class=\"wp-caption-text\">Gr\u00e4vling, Predator t\u00e4vling 2014\/2015 Johan Trullsson<\/p><\/div>\n<p>&nbsp;<\/p>\n<div id=\"attachment_947\" style=\"width: 310px\" class=\"wp-caption aligncenter\"><a href=\"https:\/\/krets.jagareforbundet.se\/gallivare\/files\/2014\/08\/20140816_1236281.jpg\"><img loading=\"lazy\" decoding=\"async\" aria-describedby=\"caption-attachment-947\" class=\"wp-image-947 size-medium\" src=\"https:\/\/krets.jagareforbundet.se\/gallivare\/files\/2014\/08\/20140816_1236281-300x225.jpg\" alt=\"20140816_123628\" width=\"300\" height=\"225\" srcset=\"https:\/\/krets.jagareforbundet.se\/gallivare\/files\/2014\/08\/20140816_1236281-300x225.jpg 300w, https:\/\/krets.jagareforbundet.se\/gallivare\/files\/2014\/08\/20140816_1236281-1024x768.jpg 1024w\" sizes=\"auto, (max-width: 300px) 100vw, 300px\" \/><\/a><p id=\"caption-attachment-947\" class=\"wp-caption-text\">\u00d6ppet hus, 2014-08-16<\/p><\/div>\n<div id=\"attachment_944\" style=\"width: 310px\" class=\"wp-caption aligncenter\"><a href=\"https:\/\/krets.jagareforbundet.se\/gallivare\/files\/2014\/08\/20140816_123649.jpg\"><img loading=\"lazy\" decoding=\"async\" aria-describedby=\"caption-attachment-944\" class=\"wp-image-944 size-medium\" src=\"https:\/\/krets.jagareforbundet.se\/gallivare\/files\/2014\/08\/20140816_123649-300x225.jpg\" alt=\"20140816_123649\" width=\"300\" height=\"225\" srcset=\"https:\/\/krets.jagareforbundet.se\/gallivare\/files\/2014\/08\/20140816_123649-300x225.jpg 300w, https:\/\/krets.jagareforbundet.se\/gallivare\/files\/2014\/08\/20140816_123649-1024x768.jpg 1024w\" sizes=\"auto, (max-width: 300px) 100vw, 300px\" \/><\/a><p id=\"caption-attachment-944\" class=\"wp-caption-text\">\u00d6ppet hus 2014-08-16<\/p><\/div>\n<dl id=\"\" class=\"wp-caption aligncenter\" style=\"width: 310px\">\n<dt class=\"wp-caption-dt\"><a href=\"https:\/\/krets.jagareforbundet.se\/gallivare\/files\/2013\/04\/P1012928.jpg\"><img loading=\"lazy\" decoding=\"async\" class=\"size-medium wp-image-634\" title=\"P1012928\" src=\"https:\/\/krets.jagareforbundet.se\/gallivare\/files\/2013\/04\/P1012928-300x224.jpg\" alt=\"\" width=\"300\" height=\"224\" srcset=\"https:\/\/krets.jagareforbundet.se\/gallivare\/files\/2013\/04\/P1012928-300x224.jpg 300w, https:\/\/krets.jagareforbundet.se\/gallivare\/files\/2013\/04\/P1012928-1024x768.jpg 1024w\" sizes=\"auto, (max-width: 300px) 100vw, 300px\" \/><\/a><\/dt>\n<dd class=\"wp-caption-dd\">Ordf\u00f6rande, Michael Gustafsson &amp; Vice. Ordf\u00f6rande, Lennart \u00d6lvebo G\u00e4llivare Kretsen vid f\u00f6rel\u00e4sningen med Rasmus Bostr\u00f6m<\/dd>\n<\/dl>\n<dl id=\"\" class=\"wp-caption aligncenter\" style=\"width: 310px\">\n<dt class=\"wp-caption-dt\"><a href=\"https:\/\/krets.jagareforbundet.se\/gallivare\/files\/2013\/04\/P1012934.jpg\"><img loading=\"lazy\" decoding=\"async\" class=\"size-medium wp-image-629\" title=\"P1012934\" src=\"https:\/\/krets.jagareforbundet.se\/gallivare\/files\/2013\/04\/P1012934-300x224.jpg\" alt=\"\" width=\"300\" height=\"224\" srcset=\"https:\/\/krets.jagareforbundet.se\/gallivare\/files\/2013\/04\/P1012934-300x224.jpg 300w, https:\/\/krets.jagareforbundet.se\/gallivare\/files\/2013\/04\/P1012934-1024x768.jpg 1024w\" sizes=\"auto, (max-width: 300px) 100vw, 300px\" \/><\/a><\/dt>\n<dd class=\"wp-caption-dd\">F\u00f6rel\u00e4sning Rasmus Bostr\u00f6m<\/dd>\n<\/dl>\n<dl id=\"\" class=\"wp-caption aligncenter\" style=\"width: 310px\">\n<dt class=\"wp-caption-dt\"><a href=\"https:\/\/krets.jagareforbundet.se\/gallivare\/files\/2013\/04\/P1012932.jpg\"><img loading=\"lazy\" decoding=\"async\" class=\"size-medium wp-image-627\" title=\"P1012932\" src=\"https:\/\/krets.jagareforbundet.se\/gallivare\/files\/2013\/04\/P1012932-300x224.jpg\" alt=\"\" width=\"300\" height=\"224\" srcset=\"https:\/\/krets.jagareforbundet.se\/gallivare\/files\/2013\/04\/P1012932-300x224.jpg 300w, https:\/\/krets.jagareforbundet.se\/gallivare\/files\/2013\/04\/P1012932-1024x768.jpg 1024w\" sizes=\"auto, (max-width: 300px) 100vw, 300px\" \/><\/a><\/dt>\n<dd class=\"wp-caption-dd\">F\u00f6rel\u00e4sare Rasmus Bostr\u00f6m<\/dd>\n<\/dl>\n<dl id=\"attachment_625\" class=\"wp-caption aligncenter\" style=\"width: 310px\">\n<dt class=\"wp-caption-dt\"><a href=\"https:\/\/krets.jagareforbundet.se\/gallivare\/files\/2013\/04\/P1012936.jpg\"><img loading=\"lazy\" decoding=\"async\" class=\"size-medium wp-image-625 \" title=\"P1012936\" src=\"https:\/\/krets.jagareforbundet.se\/gallivare\/files\/2013\/04\/P1012936-300x224.jpg\" alt=\"\" width=\"300\" height=\"224\" srcset=\"https:\/\/krets.jagareforbundet.se\/gallivare\/files\/2013\/04\/P1012936-300x224.jpg 300w, https:\/\/krets.jagareforbundet.se\/gallivare\/files\/2013\/04\/P1012936-1024x768.jpg 1024w\" sizes=\"auto, (max-width: 300px) 100vw, 300px\" \/><\/a><\/dt>\n<dd class=\"wp-caption-dd\">Lotteridragning &#8221;Hundpejl&#8221; vid f\u00f6rel\u00e4sning med Rasmus Bostr\u00f6m<\/dd>\n<\/dl>\n<dl id=\"attachment_229\" class=\"wp-caption aligncenter\" style=\"width: 110px\">\n<dt class=\"wp-caption-dt\"><\/dt>\n<dd class=\"wp-caption-dd\"><\/dd>\n<\/dl>\n","protected":false},"excerpt":{"rendered":"<p>&nbsp; &nbsp; Ordf\u00f6rande, Michael Gustafsson &amp; Vice. Ordf\u00f6rande, Lennart \u00d6lvebo G\u00e4llivare Kretsen vid f\u00f6rel\u00e4sningen med Rasmus Bostr\u00f6m F\u00f6rel\u00e4sning Rasmus Bostr\u00f6m F\u00f6rel\u00e4sare Rasmus Bostr\u00f6m Lotteridragning &#8221;Hundpejl&#8221; vid f\u00f6rel\u00e4sning med Rasmus Bostr\u00f6m<\/p>\n","protected":false},"author":89,"featured_media":0,"parent":0,"menu_order":0,"comment_status":"open","ping_status":"open","template":"","meta":{"footnotes":""},"class_list":["post-439","page","type-page","status-publish","hentry"],"_links":{"self":[{"href":"https:\/\/krets.jagareforbundet.se\/gallivare\/wp-json\/wp\/v2\/pages\/439","targetHints":{"allow":["GET"]}}],"collection":[{"href":"https:\/\/krets.jagareforbundet.se\/gallivare\/wp-json\/wp\/v2\/pages"}],"about":[{"href":"https:\/\/krets.jagareforbundet.se\/gallivare\/wp-json\/wp\/v2\/types\/page"}],"author":[{"embeddable":true,"href":"https:\/\/krets.jagareforbundet.se\/gallivare\/wp-json\/wp\/v2\/users\/89"}],"replies":[{"embeddable":true,"href":"https:\/\/krets.jagareforbundet.se\/gallivare\/wp-json\/wp\/v2\/comments?post=439"}],"version-history":[{"count":0,"href":"https:\/\/krets.jagareforbundet.se\/gallivare\/wp-json\/wp\/v2\/pages\/439\/revisions"}],"wp:attachment":[{"href":"https:\/\/krets.jagareforbundet.se\/gallivare\/wp-json\/wp\/v2\/media?parent=439"}],"curies":[{"name":"wp","href":"https:\/\/api.w.org\/{rel}","templated":true}]}}