{"id":494,"date":"2017-09-19T09:50:48","date_gmt":"2017-09-19T07:50:48","guid":{"rendered":"https:\/\/krets.jagareforbundet.se\/gallivare\/?page_id=494"},"modified":"2023-01-16T14:49:56","modified_gmt":"2023-01-16T13:49:56","slug":"startsidan","status":"publish","type":"page","link":"https:\/\/krets.jagareforbundet.se\/gallivare\/","title":{"rendered":"Startsidan"},"content":{"rendered":"<p>&nbsp;<\/p>\n<p style=\"text-align: center\"><strong>V\u00e4lkommen till J\u00e4garef\u00f6rbundet G\u00e4llivare<br \/>\n<\/strong><br \/>\n<strong>jagareforbundet.gallivare@imeganet.se<\/strong><\/p>\n<h1 style=\"text-align: center\">\u00c5rsm\u00f6te 2023<\/h1>\n<p class=\"xmsonormal\" style=\"text-align: center\"><b><span style=\"font-size: 12.0pt;color: black\">\u00c5rsm\u00f6te J\u00e4garef\u00f6rbundets G\u00e4llivarekrets<\/span><\/b><\/p>\n<p class=\"xmsonormal\" style=\"text-align: center\"><b><span style=\"font-size: 12.0pt;color: black\">V\u00e4lkommen torsdag 23 februari kl 18:00, vi h\u00e5ller till \u201dMatsalen Kunskapshuset\u201d.<\/span><\/b><\/p>\n<hr \/>\n<p style=\"text-align: center\">P\u00e5 grund av \u00f6kade hyreskostnader, s\u00e5 st\u00e4ngs kontoret den sista Februari.<\/p>\n<p style=\"text-align: center\">Vid\u00a0 fr\u00e5gor, se styrelsens kontaktuppgifter under fliken kontakt.<\/p>\n<p style=\"text-align: center\">Email: jagareforbundet.gallivare@imeganet.se<\/p>\n<p style=\"text-align: center\">Facebook: Jagareforbundet Gallivare<\/p>\n<p>&nbsp;<\/p>\n<p style=\"text-align: center\"><img decoding=\"async\" src=\"https:\/\/tse3.mm.bing.net\/th?id=OIP.m_oA7JTng-xw4uddR8EyEgHaDP&amp;pid=15.1&amp;P=0&amp;w=208&amp;h=91\" \/><\/p>\n<p>&nbsp;<\/p>\n","protected":false},"excerpt":{"rendered":"<p>&nbsp; V\u00e4lkommen till J\u00e4garef\u00f6rbundet G\u00e4llivare jagareforbundet.gallivare@imeganet.se \u00c5rsm\u00f6te 2023 \u00c5rsm\u00f6te J\u00e4garef\u00f6rbundets G\u00e4llivarekrets V\u00e4lkommen torsdag 23 februari kl 18:00, vi h\u00e5ller till \u201dMatsalen Kunskapshuset\u201d. P\u00e5 grund av \u00f6kade hyreskostnader, s\u00e5 st\u00e4ngs kontoret den sista Februari. Vid\u00a0 fr\u00e5gor, se styrelsens kontaktuppgifter under fliken kontakt. Email: jagareforbundet.gallivare@imeganet.se Facebook: Jagareforbundet Gallivare &nbsp; &nbsp;<\/p>\n","protected":false},"author":3,"featured_media":0,"parent":814,"menu_order":0,"comment_status":"closed","ping_status":"closed","template":"","meta":{"footnotes":""},"class_list":["post-494","page","type-page","status-publish","hentry"],"_links":{"self":[{"href":"https:\/\/krets.jagareforbundet.se\/gallivare\/wp-json\/wp\/v2\/pages\/494","targetHints":{"allow":["GET"]}}],"collection":[{"href":"https:\/\/krets.jagareforbundet.se\/gallivare\/wp-json\/wp\/v2\/pages"}],"about":[{"href":"https:\/\/krets.jagareforbundet.se\/gallivare\/wp-json\/wp\/v2\/types\/page"}],"author":[{"embeddable":true,"href":"https:\/\/krets.jagareforbundet.se\/gallivare\/wp-json\/wp\/v2\/users\/3"}],"replies":[{"embeddable":true,"href":"https:\/\/krets.jagareforbundet.se\/gallivare\/wp-json\/wp\/v2\/comments?post=494"}],"version-history":[{"count":3,"href":"https:\/\/krets.jagareforbundet.se\/gallivare\/wp-json\/wp\/v2\/pages\/494\/revisions"}],"predecessor-version":[{"id":1320,"href":"https:\/\/krets.jagareforbundet.se\/gallivare\/wp-json\/wp\/v2\/pages\/494\/revisions\/1320"}],"up":[{"embeddable":true,"href":"https:\/\/krets.jagareforbundet.se\/gallivare\/wp-json\/wp\/v2\/pages\/814"}],"wp:attachment":[{"href":"https:\/\/krets.jagareforbundet.se\/gallivare\/wp-json\/wp\/v2\/media?parent=494"}],"curies":[{"name":"wp","href":"https:\/\/api.w.org\/{rel}","templated":true}]}}