{"id":143,"date":"2016-02-25T20:18:53","date_gmt":"2016-02-25T19:18:53","guid":{"rendered":"https:\/\/krets.jagareforbundet.se\/gavlenorra\/?page_id=143"},"modified":"2026-02-18T13:46:05","modified_gmt":"2026-02-18T12:46:05","slug":"cesiumrapport","status":"publish","type":"page","link":"https:\/\/krets.jagareforbundet.se\/gavlenorra\/cesiumrapport\/","title":{"rendered":"Cesiumrapport"},"content":{"rendered":"<p>Sedan\u00a0reaktorolyckan i Tjernobyl och det efterf\u00f6ljande nedfallet, 1986, har cesiumprover tagits av skjutet vilt i trakterna kring G\u00e4vle.<br \/>\nH\u00e4r kan du se diagram \u00f6ver Norra kretsen (14) och S\u00f6dra kretsen (15) samt Excelfiler med samtliga jaktlags inl\u00e4mnade prover.<\/p>\n<p><img loading=\"lazy\" decoding=\"async\" class=\"alignnone  wp-image-369\" src=\"https:\/\/krets.jagareforbundet.se\/gavlenorra\/files\/2026\/02\/Cesium-t.o.m.2025-Norra-och-Sodra-kretsen-Bild.png\" alt=\"\" width=\"883\" height=\"494\" srcset=\"https:\/\/krets.jagareforbundet.se\/gavlenorra\/files\/2026\/02\/Cesium-t.o.m.2025-Norra-och-Sodra-kretsen-Bild.png 981w, https:\/\/krets.jagareforbundet.se\/gavlenorra\/files\/2026\/02\/Cesium-t.o.m.2025-Norra-och-Sodra-kretsen-Bild-300x168.png 300w, https:\/\/krets.jagareforbundet.se\/gavlenorra\/files\/2026\/02\/Cesium-t.o.m.2025-Norra-och-Sodra-kretsen-Bild-768x430.png 768w\" sizes=\"auto, (max-width: 883px) 100vw, 883px\" \/><\/p>\n","protected":false},"excerpt":{"rendered":"<p>Sedan\u00a0reaktorolyckan i Tjernobyl och det efterf\u00f6ljande nedfallet, 1986, har cesiumprover tagits av skjutet vilt i trakterna kring G\u00e4vle. H\u00e4r kan du se diagram \u00f6ver Norra kretsen (14) och S\u00f6dra kretsen (15) samt Excelfiler med samtliga jaktlags inl\u00e4mnade prover.<\/p>\n","protected":false},"author":224,"featured_media":0,"parent":0,"menu_order":0,"comment_status":"closed","ping_status":"closed","template":"","meta":{"jetpack_post_was_ever_published":false,"footnotes":""},"class_list":["post-143","page","type-page","status-publish","hentry"],"_links":{"self":[{"href":"https:\/\/krets.jagareforbundet.se\/gavlenorra\/wp-json\/wp\/v2\/pages\/143","targetHints":{"allow":["GET"]}}],"collection":[{"href":"https:\/\/krets.jagareforbundet.se\/gavlenorra\/wp-json\/wp\/v2\/pages"}],"about":[{"href":"https:\/\/krets.jagareforbundet.se\/gavlenorra\/wp-json\/wp\/v2\/types\/page"}],"author":[{"embeddable":true,"href":"https:\/\/krets.jagareforbundet.se\/gavlenorra\/wp-json\/wp\/v2\/users\/224"}],"replies":[{"embeddable":true,"href":"https:\/\/krets.jagareforbundet.se\/gavlenorra\/wp-json\/wp\/v2\/comments?post=143"}],"version-history":[{"count":2,"href":"https:\/\/krets.jagareforbundet.se\/gavlenorra\/wp-json\/wp\/v2\/pages\/143\/revisions"}],"predecessor-version":[{"id":384,"href":"https:\/\/krets.jagareforbundet.se\/gavlenorra\/wp-json\/wp\/v2\/pages\/143\/revisions\/384"}],"wp:attachment":[{"href":"https:\/\/krets.jagareforbundet.se\/gavlenorra\/wp-json\/wp\/v2\/media?parent=143"}],"curies":[{"name":"wp","href":"https:\/\/api.w.org\/{rel}","templated":true}]}}