{"id":154,"date":"2016-02-25T20:34:10","date_gmt":"2016-02-25T19:34:10","guid":{"rendered":"https:\/\/krets.jagareforbundet.se\/gavlenorra\/?page_id=154"},"modified":"2026-02-18T13:17:50","modified_gmt":"2026-02-18T12:17:50","slug":"excelblad-norra-kretsen","status":"publish","type":"page","link":"https:\/\/krets.jagareforbundet.se\/gavlenorra\/cesiumrapport\/excelblad-norra-kretsen\/","title":{"rendered":"Varje jaktlag &#8211; Norra kretsen"},"content":{"rendered":"<p>Denna fil inneh\u00e5ller alla jaktlagen i Norra kretsen&#8217;s inrapporterade vilt.<\/p>\n<p>\u00d6ppna Excelbladet &#8211; OBS &#8211; tv\u00e5 flikar per jaktlag.<\/p>\n<p><a href=\"https:\/\/krets.jagareforbundet.se\/gavlenorra\/files\/2026\/02\/Cesium-Krets-Gavle-Norra-14-2025.xls\">Cesium Krets G\u00e4vle Norra 14-2025<\/a><\/p>\n","protected":false},"excerpt":{"rendered":"<p>Denna fil inneh\u00e5ller alla jaktlagen i Norra kretsen&#8217;s inrapporterade vilt. \u00d6ppna Excelbladet &#8211; OBS &#8211; tv\u00e5 flikar per jaktlag. Cesium Krets G\u00e4vle Norra 14-2025<\/p>\n","protected":false},"author":224,"featured_media":0,"parent":143,"menu_order":0,"comment_status":"closed","ping_status":"closed","template":"","meta":{"jetpack_post_was_ever_published":false,"footnotes":""},"class_list":["post-154","page","type-page","status-publish","hentry"],"_links":{"self":[{"href":"https:\/\/krets.jagareforbundet.se\/gavlenorra\/wp-json\/wp\/v2\/pages\/154","targetHints":{"allow":["GET"]}}],"collection":[{"href":"https:\/\/krets.jagareforbundet.se\/gavlenorra\/wp-json\/wp\/v2\/pages"}],"about":[{"href":"https:\/\/krets.jagareforbundet.se\/gavlenorra\/wp-json\/wp\/v2\/types\/page"}],"author":[{"embeddable":true,"href":"https:\/\/krets.jagareforbundet.se\/gavlenorra\/wp-json\/wp\/v2\/users\/224"}],"replies":[{"embeddable":true,"href":"https:\/\/krets.jagareforbundet.se\/gavlenorra\/wp-json\/wp\/v2\/comments?post=154"}],"version-history":[{"count":4,"href":"https:\/\/krets.jagareforbundet.se\/gavlenorra\/wp-json\/wp\/v2\/pages\/154\/revisions"}],"predecessor-version":[{"id":378,"href":"https:\/\/krets.jagareforbundet.se\/gavlenorra\/wp-json\/wp\/v2\/pages\/154\/revisions\/378"}],"up":[{"embeddable":true,"href":"https:\/\/krets.jagareforbundet.se\/gavlenorra\/wp-json\/wp\/v2\/pages\/143"}],"wp:attachment":[{"href":"https:\/\/krets.jagareforbundet.se\/gavlenorra\/wp-json\/wp\/v2\/media?parent=154"}],"curies":[{"name":"wp","href":"https:\/\/api.w.org\/{rel}","templated":true}]}}