{"id":2,"date":"2011-09-07T09:28:43","date_gmt":"2011-09-07T09:28:43","guid":{"rendered":"https:\/\/krets.jagareforbundet.se\/template\/?page_id=2"},"modified":"2024-11-12T06:41:30","modified_gmt":"2024-11-12T05:41:30","slug":"exempelsida","status":"publish","type":"page","link":"https:\/\/krets.jagareforbundet.se\/gavlenorra\/","title":{"rendered":"V\u00e4lkommen till G\u00e4vle Norra jaktv\u00e5rdskrets"},"content":{"rendered":"<div id=\"Page\">\n<div id=\"ContentArea\">\n<div id=\"Content\">\n<div id=\"PageContainer\">\n<div id=\"PageBodyContainerOEW\">\n<table style=\"height: 283px\" border=\"0\" width=\"743\" cellspacing=\"0\" cellpadding=\"0\">\n<tbody>\n<tr>\n<td class=\"center\" valign=\"top\">\n<div class=\"modules_center\">\n<div class=\"pagecontent\">\n<div class=\"page\" id=\"page_9385\">\n<div class=\"content\">\n<div class=\"paragraphs\">\n<div class=\"paragraph\">\n<div class=\"text\">Kretsen best\u00e5r av de 3 kommundelarna Hamr\u00e5nge, Hille och Norra Valbo. Omr\u00e5det gr\u00e4nsar mot H\u00e4lsingland i norr, mot havet i \u00f6ster och mot E16 i s\u00f6der. \u00a0Grannkretsar \u00e4r G\u00e4vle S\u00f6dra jaktv\u00e5rdskrets, Sandvikens Norra jaktv\u00e5rdskrets, Ockelbo jaktv\u00e5rdskrets och S\u00f6derhamns jaktv\u00e5rdskrets. G\u00e4vle Norra jaktv\u00e5rdskrets omfattar 41 jaktlag och ca 75.000ha och vi \u00e4r cirka 580 medlemmar under 2024.<\/div>\n<div class=\"text\">\u00a0<img loading=\"lazy\" decoding=\"async\" class=\"alignnone wp-image-202\" src=\"https:\/\/krets.jagareforbundet.se\/gavlenorra\/files\/2011\/09\/jagarforb2017_gop-212x300.png\" alt=\"\" width=\"304\" height=\"431\" srcset=\"https:\/\/krets.jagareforbundet.se\/gavlenorra\/files\/2011\/09\/jagarforb2017_gop-212x300.png 212w, https:\/\/krets.jagareforbundet.se\/gavlenorra\/files\/2011\/09\/jagarforb2017_gop-768x1086.png 768w, https:\/\/krets.jagareforbundet.se\/gavlenorra\/files\/2011\/09\/jagarforb2017_gop-724x1024.png 724w, https:\/\/krets.jagareforbundet.se\/gavlenorra\/files\/2011\/09\/jagarforb2017_gop.png 1508w\" sizes=\"auto, (max-width: 304px) 100vw, 304px\" \/><\/div>\n<\/div>\n<\/div>\n<\/div>\n<\/div>\n<\/div>\n<\/div>\n<\/td>\n<\/tr>\n<\/tbody>\n<\/table>\n<div data-tabs=\"timeline\" class=\"fb-page\" data-href=\"https:\/\/www.facebook.com\/gavle.norra\" data-width=\"500\" data-height=\"750\" data-small-header=\"false\" data-adapt-container-width=\"true\" data-hide-cover=\"false\" data-show-facepile=\"true\">\n<blockquote class=\"fb-xfbml-parse-ignore\" cite=\"https:\/\/www.facebook.com\/gavle.norra\"><p><a href=\"https:\/\/www.facebook.com\/gavle.norra\">G\u00e4vle Norra Jaktv\u00e5rdskrets<\/a><\/p><\/blockquote>\n<\/div>\n<\/div>\n<\/div>\n<\/div>\n<\/div>\n<\/div>\n","protected":false},"excerpt":{"rendered":"<p>Kretsen best\u00e5r av de 3 kommundelarna Hamr\u00e5nge, Hille och Norra Valbo. Omr\u00e5det gr\u00e4nsar mot H\u00e4lsingland i norr, mot havet i \u00f6ster och mot E16 i s\u00f6der. \u00a0Grannkretsar \u00e4r G\u00e4vle S\u00f6dra jaktv\u00e5rdskrets, Sandvikens Norra jaktv\u00e5rdskrets, Ockelbo jaktv\u00e5rdskrets och S\u00f6derhamns jaktv\u00e5rdskrets. G\u00e4vle Norra jaktv\u00e5rdskrets omfattar 41 jaktlag och ca 75.000ha och vi \u00e4r cirka 580 medlemmar under [&hellip;]<\/p>\n","protected":false},"author":3,"featured_media":0,"parent":0,"menu_order":0,"comment_status":"open","ping_status":"open","template":"","meta":{"jetpack_post_was_ever_published":false,"footnotes":""},"class_list":["post-2","page","type-page","status-publish","hentry"],"_links":{"self":[{"href":"https:\/\/krets.jagareforbundet.se\/gavlenorra\/wp-json\/wp\/v2\/pages\/2","targetHints":{"allow":["GET"]}}],"collection":[{"href":"https:\/\/krets.jagareforbundet.se\/gavlenorra\/wp-json\/wp\/v2\/pages"}],"about":[{"href":"https:\/\/krets.jagareforbundet.se\/gavlenorra\/wp-json\/wp\/v2\/types\/page"}],"author":[{"embeddable":true,"href":"https:\/\/krets.jagareforbundet.se\/gavlenorra\/wp-json\/wp\/v2\/users\/3"}],"replies":[{"embeddable":true,"href":"https:\/\/krets.jagareforbundet.se\/gavlenorra\/wp-json\/wp\/v2\/comments?post=2"}],"version-history":[{"count":3,"href":"https:\/\/krets.jagareforbundet.se\/gavlenorra\/wp-json\/wp\/v2\/pages\/2\/revisions"}],"predecessor-version":[{"id":348,"href":"https:\/\/krets.jagareforbundet.se\/gavlenorra\/wp-json\/wp\/v2\/pages\/2\/revisions\/348"}],"wp:attachment":[{"href":"https:\/\/krets.jagareforbundet.se\/gavlenorra\/wp-json\/wp\/v2\/media?parent=2"}],"curies":[{"name":"wp","href":"https:\/\/api.w.org\/{rel}","templated":true}]}}