{"id":228,"date":"2019-02-20T23:25:16","date_gmt":"2019-02-20T22:25:16","guid":{"rendered":"https:\/\/krets.jagareforbundet.se\/gavlenorra\/?page_id=228"},"modified":"2019-02-20T23:26:22","modified_gmt":"2019-02-20T22:26:22","slug":"cesium-foljesedel-viktig","status":"publish","type":"page","link":"https:\/\/krets.jagareforbundet.se\/gavlenorra\/cesium-foljesedel-viktig\/","title":{"rendered":"Cesium-f\u00f6ljesedel &#8211; VIKTIG!"},"content":{"rendered":"<p>Bifoga alltid denna f\u00f6ljesedel med provet du l\u00e4mnar in.<\/p>\n<p>Inl\u00e4mning p\u00e5 Calluna &#8211; Kryddstigen 14C (om ej \u00f6ppet finns en l\u00e5da utanf\u00f6r)<\/p>\n<p><a href=\"https:\/\/krets.jagareforbundet.se\/gavlenorra\/files\/2019\/02\/foljesedel_cesiumprov.xlsx\">F\u00f6ljesedel Cesiumprov &#8211; klicka h\u00e4r (\u00f6ppnas i Excel)<\/a><\/p>\n","protected":false},"excerpt":{"rendered":"<p>Bifoga alltid denna f\u00f6ljesedel med provet du l\u00e4mnar in. Inl\u00e4mning p\u00e5 Calluna &#8211; Kryddstigen 14C (om ej \u00f6ppet finns en l\u00e5da utanf\u00f6r) F\u00f6ljesedel Cesiumprov &#8211; klicka h\u00e4r (\u00f6ppnas i Excel)<\/p>\n","protected":false},"author":224,"featured_media":0,"parent":0,"menu_order":0,"comment_status":"closed","ping_status":"closed","template":"","meta":{"jetpack_post_was_ever_published":false,"footnotes":""},"class_list":["post-228","page","type-page","status-publish","hentry"],"_links":{"self":[{"href":"https:\/\/krets.jagareforbundet.se\/gavlenorra\/wp-json\/wp\/v2\/pages\/228","targetHints":{"allow":["GET"]}}],"collection":[{"href":"https:\/\/krets.jagareforbundet.se\/gavlenorra\/wp-json\/wp\/v2\/pages"}],"about":[{"href":"https:\/\/krets.jagareforbundet.se\/gavlenorra\/wp-json\/wp\/v2\/types\/page"}],"author":[{"embeddable":true,"href":"https:\/\/krets.jagareforbundet.se\/gavlenorra\/wp-json\/wp\/v2\/users\/224"}],"replies":[{"embeddable":true,"href":"https:\/\/krets.jagareforbundet.se\/gavlenorra\/wp-json\/wp\/v2\/comments?post=228"}],"version-history":[{"count":1,"href":"https:\/\/krets.jagareforbundet.se\/gavlenorra\/wp-json\/wp\/v2\/pages\/228\/revisions"}],"predecessor-version":[{"id":229,"href":"https:\/\/krets.jagareforbundet.se\/gavlenorra\/wp-json\/wp\/v2\/pages\/228\/revisions\/229"}],"wp:attachment":[{"href":"https:\/\/krets.jagareforbundet.se\/gavlenorra\/wp-json\/wp\/v2\/media?parent=228"}],"curies":[{"name":"wp","href":"https:\/\/api.w.org\/{rel}","templated":true}]}}