{"id":265,"date":"2023-10-29T00:41:27","date_gmt":"2023-10-28T22:41:27","guid":{"rendered":"https:\/\/krets.jagareforbundet.se\/gavlenorra\/?page_id=265"},"modified":"2023-10-29T00:47:46","modified_gmt":"2023-10-28T22:47:46","slug":"cesium-vildsvin","status":"publish","type":"page","link":"https:\/\/krets.jagareforbundet.se\/gavlenorra\/cesiumrapport\/cesium-vildsvin\/","title":{"rendered":"Cesium &#8211; Vildsvin"},"content":{"rendered":"<p>F\u00f6ljande data och sammanst\u00e4llning \u00e4r h\u00e4mtad fr\u00e5n G\u00e4vle S\u00f6dra Krets som ansvarar f\u00f6r insamlandet och sammanst\u00e4llandet av Vildsvinsm\u00e4tningar.<\/p>\n<h5><strong>Cesiumv\u00e4rden Vildsvin<br \/>\nI tillg\u00e4ngligt material av cesiumv\u00e4rden fr\u00e5n 474 f\u00e4llda vildsvin inom G\u00e4vle s\u00f6dra kretsen under tidsperioden 2019 tom 2022, kan vi konstatera de l\u00e4gsta medelv\u00e4rdena av cesium under \u00e5ret i tidsspannet juli-november. Dock f\u00f6rekommer enstaka avvikelser.\u00a0<b>\/\/<\/b>\u00a0A Persson G\u00e4vle S\u00f6dra krets.<br \/>\n<\/strong><\/h5>\n<p><b>\u00a0 \u00a0 \u00a0 \u00a0 \u00a0 2019<\/b><\/p>\n<ul>\n<li>Antal f\u00e4llda vildsvin\u00a0<b>67\u00a0<\/b><b>st<\/b><\/li>\n<li>Medelv\u00e4rdet 3770Bq<\/li>\n<li>H\u00f6gsta 19240 Bq<\/li>\n<li>L\u00e4gsta 302 Bq<\/li>\n<li>Godk\u00e4nda &lt; 1500Bq\u00a0<b>22\u00a0<\/b><b>s<\/b>t\u00a0\u00a0 32%<br \/>\n<b><br \/>\n2020<\/b><\/li>\n<li>Antal f\u00e4llda vildsvin\u00a0<b>94\u00a0<\/b><b>st<\/b><\/li>\n<li>Medelv\u00e4rdet 6089 Bq<\/li>\n<li>H\u00f6gsta 32400 Bq<\/li>\n<li>L\u00e4gsta 25 Bq<\/li>\n<li>Godk\u00e4nda &lt;1500Bq\u00a0<b>21\u00a0<\/b><b>s<\/b>t 22%<br \/>\n<b><br \/>\n2021<\/b><\/li>\n<li>Antal f\u00e4llda vildsvin\u00a0<b>161\u00a0<\/b><b>st<\/b><\/li>\n<li>Medelv\u00e4rde 5930 Bq<\/li>\n<li>H\u00f6gsta 29500Bq<\/li>\n<li>L\u00e4gsta 170 Bq<\/li>\n<li>Godk\u00e4nda &lt; 1500 Bq\u00a0<b>38\u00a0<\/b><b>st<\/b><b>\u00a0<\/b>24%<b>2022<\/b><\/li>\n<li>Antal f\u00e4llda vildsvin 152\u00a0<b>st<\/b><\/li>\n<li>Medelv\u00e4rde 4500 Bq<\/li>\n<li>H\u00f6gsta 31000 Bq<\/li>\n<li>L\u00e4gsta 99 Bq<\/li>\n<li>Godk\u00e4nda &lt; 1500Bq 5<b>9st<\/b>\u00a0\u00a0 39%<br \/>\n<h3>F\u00f6rdelning \u00f6ver \u00e5ret<\/h3>\n<\/li>\n<\/ul>\n<ul>\n<li>Dec-Mars 8243 Bq<\/li>\n<li>April- Juni 5816 Bq<\/li>\n<li>Juli- Sept 2023 Bq<\/li>\n<li>Okt- nov 1925 Bq<\/li>\n<\/ul>\n<p>&nbsp;<\/p>\n<h5>Cesium i vildsvinsk\u00f6tt<br \/>\nInneh\u00e5llet av cesium-137 i vildsvinsk\u00f6tt varierar bland djur skjutna inom samma omr\u00e5de. F\u00f6r att ta reda p\u00e5 cesiumhalten m\u00e5ste d\u00e4rf\u00f6r varje skjutet vildsvin analyseras.<\/h5>\n<h5>H\u00e4lsorisker med cesium<br \/>\nCesium avger s\u00e5 kallad joniserande str\u00e5lning som kan \u00f6ka risken f\u00f6r att drabbas av cancer. M\u00e4ngden joniserande str\u00e5lning som vildsvinsk\u00f6tt kan bidra med via maten \u00e4r f\u00f6r de allra flesta liten j\u00e4mf\u00f6rt med den naturliga bakgrundsstr\u00e5lningen, som vi uts\u00e4tts f\u00f6r. F\u00f6r att minska de negativa h\u00e4lsoeffekterna b\u00f6r den str\u00e5lning vi uts\u00e4tts f\u00f6r h\u00e5llas s\u00e5 l\u00e5g som m\u00f6jligt. \u00c4ven om du vid n\u00e5gra tillf\u00e4llen skulle \u00e4ta vildsvinsk\u00f6tt med h\u00f6ga halter av cesium s\u00e5 \u00e4r h\u00e4lsorisken vad vi vet i dag fortfarande l\u00e5g.<\/h5>\n<h5>R\u00e5d<br \/>\n<strong>Det \u00e4r framf\u00f6rallt k\u00f6tt fr\u00e5n vildsvin som \u00e4r skjutet i vissa geografiska omr\u00e5den i V\u00e4stmanlands, Uppsala och G\u00e4vleborgs l\u00e4n som kan inneh\u00e5lla h\u00f6ga cesiumhalter.<\/strong><br \/>\n<strong>F\u00f6r livsmedel som inneh\u00e5ller cesium finns f\u00f6ljande r\u00e5d:<br \/>\n<\/strong><strong>&#8211; 300 till 1500 Bq\/kg b\u00f6r inte \u00e4tas oftare \u00e4n n\u00e5gra g\u00e5nger i veckan.<br \/>\n<\/strong><strong>&#8211; 1500 till 3000 Bq\/kg b\u00f6r inte \u00e4tas oftare \u00e4n n\u00e5gra g\u00e5nger i m\u00e5naden.<br \/>\n<\/strong><strong>&#8211; \u00f6ver 10 000 Bq\/kg b\u00f6r inte \u00e4tas alls.<\/strong><\/h5>\n","protected":false},"excerpt":{"rendered":"<p>F\u00f6ljande data och sammanst\u00e4llning \u00e4r h\u00e4mtad fr\u00e5n G\u00e4vle S\u00f6dra Krets som ansvarar f\u00f6r insamlandet och sammanst\u00e4llandet av Vildsvinsm\u00e4tningar. Cesiumv\u00e4rden Vildsvin I tillg\u00e4ngligt material av cesiumv\u00e4rden fr\u00e5n 474 f\u00e4llda vildsvin inom G\u00e4vle s\u00f6dra kretsen under tidsperioden 2019 tom 2022, kan vi konstatera de l\u00e4gsta medelv\u00e4rdena av cesium under \u00e5ret i tidsspannet juli-november. Dock f\u00f6rekommer enstaka avvikelser.\u00a0\/\/\u00a0A [&hellip;]<\/p>\n","protected":false},"author":224,"featured_media":0,"parent":143,"menu_order":0,"comment_status":"closed","ping_status":"closed","template":"","meta":{"jetpack_post_was_ever_published":false,"footnotes":""},"class_list":["post-265","page","type-page","status-publish","hentry"],"_links":{"self":[{"href":"https:\/\/krets.jagareforbundet.se\/gavlenorra\/wp-json\/wp\/v2\/pages\/265","targetHints":{"allow":["GET"]}}],"collection":[{"href":"https:\/\/krets.jagareforbundet.se\/gavlenorra\/wp-json\/wp\/v2\/pages"}],"about":[{"href":"https:\/\/krets.jagareforbundet.se\/gavlenorra\/wp-json\/wp\/v2\/types\/page"}],"author":[{"embeddable":true,"href":"https:\/\/krets.jagareforbundet.se\/gavlenorra\/wp-json\/wp\/v2\/users\/224"}],"replies":[{"embeddable":true,"href":"https:\/\/krets.jagareforbundet.se\/gavlenorra\/wp-json\/wp\/v2\/comments?post=265"}],"version-history":[{"count":2,"href":"https:\/\/krets.jagareforbundet.se\/gavlenorra\/wp-json\/wp\/v2\/pages\/265\/revisions"}],"predecessor-version":[{"id":267,"href":"https:\/\/krets.jagareforbundet.se\/gavlenorra\/wp-json\/wp\/v2\/pages\/265\/revisions\/267"}],"up":[{"embeddable":true,"href":"https:\/\/krets.jagareforbundet.se\/gavlenorra\/wp-json\/wp\/v2\/pages\/143"}],"wp:attachment":[{"href":"https:\/\/krets.jagareforbundet.se\/gavlenorra\/wp-json\/wp\/v2\/media?parent=265"}],"curies":[{"name":"wp","href":"https:\/\/api.w.org\/{rel}","templated":true}]}}