{"id":125,"date":"2013-02-26T17:33:04","date_gmt":"2013-02-26T16:33:04","guid":{"rendered":"https:\/\/krets.jagareforbundet.se\/gnosjo\/?page_id=125"},"modified":"2026-03-23T23:44:31","modified_gmt":"2026-03-23T22:44:31","slug":"styrelsen","status":"publish","type":"page","link":"https:\/\/krets.jagareforbundet.se\/gnosjo\/styrelsen\/","title":{"rendered":"7. Styrelsen"},"content":{"rendered":"<p><strong>Ordf\u00f6rande:<\/strong> Lars\u00c5ke Magnusson, Tel.: 076-5479393<\/p>\n<p><strong>Sekreterare:<\/strong> Hugo Fr\u00f6jd<\/p>\n<p><strong>Kass\u00f6r: <\/strong><a href=\"ulf.barkman@gmail.com\"><span style=\"color: #333333\">Ulf Barkman<\/span><\/a>, Tel.: 070-55 75 189<\/p>\n<p><strong>Ledamot:<\/strong> Mona Melin<\/p>\n<p><strong>Ledamot:<\/strong> Hugo Fr\u00f6jd<\/p>\n<p><strong>Ledamot:<\/strong> Gustav Kjellin Fransson<\/p>\n<p><strong>Ledamot:<\/strong> Micke Kreuger<\/p>\n<p><strong>Ledamot:<\/strong> Kristofer Rajkovic<\/p>\n<p><strong>Ledamot:<\/strong>Magnus Magnusson<\/p>\n<p><strong>Suppleant:<\/strong> Per Johansson<\/p>\n<p><strong>Suppleant: <\/strong>Morgan Svensson<\/p>\n<p><strong>Rovviltsrapport\u00f6r:<\/strong> Magnus Magnusson o Raymond Dziobeck,<\/p>\n<p><strong>Ungdomsansvarig<\/strong>: Morgan Svensson och Henric Lundvall<\/p>\n<p><strong>Hundansvarig<\/strong>: Efraim Josefsson och Kristofer Rajkovic<\/p>\n<p><strong>JAQT<\/strong>: Mona Melin<\/p>\n<p>&nbsp;<\/p>\n<p><strong>L\u00e4nsf\u00f6rbundsrepresentant: <a href=\"la.magnusson@telia.com\">Lars-\u00c5ke Magnusson<\/a>, <\/strong>Tel,:076-54 79 393<\/p>\n<p><strong>Valberedning\u00a0 <\/strong>(25-26)<\/p>\n<p>Bengt G\u00f6ran Fransson<\/p>\n<p>P\u00e4r Johansson<\/p>\n<p>&nbsp;<\/p>\n<p>&nbsp;<\/p>\n","protected":false},"excerpt":{"rendered":"<p>Ordf\u00f6rande: Lars\u00c5ke Magnusson, Tel.: 076-5479393 Sekreterare: Hugo Fr\u00f6jd Kass\u00f6r: Ulf Barkman, Tel.: 070-55 75 189 Ledamot: Mona Melin Ledamot: Hugo Fr\u00f6jd Ledamot: Gustav Kjellin Fransson Ledamot: Micke Kreuger Ledamot: Kristofer Rajkovic Ledamot:Magnus Magnusson Suppleant: Per Johansson Suppleant: Morgan Svensson Rovviltsrapport\u00f6r: Magnus Magnusson o Raymond Dziobeck, Ungdomsansvarig: Morgan Svensson och Henric Lundvall Hundansvarig: Efraim Josefsson och [&hellip;]<\/p>\n","protected":false},"author":72,"featured_media":0,"parent":0,"menu_order":0,"comment_status":"open","ping_status":"open","template":"","meta":{"footnotes":""},"class_list":["post-125","page","type-page","status-publish","hentry"],"_links":{"self":[{"href":"https:\/\/krets.jagareforbundet.se\/gnosjo\/wp-json\/wp\/v2\/pages\/125","targetHints":{"allow":["GET"]}}],"collection":[{"href":"https:\/\/krets.jagareforbundet.se\/gnosjo\/wp-json\/wp\/v2\/pages"}],"about":[{"href":"https:\/\/krets.jagareforbundet.se\/gnosjo\/wp-json\/wp\/v2\/types\/page"}],"author":[{"embeddable":true,"href":"https:\/\/krets.jagareforbundet.se\/gnosjo\/wp-json\/wp\/v2\/users\/72"}],"replies":[{"embeddable":true,"href":"https:\/\/krets.jagareforbundet.se\/gnosjo\/wp-json\/wp\/v2\/comments?post=125"}],"version-history":[{"count":3,"href":"https:\/\/krets.jagareforbundet.se\/gnosjo\/wp-json\/wp\/v2\/pages\/125\/revisions"}],"predecessor-version":[{"id":910,"href":"https:\/\/krets.jagareforbundet.se\/gnosjo\/wp-json\/wp\/v2\/pages\/125\/revisions\/910"}],"wp:attachment":[{"href":"https:\/\/krets.jagareforbundet.se\/gnosjo\/wp-json\/wp\/v2\/media?parent=125"}],"curies":[{"name":"wp","href":"https:\/\/api.w.org\/{rel}","templated":true}]}}