{"id":131,"date":"2013-02-27T07:56:33","date_gmt":"2013-02-27T06:56:33","guid":{"rendered":"https:\/\/krets.jagareforbundet.se\/gnosjo\/?page_id=131"},"modified":"2026-04-16T19:18:27","modified_gmt":"2026-04-16T17:18:27","slug":"skytte","status":"publish","type":"page","link":"https:\/\/krets.jagareforbundet.se\/gnosjo\/skytte\/","title":{"rendered":"5. Skytte"},"content":{"rendered":"<p>&nbsp;<\/p>\n<p><a href=\"https:\/\/krets.jagareforbundet.se\/gnosjo\/files\/2025\/07\/Skytte-scaled.jpeg\"><img loading=\"lazy\" decoding=\"async\" class=\"alignleft size-full wp-image-796\" src=\"https:\/\/krets.jagareforbundet.se\/gnosjo\/files\/2025\/07\/Skytte-scaled.jpeg\" alt=\"\" width=\"1920\" height=\"2560\" srcset=\"https:\/\/krets.jagareforbundet.se\/gnosjo\/files\/2025\/07\/Skytte-scaled.jpeg 1920w, https:\/\/krets.jagareforbundet.se\/gnosjo\/files\/2025\/07\/Skytte-225x300.jpeg 225w, https:\/\/krets.jagareforbundet.se\/gnosjo\/files\/2025\/07\/Skytte-768x1024.jpeg 768w, https:\/\/krets.jagareforbundet.se\/gnosjo\/files\/2025\/07\/Skytte-1152x1536.jpeg 1152w, https:\/\/krets.jagareforbundet.se\/gnosjo\/files\/2025\/07\/Skytte-1536x2048.jpeg 1536w\" sizes=\"auto, (max-width: 1920px) 100vw, 1920px\" \/><\/a><\/p>\n<p>&nbsp;<\/p>\n<p>&nbsp;<\/p>\n<p>&nbsp;<\/p>\n<p>&nbsp;<\/p>\n<p>&nbsp;<\/p>\n<p>&nbsp;<\/p>\n<p>&nbsp;<\/p>\n<p>&nbsp;<\/p>\n<p>&nbsp;<\/p>\n<p>Tr\u00e4ning och de olika skytte\u00f6vningarna med datum och tid p\u00e5 &#8221;Skjutbanan Gullstensmo&#8221;<\/p>\n<p><a href=\"https:\/\/krets.jagareforbundet.se\/gnosjo\/files\/2026\/04\/Skjutprogram-Algbanan-2026.pdf\">Skjutprogram A\u0308lgbanan 2026<\/a><\/p>\n<p><a href=\"https:\/\/krets.jagareforbundet.se\/gnosjo\/files\/2026\/04\/Oppettider-Gullstensmo-2026-1.pdf\">O\u0308ppettider Gullstensmo 2026<\/a><\/p>\n<p>&nbsp;<\/p>\n<p>Karta f\u00f6r att hitta till Gullstensmo, skjutbana som ligger nordv\u00e4st om Gnosj\u00f6.<\/p>\n<p><a href=\"http:\/\/kartor.eniro.se\/m\/nqbX3\">Karta<\/a><\/p>\n<p>&nbsp;<\/p>\n","protected":false},"excerpt":{"rendered":"<p>&nbsp; &nbsp; &nbsp; &nbsp; &nbsp; &nbsp; &nbsp; &nbsp; &nbsp; &nbsp; Tr\u00e4ning och de olika skytte\u00f6vningarna med datum och tid p\u00e5 &#8221;Skjutbanan Gullstensmo&#8221; Skjutprogram A\u0308lgbanan 2026 O\u0308ppettider Gullstensmo 2026 &nbsp; Karta f\u00f6r att hitta till Gullstensmo, skjutbana som ligger nordv\u00e4st om Gnosj\u00f6. Karta &nbsp;<\/p>\n","protected":false},"author":72,"featured_media":0,"parent":0,"menu_order":0,"comment_status":"open","ping_status":"open","template":"","meta":{"footnotes":""},"class_list":["post-131","page","type-page","status-publish","hentry"],"_links":{"self":[{"href":"https:\/\/krets.jagareforbundet.se\/gnosjo\/wp-json\/wp\/v2\/pages\/131","targetHints":{"allow":["GET"]}}],"collection":[{"href":"https:\/\/krets.jagareforbundet.se\/gnosjo\/wp-json\/wp\/v2\/pages"}],"about":[{"href":"https:\/\/krets.jagareforbundet.se\/gnosjo\/wp-json\/wp\/v2\/types\/page"}],"author":[{"embeddable":true,"href":"https:\/\/krets.jagareforbundet.se\/gnosjo\/wp-json\/wp\/v2\/users\/72"}],"replies":[{"embeddable":true,"href":"https:\/\/krets.jagareforbundet.se\/gnosjo\/wp-json\/wp\/v2\/comments?post=131"}],"version-history":[{"count":3,"href":"https:\/\/krets.jagareforbundet.se\/gnosjo\/wp-json\/wp\/v2\/pages\/131\/revisions"}],"predecessor-version":[{"id":947,"href":"https:\/\/krets.jagareforbundet.se\/gnosjo\/wp-json\/wp\/v2\/pages\/131\/revisions\/947"}],"wp:attachment":[{"href":"https:\/\/krets.jagareforbundet.se\/gnosjo\/wp-json\/wp\/v2\/media?parent=131"}],"curies":[{"name":"wp","href":"https:\/\/api.w.org\/{rel}","templated":true}]}}