{"id":140,"date":"2013-02-27T08:06:12","date_gmt":"2013-02-27T07:06:12","guid":{"rendered":"https:\/\/krets.jagareforbundet.se\/gnosjo\/?page_id=140"},"modified":"2026-03-23T23:12:21","modified_gmt":"2026-03-23T22:12:21","slug":"jagarexamen","status":"publish","type":"page","link":"https:\/\/krets.jagareforbundet.se\/gnosjo\/jagarexamen\/","title":{"rendered":"6. J\u00e4garexamen"},"content":{"rendered":"<p>Kursen har fortsatt nu under vinter och v\u00e5rkanten, nu i mars med teoriproven.<\/p>\n<p>&nbsp;<\/p>\n<p>I april kommer den praktiska delen Jaktskytte p\u00e5b\u00f6rjas.<\/p>\n<p>B\u00f6rjar med hagelskytte ute p\u00e5 Gullstensmo.<\/p>\n<p>&nbsp;<\/p>\n<p><a href=\"https:\/\/krets.jagareforbundet.se\/gnosjo\/files\/2026\/03\/Jagarexamen.jpg\"><img loading=\"lazy\" decoding=\"async\" class=\"alignleft size-full wp-image-902\" src=\"https:\/\/krets.jagareforbundet.se\/gnosjo\/files\/2026\/03\/Jagarexamen.jpg\" alt=\"\" width=\"750\" height=\"1050\" srcset=\"https:\/\/krets.jagareforbundet.se\/gnosjo\/files\/2026\/03\/Jagarexamen.jpg 750w, https:\/\/krets.jagareforbundet.se\/gnosjo\/files\/2026\/03\/Jagarexamen-214x300.jpg 214w, https:\/\/krets.jagareforbundet.se\/gnosjo\/files\/2026\/03\/Jagarexamen-731x1024.jpg 731w\" sizes=\"auto, (max-width: 750px) 100vw, 750px\" \/><\/a><\/p>\n<p>&nbsp;<\/p>\n<p>&nbsp;<\/p>\n<p>&nbsp;<\/p>\n<p>&nbsp;<\/p>\n<p>&nbsp;<\/p>\n<p>&nbsp;<\/p>\n<p>&nbsp;<\/p>\n<p>&nbsp;<\/p>\n","protected":false},"excerpt":{"rendered":"<p>Kursen har fortsatt nu under vinter och v\u00e5rkanten, nu i mars med teoriproven. &nbsp; I april kommer den praktiska delen Jaktskytte p\u00e5b\u00f6rjas. B\u00f6rjar med hagelskytte ute p\u00e5 Gullstensmo. &nbsp; &nbsp; &nbsp; &nbsp; &nbsp; &nbsp; &nbsp; &nbsp; &nbsp;<\/p>\n","protected":false},"author":72,"featured_media":0,"parent":0,"menu_order":0,"comment_status":"open","ping_status":"open","template":"","meta":{"footnotes":""},"class_list":["post-140","page","type-page","status-publish","hentry"],"_links":{"self":[{"href":"https:\/\/krets.jagareforbundet.se\/gnosjo\/wp-json\/wp\/v2\/pages\/140","targetHints":{"allow":["GET"]}}],"collection":[{"href":"https:\/\/krets.jagareforbundet.se\/gnosjo\/wp-json\/wp\/v2\/pages"}],"about":[{"href":"https:\/\/krets.jagareforbundet.se\/gnosjo\/wp-json\/wp\/v2\/types\/page"}],"author":[{"embeddable":true,"href":"https:\/\/krets.jagareforbundet.se\/gnosjo\/wp-json\/wp\/v2\/users\/72"}],"replies":[{"embeddable":true,"href":"https:\/\/krets.jagareforbundet.se\/gnosjo\/wp-json\/wp\/v2\/comments?post=140"}],"version-history":[{"count":3,"href":"https:\/\/krets.jagareforbundet.se\/gnosjo\/wp-json\/wp\/v2\/pages\/140\/revisions"}],"predecessor-version":[{"id":903,"href":"https:\/\/krets.jagareforbundet.se\/gnosjo\/wp-json\/wp\/v2\/pages\/140\/revisions\/903"}],"wp:attachment":[{"href":"https:\/\/krets.jagareforbundet.se\/gnosjo\/wp-json\/wp\/v2\/media?parent=140"}],"curies":[{"name":"wp","href":"https:\/\/api.w.org\/{rel}","templated":true}]}}