{"id":2,"date":"2011-09-07T09:28:43","date_gmt":"2011-09-07T09:28:43","guid":{"rendered":"https:\/\/krets.jagareforbundet.se\/template\/?page_id=2"},"modified":"2026-05-12T16:41:22","modified_gmt":"2026-05-12T14:41:22","slug":"exempelsida","status":"publish","type":"page","link":"https:\/\/krets.jagareforbundet.se\/gnosjo\/","title":{"rendered":"Gnosj\u00f6"},"content":{"rendered":"<p><a href=\"https:\/\/krets.jagareforbundet.se\/gnosjo\/files\/2026\/05\/2026-05-12_15h48_05.jpg\"><img loading=\"lazy\" decoding=\"async\" class=\"alignleft size-full wp-image-954\" src=\"https:\/\/krets.jagareforbundet.se\/gnosjo\/files\/2026\/05\/2026-05-12_15h48_05.jpg\" alt=\"\" width=\"1026\" height=\"269\" srcset=\"https:\/\/krets.jagareforbundet.se\/gnosjo\/files\/2026\/05\/2026-05-12_15h48_05.jpg 1026w, https:\/\/krets.jagareforbundet.se\/gnosjo\/files\/2026\/05\/2026-05-12_15h48_05-300x79.jpg 300w, https:\/\/krets.jagareforbundet.se\/gnosjo\/files\/2026\/05\/2026-05-12_15h48_05-1024x268.jpg 1024w, https:\/\/krets.jagareforbundet.se\/gnosjo\/files\/2026\/05\/2026-05-12_15h48_05-768x201.jpg 768w\" sizes=\"auto, (max-width: 1026px) 100vw, 1026px\" \/><\/a><a href=\"https:\/\/krets.jagareforbundet.se\/gnosjo\/files\/2026\/05\/2026-05-12_16h20_30.jpg\"><img loading=\"lazy\" decoding=\"async\" class=\"alignleft wp-image-956\" src=\"https:\/\/krets.jagareforbundet.se\/gnosjo\/files\/2026\/05\/2026-05-12_16h20_30.jpg\" alt=\"\" width=\"417\" height=\"587\" srcset=\"https:\/\/krets.jagareforbundet.se\/gnosjo\/files\/2026\/05\/2026-05-12_16h20_30.jpg 434w, https:\/\/krets.jagareforbundet.se\/gnosjo\/files\/2026\/05\/2026-05-12_16h20_30-213x300.jpg 213w\" sizes=\"auto, (max-width: 417px) 100vw, 417px\" \/><\/a><\/p>\n<p>&nbsp;<\/p>\n<p>&nbsp;<\/p>\n<h3><\/h3>\n<p>&nbsp;<\/p>\n<h3><\/h3>\n<p>&nbsp;<\/p>\n<p style=\"margin: 0cm\"><span style=\"font-family: 'system-ui',serif\">Kretsm\u00e4sterskap i Viltsp\u00e5r\u00a0<\/span><\/p>\n<p style=\"margin: 0cm\"><span style=\"font-family: 'system-ui',serif\">Gnosj\u00f6 jaktv\u00e5rdskrets h\u00f6ll 1\/5-2026 Kretsm\u00e4sterskap i Viltsp\u00e5rning i skogarna runt K\u00e4vsj\u00f6. <\/span><\/p>\n<p style=\"margin: 0cm\"><span style=\"font-family: 'system-ui',serif\">\u00c5tta ekipage kom till start, det var en utmaning f\u00f6r hundarna med det varma och torra v\u00e4dret, <\/span><\/p>\n<p style=\"margin: 0cm\"><span style=\"font-family: 'system-ui',serif\">allt fr\u00e5n Tax till Gr\u00e5hund startade f\u00f6r domarna Bengt, Nicklas och Marie. <\/span><\/p>\n<p>&nbsp;<\/p>\n<p style=\"margin: 0cm\"><span style=\"font-family: 'system-ui',serif\">Vinnare blev Gr\u00e5hunden Allan med hundf\u00f6raren Toni Lindroth, som d\u00e4rmed g\u00e5r vidare till <\/span><\/p>\n<p style=\"margin: 0cm\"><span style=\"font-family: 'system-ui',serif\">L\u00e4nsm\u00e4sterskapet i Tran\u00e5s 24\/5.\u00a0 \u00a0Tv\u00e5a Andreas Glad och trea Lars-\u00c5ke Magnusson. <\/span><\/p>\n<p style=\"margin: 0cm\"><span style=\"font-family: 'system-ui',serif\">Stort tack till Efraim och Bengt f\u00f6r allt arbete.<\/span><\/p>\n<p><a href=\"https:\/\/krets.jagareforbundet.se\/gnosjo\/files\/2026\/05\/2026-05-12_16h23_25.jpg\"><img loading=\"lazy\" decoding=\"async\" class=\"alignleft wp-image-957\" src=\"https:\/\/krets.jagareforbundet.se\/gnosjo\/files\/2026\/05\/2026-05-12_16h23_25.jpg\" alt=\"\" width=\"532\" height=\"337\" srcset=\"https:\/\/krets.jagareforbundet.se\/gnosjo\/files\/2026\/05\/2026-05-12_16h23_25.jpg 541w, https:\/\/krets.jagareforbundet.se\/gnosjo\/files\/2026\/05\/2026-05-12_16h23_25-300x190.jpg 300w\" sizes=\"auto, (max-width: 532px) 100vw, 532px\" \/><\/a><\/p>\n<p>&nbsp;<\/p>\n<p>&nbsp;<\/p>\n<p>&nbsp;<\/p>\n<p>&nbsp;<\/p>\n<p>&nbsp;<\/p>\n<p>&nbsp;<\/p>\n<p>&nbsp;<\/p>\n<p>&nbsp;<\/p>\n<p>&nbsp;<\/p>\n<p>&nbsp;<\/p>\n","protected":false},"excerpt":{"rendered":"<p>&nbsp; &nbsp; &nbsp; &nbsp; Kretsm\u00e4sterskap i Viltsp\u00e5r\u00a0 Gnosj\u00f6 jaktv\u00e5rdskrets h\u00f6ll 1\/5-2026 Kretsm\u00e4sterskap i Viltsp\u00e5rning i skogarna runt K\u00e4vsj\u00f6. \u00c5tta ekipage kom till start, det var en utmaning f\u00f6r hundarna med det varma och torra v\u00e4dret, allt fr\u00e5n Tax till Gr\u00e5hund startade f\u00f6r domarna Bengt, Nicklas och Marie. &nbsp; Vinnare blev Gr\u00e5hunden Allan med hundf\u00f6raren Toni [&hellip;]<\/p>\n","protected":false},"author":3,"featured_media":0,"parent":0,"menu_order":0,"comment_status":"open","ping_status":"open","template":"","meta":{"footnotes":""},"class_list":["post-2","page","type-page","status-publish","hentry"],"_links":{"self":[{"href":"https:\/\/krets.jagareforbundet.se\/gnosjo\/wp-json\/wp\/v2\/pages\/2","targetHints":{"allow":["GET"]}}],"collection":[{"href":"https:\/\/krets.jagareforbundet.se\/gnosjo\/wp-json\/wp\/v2\/pages"}],"about":[{"href":"https:\/\/krets.jagareforbundet.se\/gnosjo\/wp-json\/wp\/v2\/types\/page"}],"author":[{"embeddable":true,"href":"https:\/\/krets.jagareforbundet.se\/gnosjo\/wp-json\/wp\/v2\/users\/3"}],"replies":[{"embeddable":true,"href":"https:\/\/krets.jagareforbundet.se\/gnosjo\/wp-json\/wp\/v2\/comments?post=2"}],"version-history":[{"count":4,"href":"https:\/\/krets.jagareforbundet.se\/gnosjo\/wp-json\/wp\/v2\/pages\/2\/revisions"}],"predecessor-version":[{"id":965,"href":"https:\/\/krets.jagareforbundet.se\/gnosjo\/wp-json\/wp\/v2\/pages\/2\/revisions\/965"}],"wp:attachment":[{"href":"https:\/\/krets.jagareforbundet.se\/gnosjo\/wp-json\/wp\/v2\/media?parent=2"}],"curies":[{"name":"wp","href":"https:\/\/api.w.org\/{rel}","templated":true}]}}