{"id":38,"date":"2011-09-09T08:13:57","date_gmt":"2011-09-09T08:13:57","guid":{"rendered":"https:\/\/krets.jagareforbundet.se\/template\/?page_id=38"},"modified":"2026-03-23T23:45:31","modified_gmt":"2026-03-23T22:45:31","slug":"bildgalleri","status":"publish","type":"page","link":"https:\/\/krets.jagareforbundet.se\/gnosjo\/bildgalleri\/","title":{"rendered":"8. Bildgalleri"},"content":{"rendered":"<p><a href=\"https:\/\/krets.jagareforbundet.se\/gnosjo\/files\/2026\/03\/Eftersok.jpg\"><img loading=\"lazy\" decoding=\"async\" class=\"alignleft size-full wp-image-911\" src=\"https:\/\/krets.jagareforbundet.se\/gnosjo\/files\/2026\/03\/Eftersok.jpg\" alt=\"\" width=\"2048\" height=\"2048\" srcset=\"https:\/\/krets.jagareforbundet.se\/gnosjo\/files\/2026\/03\/Eftersok.jpg 2048w, https:\/\/krets.jagareforbundet.se\/gnosjo\/files\/2026\/03\/Eftersok-300x300.jpg 300w, https:\/\/krets.jagareforbundet.se\/gnosjo\/files\/2026\/03\/Eftersok-1024x1024.jpg 1024w, https:\/\/krets.jagareforbundet.se\/gnosjo\/files\/2026\/03\/Eftersok-150x150.jpg 150w, https:\/\/krets.jagareforbundet.se\/gnosjo\/files\/2026\/03\/Eftersok-768x768.jpg 768w, https:\/\/krets.jagareforbundet.se\/gnosjo\/files\/2026\/03\/Eftersok-1536x1536.jpg 1536w\" sizes=\"auto, (max-width: 2048px) 100vw, 2048px\" \/><\/a>Jaktbilder fr\u00e5n Gnosj\u00f6 Jaktv\u00e5rdskrets<\/p>\n\n\t\t<style type=\"text\/css\">\n\t\t\t#gallery-1 {\n\t\t\t\tmargin: auto;\n\t\t\t}\n\t\t\t#gallery-1 .gallery-item {\n\t\t\t\tfloat: left;\n\t\t\t\tmargin-top: 10px;\n\t\t\t\ttext-align: center;\n\t\t\t\twidth: 33%;\n\t\t\t}\n\t\t\t#gallery-1 img {\n\t\t\t\tborder: 2px solid #cfcfcf;\n\t\t\t}\n\t\t\t#gallery-1 .gallery-caption {\n\t\t\t\tmargin-left: 0;\n\t\t\t}\n\t\t\t\/* see gallery_shortcode() in wp-includes\/media.php *\/\n\t\t<\/style>\n\t\t<div id='gallery-1' class='gallery galleryid-38 gallery-columns-3 gallery-size-thumbnail'><dl class='gallery-item'>\n\t\t\t<dt class='gallery-icon portrait'>\n\t\t\t\t<a href='https:\/\/krets.jagareforbundet.se\/gnosjo\/files\/2013\/10\/bild3-e1383245847355.jpg'><img loading=\"lazy\" decoding=\"async\" width=\"150\" height=\"150\" src=\"https:\/\/krets.jagareforbundet.se\/gnosjo\/files\/2013\/10\/bild3-e1383245847355-150x150.jpg\" class=\"attachment-thumbnail size-thumbnail\" alt=\"\" aria-describedby=\"gallery-1-473\" \/><\/a>\n\t\t\t<\/dt>\n\t\t\t\t<dd class='wp-caption-text gallery-caption' id='gallery-1-473'>\n\t\t\t\tBenny Persson fr\u00e5n V\u00e4rnamo sk\u00f6t sin f\u00f6rsta \u00e4lg en grann 6taggare, Benny jagar i K\u00e4vsj\u00f6laget\n\t\t\t\t<\/dd><\/dl><dl class='gallery-item'>\n\t\t\t<dt class='gallery-icon portrait'>\n\t\t\t\t<a href='https:\/\/krets.jagareforbundet.se\/gnosjo\/files\/2013\/10\/IMG_20131026_154646_0.jpg'><img loading=\"lazy\" decoding=\"async\" width=\"150\" height=\"150\" src=\"https:\/\/krets.jagareforbundet.se\/gnosjo\/files\/2013\/10\/IMG_20131026_154646_0-150x150.jpg\" class=\"attachment-thumbnail size-thumbnail\" alt=\"\" aria-describedby=\"gallery-1-454\" \/><\/a>\n\t\t\t<\/dt>\n\t\t\t\t<dd class='wp-caption-text gallery-caption' id='gallery-1-454'>\n\t\t\t\t2013-10-26 Marcus Svensson fr\u00e5n Rannebolaget sk\u00f6t denna kviga som var 4,5 \u00e5r och hade en slaktvikt p\u00e5 155 kg.\n\t\t\t\t<\/dd><\/dl><dl class='gallery-item'>\n\t\t\t<dt class='gallery-icon landscape'>\n\t\t\t\t<a href='https:\/\/krets.jagareforbundet.se\/gnosjo\/files\/2013\/10\/Bild0069.jpg'><img loading=\"lazy\" decoding=\"async\" width=\"150\" height=\"150\" src=\"https:\/\/krets.jagareforbundet.se\/gnosjo\/files\/2013\/10\/Bild0069-150x150.jpg\" class=\"attachment-thumbnail size-thumbnail\" alt=\"2013-10-19 Anders Johansson fr\u00e5n Sk\u00e4rvhult sk\u00f6t \u00e4ven denna \u00e4lgtjur (det \u00e4r en 5 taggare) i K\u00e4vsj\u00f6laget f\u00f6r Andreas Ingvarssons Bamse (var ju bara tv\u00e5 skall\u2026 precis i upptaget)\" aria-describedby=\"gallery-1-452\" \/><\/a>\n\t\t\t<\/dt>\n\t\t\t\t<dd class='wp-caption-text gallery-caption' id='gallery-1-452'>\n\t\t\t\t2013-10-19 Anders Johansson fr\u00e5n Sk\u00e4rvhult sk\u00f6t \u00e4ven denna \u00e4lgtjur (det \u00e4r en 5 taggare) i K\u00e4vsj\u00f6laget f\u00f6r Andreas Ingvarssons Bamse (var ju bara tv\u00e5 skall\u2026 precis i upptaget)\n\t\t\t\t<\/dd><\/dl><br style=\"clear: both\" \/><dl class='gallery-item'>\n\t\t\t<dt class='gallery-icon portrait'>\n\t\t\t\t<a href='https:\/\/krets.jagareforbundet.se\/gnosjo\/files\/2013\/10\/Bild0067.jpg'><img loading=\"lazy\" decoding=\"async\" width=\"150\" height=\"150\" src=\"https:\/\/krets.jagareforbundet.se\/gnosjo\/files\/2013\/10\/Bild0067-150x150.jpg\" class=\"attachment-thumbnail size-thumbnail\" alt=\"\" aria-describedby=\"gallery-1-453\" \/><\/a>\n\t\t\t<\/dt>\n\t\t\t\t<dd class='wp-caption-text gallery-caption' id='gallery-1-453'>\n\t\t\t\t2013-10-17 Hjort skjuten av Anders Johansson, Sk\u00e4rvhult, under \u00e4lgjakten i H\u00e5kentorp. Sk\u00f6t den p\u00e5 st\u00e5ndskall f\u00f6r \u00c5ke Abrahamssons Freja.\n\t\t\t\t<\/dd><\/dl><dl class='gallery-item'>\n\t\t\t<dt class='gallery-icon landscape'>\n\t\t\t\t<a href='https:\/\/krets.jagareforbundet.se\/gnosjo\/files\/2013\/10\/131014-Lisa-Davidsson.jpg'><img loading=\"lazy\" decoding=\"async\" width=\"150\" height=\"150\" src=\"https:\/\/krets.jagareforbundet.se\/gnosjo\/files\/2013\/10\/131014-Lisa-Davidsson-150x150.jpg\" class=\"attachment-thumbnail size-thumbnail\" alt=\"5 taggare skjuten av Lisa Davidsson p\u00e5 sin f\u00f6rsta \u00e4lgjakt\" aria-describedby=\"gallery-1-434\" \/><\/a>\n\t\t\t<\/dt>\n\t\t\t\t<dd class='wp-caption-text gallery-caption' id='gallery-1-434'>\n\t\t\t\t2013-10-14 5-taggare skjuten av Lisa Davidsson p\u00e5 sin f\u00f6rsta \u00e4lgjakt\n\t\t\t\t<\/dd><\/dl><dl class='gallery-item'>\n\t\t\t<dt class='gallery-icon portrait'>\n\t\t\t\t<a href='https:\/\/krets.jagareforbundet.se\/gnosjo\/files\/2013\/10\/1310.jpg'><img loading=\"lazy\" decoding=\"async\" width=\"150\" height=\"150\" src=\"https:\/\/krets.jagareforbundet.se\/gnosjo\/files\/2013\/10\/1310-150x150.jpg\" class=\"attachment-thumbnail size-thumbnail\" alt=\"\" aria-describedby=\"gallery-1-440\" \/><\/a>\n\t\t\t<\/dt>\n\t\t\t\t<dd class='wp-caption-text gallery-caption' id='gallery-1-440'>\n\t\t\t\t2013-10-14 Sextaggare skjuten i Ekhult.\n\t\t\t\t<\/dd><\/dl><br style=\"clear: both\" \/><dl class='gallery-item'>\n\t\t\t<dt class='gallery-icon landscape'>\n\t\t\t\t<a href='https:\/\/krets.jagareforbundet.se\/gnosjo\/files\/2011\/09\/006.jpg'><img loading=\"lazy\" decoding=\"async\" width=\"150\" height=\"150\" src=\"https:\/\/krets.jagareforbundet.se\/gnosjo\/files\/2011\/09\/006-150x150.jpg\" class=\"attachment-thumbnail size-thumbnail\" alt=\"\" aria-describedby=\"gallery-1-422\" \/><\/a>\n\t\t\t<\/dt>\n\t\t\t\t<dd class='wp-caption-text gallery-caption' id='gallery-1-422'>\n\t\t\t\tDenna \u00e5ttataggare fotograferades och filmades av W\u00e5ge p\u00e5 Dalab\u00e4cken i slutet av september 2013\n\t\t\t\t<\/dd><\/dl><dl class='gallery-item'>\n\t\t\t<dt class='gallery-icon landscape'>\n\t\t\t\t<a href='https:\/\/krets.jagareforbundet.se\/gnosjo\/files\/2011\/09\/002.jpg'><img loading=\"lazy\" decoding=\"async\" width=\"150\" height=\"150\" src=\"https:\/\/krets.jagareforbundet.se\/gnosjo\/files\/2011\/09\/002-150x150.jpg\" class=\"attachment-thumbnail size-thumbnail\" alt=\"\" aria-describedby=\"gallery-1-423\" \/><\/a>\n\t\t\t<\/dt>\n\t\t\t\t<dd class='wp-caption-text gallery-caption' id='gallery-1-423'>\n\t\t\t\tDenna \u00e5ttataggare fotograferades och filmades av W\u00e5ge p\u00e5 Dalab\u00e4cken i slutet av september 2013\n\t\t\t\t<\/dd><\/dl><dl class='gallery-item'>\n\t\t\t<dt class='gallery-icon landscape'>\n\t\t\t\t<a href='https:\/\/krets.jagareforbundet.se\/gnosjo\/files\/2011\/09\/IMAG0164.jpg'><img loading=\"lazy\" decoding=\"async\" width=\"150\" height=\"150\" src=\"https:\/\/krets.jagareforbundet.se\/gnosjo\/files\/2011\/09\/IMAG0164-150x150.jpg\" class=\"attachment-thumbnail size-thumbnail\" alt=\"\" aria-describedby=\"gallery-1-210\" \/><\/a>\n\t\t\t<\/dt>\n\t\t\t\t<dd class='wp-caption-text gallery-caption' id='gallery-1-210'>\n\t\t\t\t2012, 5-taggare f\u00e4lld av Rannebo \u00c4lgjaktslag \n\t\t\t\t<\/dd><\/dl><br style=\"clear: both\" \/><dl class='gallery-item'>\n\t\t\t<dt class='gallery-icon landscape'>\n\t\t\t\t<a href='https:\/\/krets.jagareforbundet.se\/gnosjo\/files\/2013\/10\/bilder-robert-jaktbilder-394.jpg'><img loading=\"lazy\" decoding=\"async\" width=\"150\" height=\"150\" src=\"https:\/\/krets.jagareforbundet.se\/gnosjo\/files\/2013\/10\/bilder-robert-jaktbilder-394-150x150.jpg\" class=\"attachment-thumbnail size-thumbnail\" alt=\"\" aria-describedby=\"gallery-1-470\" \/><\/a>\n\t\t\t<\/dt>\n\t\t\t\t<dd class='wp-caption-text gallery-caption' id='gallery-1-470'>\n\t\t\t\tJaktbild tagen av Robert Johansson\n\t\t\t\t<\/dd><\/dl><dl class='gallery-item'>\n\t\t\t<dt class='gallery-icon portrait'>\n\t\t\t\t<a href='https:\/\/krets.jagareforbundet.se\/gnosjo\/files\/2013\/10\/bilder-robert-jaktbilder-387.jpg'><img loading=\"lazy\" decoding=\"async\" width=\"150\" height=\"150\" src=\"https:\/\/krets.jagareforbundet.se\/gnosjo\/files\/2013\/10\/bilder-robert-jaktbilder-387-150x150.jpg\" class=\"attachment-thumbnail size-thumbnail\" alt=\"\" aria-describedby=\"gallery-1-469\" \/><\/a>\n\t\t\t<\/dt>\n\t\t\t\t<dd class='wp-caption-text gallery-caption' id='gallery-1-469'>\n\t\t\t\tJaktbild tagen av Robert Johansson\n\t\t\t\t<\/dd><\/dl><dl class='gallery-item'>\n\t\t\t<dt class='gallery-icon portrait'>\n\t\t\t\t<a href='https:\/\/krets.jagareforbundet.se\/gnosjo\/files\/2013\/10\/bilder-robert-jaktbilder-378.jpg'><img loading=\"lazy\" decoding=\"async\" width=\"150\" height=\"150\" src=\"https:\/\/krets.jagareforbundet.se\/gnosjo\/files\/2013\/10\/bilder-robert-jaktbilder-378-150x150.jpg\" class=\"attachment-thumbnail size-thumbnail\" alt=\"\" aria-describedby=\"gallery-1-468\" \/><\/a>\n\t\t\t<\/dt>\n\t\t\t\t<dd class='wp-caption-text gallery-caption' id='gallery-1-468'>\n\t\t\t\tJaktbild tagen av Robert Johansson\n\t\t\t\t<\/dd><\/dl><br style=\"clear: both\" \/><dl class='gallery-item'>\n\t\t\t<dt class='gallery-icon landscape'>\n\t\t\t\t<a href='https:\/\/krets.jagareforbundet.se\/gnosjo\/files\/2013\/10\/bilder-robert-jaktbilder-376.jpg'><img loading=\"lazy\" decoding=\"async\" width=\"150\" height=\"150\" src=\"https:\/\/krets.jagareforbundet.se\/gnosjo\/files\/2013\/10\/bilder-robert-jaktbilder-376-150x150.jpg\" class=\"attachment-thumbnail size-thumbnail\" alt=\"\" aria-describedby=\"gallery-1-467\" \/><\/a>\n\t\t\t<\/dt>\n\t\t\t\t<dd class='wp-caption-text gallery-caption' id='gallery-1-467'>\n\t\t\t\t8-taggare skjuten av Anders Karlsson i Granstorp 2012\n\t\t\t\t<\/dd><\/dl><dl class='gallery-item'>\n\t\t\t<dt class='gallery-icon landscape'>\n\t\t\t\t<a href='https:\/\/krets.jagareforbundet.se\/gnosjo\/files\/2013\/10\/bilder-robert-jaktbilder-356.jpg'><img loading=\"lazy\" decoding=\"async\" width=\"150\" height=\"150\" src=\"https:\/\/krets.jagareforbundet.se\/gnosjo\/files\/2013\/10\/bilder-robert-jaktbilder-356-150x150.jpg\" class=\"attachment-thumbnail size-thumbnail\" alt=\"\" aria-describedby=\"gallery-1-466\" \/><\/a>\n\t\t\t<\/dt>\n\t\t\t\t<dd class='wp-caption-text gallery-caption' id='gallery-1-466'>\n\t\t\t\tJaktbild tagen av Robert Johansson\n\t\t\t\t<\/dd><\/dl><dl class='gallery-item'>\n\t\t\t<dt class='gallery-icon portrait'>\n\t\t\t\t<a href='https:\/\/krets.jagareforbundet.se\/gnosjo\/files\/2013\/10\/bilder-robert-jaktbilder-354.jpg'><img loading=\"lazy\" decoding=\"async\" width=\"150\" height=\"150\" src=\"https:\/\/krets.jagareforbundet.se\/gnosjo\/files\/2013\/10\/bilder-robert-jaktbilder-354-150x150.jpg\" class=\"attachment-thumbnail size-thumbnail\" alt=\"\" aria-describedby=\"gallery-1-465\" \/><\/a>\n\t\t\t<\/dt>\n\t\t\t\t<dd class='wp-caption-text gallery-caption' id='gallery-1-465'>\n\t\t\t\tJaktbild tagen av Robert Johansson\n\t\t\t\t<\/dd><\/dl><br style=\"clear: both\" \/><dl class='gallery-item'>\n\t\t\t<dt class='gallery-icon landscape'>\n\t\t\t\t<a href='https:\/\/krets.jagareforbundet.se\/gnosjo\/files\/2013\/10\/bilder-robert-jaktbilder-351.jpg'><img loading=\"lazy\" decoding=\"async\" width=\"150\" height=\"150\" src=\"https:\/\/krets.jagareforbundet.se\/gnosjo\/files\/2013\/10\/bilder-robert-jaktbilder-351-150x150.jpg\" class=\"attachment-thumbnail size-thumbnail\" alt=\"\" aria-describedby=\"gallery-1-464\" \/><\/a>\n\t\t\t<\/dt>\n\t\t\t\t<dd class='wp-caption-text gallery-caption' id='gallery-1-464'>\n\t\t\t\tJaktbild tagen av Robert Johansson\n\t\t\t\t<\/dd><\/dl><dl class='gallery-item'>\n\t\t\t<dt class='gallery-icon landscape'>\n\t\t\t\t<a href='https:\/\/krets.jagareforbundet.se\/gnosjo\/files\/2013\/10\/bilder-robert-jaktbilder-347.jpg'><img loading=\"lazy\" decoding=\"async\" width=\"150\" height=\"150\" src=\"https:\/\/krets.jagareforbundet.se\/gnosjo\/files\/2013\/10\/bilder-robert-jaktbilder-347-150x150.jpg\" class=\"attachment-thumbnail size-thumbnail\" alt=\"\" aria-describedby=\"gallery-1-463\" \/><\/a>\n\t\t\t<\/dt>\n\t\t\t\t<dd class='wp-caption-text gallery-caption' id='gallery-1-463'>\n\t\t\t\tJaktbild tagen av Robert Johansson\n\t\t\t\t<\/dd><\/dl><dl class='gallery-item'>\n\t\t\t<dt class='gallery-icon landscape'>\n\t\t\t\t<a href='https:\/\/krets.jagareforbundet.se\/gnosjo\/files\/2013\/10\/bilder-robert-jaktbilder-336.jpg'><img loading=\"lazy\" decoding=\"async\" width=\"150\" height=\"150\" src=\"https:\/\/krets.jagareforbundet.se\/gnosjo\/files\/2013\/10\/bilder-robert-jaktbilder-336-150x150.jpg\" class=\"attachment-thumbnail size-thumbnail\" alt=\"\" aria-describedby=\"gallery-1-462\" \/><\/a>\n\t\t\t<\/dt>\n\t\t\t\t<dd class='wp-caption-text gallery-caption' id='gallery-1-462'>\n\t\t\t\tJaktbild tagen av Robert Johansson\n\t\t\t\t<\/dd><\/dl><br style=\"clear: both\" \/><dl class='gallery-item'>\n\t\t\t<dt class='gallery-icon landscape'>\n\t\t\t\t<a href='https:\/\/krets.jagareforbundet.se\/gnosjo\/files\/2013\/10\/bilder-robert-jaktbilder-323.jpg'><img loading=\"lazy\" decoding=\"async\" width=\"150\" height=\"150\" src=\"https:\/\/krets.jagareforbundet.se\/gnosjo\/files\/2013\/10\/bilder-robert-jaktbilder-323-150x150.jpg\" class=\"attachment-thumbnail size-thumbnail\" alt=\"\" aria-describedby=\"gallery-1-461\" \/><\/a>\n\t\t\t<\/dt>\n\t\t\t\t<dd class='wp-caption-text gallery-caption' id='gallery-1-461'>\n\t\t\t\tJaktbild tagen av Robert Johansson\n\t\t\t\t<\/dd><\/dl><dl class='gallery-item'>\n\t\t\t<dt class='gallery-icon landscape'>\n\t\t\t\t<a href='https:\/\/krets.jagareforbundet.se\/gnosjo\/files\/2013\/10\/bilder-robert-jaktbilder-255.jpg'><img loading=\"lazy\" decoding=\"async\" width=\"150\" height=\"150\" src=\"https:\/\/krets.jagareforbundet.se\/gnosjo\/files\/2013\/10\/bilder-robert-jaktbilder-255-150x150.jpg\" class=\"attachment-thumbnail size-thumbnail\" alt=\"\" aria-describedby=\"gallery-1-460\" \/><\/a>\n\t\t\t<\/dt>\n\t\t\t\t<dd class='wp-caption-text gallery-caption' id='gallery-1-460'>\n\t\t\t\tJaktbild tagen av Robert Johansson\n\t\t\t\t<\/dd><\/dl><dl class='gallery-item'>\n\t\t\t<dt class='gallery-icon landscape'>\n\t\t\t\t<a href='https:\/\/krets.jagareforbundet.se\/gnosjo\/files\/2013\/10\/bilder-robert-jaktbilder-228.jpg'><img loading=\"lazy\" decoding=\"async\" width=\"150\" height=\"150\" src=\"https:\/\/krets.jagareforbundet.se\/gnosjo\/files\/2013\/10\/bilder-robert-jaktbilder-228-150x150.jpg\" class=\"attachment-thumbnail size-thumbnail\" alt=\"\" aria-describedby=\"gallery-1-459\" \/><\/a>\n\t\t\t<\/dt>\n\t\t\t\t<dd class='wp-caption-text gallery-caption' id='gallery-1-459'>\n\t\t\t\tJaktbild tagen av Robert Johansson\n\t\t\t\t<\/dd><\/dl><br style=\"clear: both\" \/><dl class='gallery-item'>\n\t\t\t<dt class='gallery-icon landscape'>\n\t\t\t\t<a href='https:\/\/krets.jagareforbundet.se\/gnosjo\/files\/2013\/10\/bilder-robert-jaktbilder-127.jpg'><img loading=\"lazy\" decoding=\"async\" width=\"150\" height=\"150\" src=\"https:\/\/krets.jagareforbundet.se\/gnosjo\/files\/2013\/10\/bilder-robert-jaktbilder-127-150x150.jpg\" class=\"attachment-thumbnail size-thumbnail\" alt=\"\" aria-describedby=\"gallery-1-458\" \/><\/a>\n\t\t\t<\/dt>\n\t\t\t\t<dd class='wp-caption-text gallery-caption' id='gallery-1-458'>\n\t\t\t\tJaktbild tagen av Robert Johansson\n\t\t\t\t<\/dd><\/dl><dl class='gallery-item'>\n\t\t\t<dt class='gallery-icon landscape'>\n\t\t\t\t<a href='https:\/\/krets.jagareforbundet.se\/gnosjo\/files\/2013\/10\/bilder-robert-jaktbilder-121.jpg'><img loading=\"lazy\" decoding=\"async\" width=\"150\" height=\"150\" src=\"https:\/\/krets.jagareforbundet.se\/gnosjo\/files\/2013\/10\/bilder-robert-jaktbilder-121-150x150.jpg\" class=\"attachment-thumbnail size-thumbnail\" alt=\"\" aria-describedby=\"gallery-1-457\" \/><\/a>\n\t\t\t<\/dt>\n\t\t\t\t<dd class='wp-caption-text gallery-caption' id='gallery-1-457'>\n\t\t\t\tJaktbild tagen av Robert Johansson\n\t\t\t\t<\/dd><\/dl><dl class='gallery-item'>\n\t\t\t<dt class='gallery-icon landscape'>\n\t\t\t\t<a href='https:\/\/krets.jagareforbundet.se\/gnosjo\/files\/2013\/10\/bilder-robert-jaktbilder-106.jpg'><img loading=\"lazy\" decoding=\"async\" width=\"150\" height=\"150\" src=\"https:\/\/krets.jagareforbundet.se\/gnosjo\/files\/2013\/10\/bilder-robert-jaktbilder-106-150x150.jpg\" class=\"attachment-thumbnail size-thumbnail\" alt=\"\" aria-describedby=\"gallery-1-456\" \/><\/a>\n\t\t\t<\/dt>\n\t\t\t\t<dd class='wp-caption-text gallery-caption' id='gallery-1-456'>\n\t\t\t\tJaktbild tagen av Robert Johansson\n\t\t\t\t<\/dd><\/dl><br style=\"clear: both\" \/><dl class='gallery-item'>\n\t\t\t<dt class='gallery-icon landscape'>\n\t\t\t\t<a href='https:\/\/krets.jagareforbundet.se\/gnosjo\/files\/2013\/10\/bilder-robert-jaktbilder-397.jpg'><img loading=\"lazy\" decoding=\"async\" width=\"150\" height=\"150\" src=\"https:\/\/krets.jagareforbundet.se\/gnosjo\/files\/2013\/10\/bilder-robert-jaktbilder-397-150x150.jpg\" class=\"attachment-thumbnail size-thumbnail\" alt=\"\" aria-describedby=\"gallery-1-455\" \/><\/a>\n\t\t\t<\/dt>\n\t\t\t\t<dd class='wp-caption-text gallery-caption' id='gallery-1-455'>\n\t\t\t\tJaktbild tagen av Robert Johansson\n\t\t\t\t<\/dd><\/dl>\n\t\t\t<br style='clear: both' \/>\n\t\t<\/div>\n\n","protected":false},"excerpt":{"rendered":"<p>Jaktbilder fr\u00e5n Gnosj\u00f6 Jaktv\u00e5rdskrets<\/p>\n","protected":false},"author":3,"featured_media":0,"parent":0,"menu_order":0,"comment_status":"open","ping_status":"open","template":"","meta":{"footnotes":""},"class_list":["post-38","page","type-page","status-publish","hentry"],"_links":{"self":[{"href":"https:\/\/krets.jagareforbundet.se\/gnosjo\/wp-json\/wp\/v2\/pages\/38","targetHints":{"allow":["GET"]}}],"collection":[{"href":"https:\/\/krets.jagareforbundet.se\/gnosjo\/wp-json\/wp\/v2\/pages"}],"about":[{"href":"https:\/\/krets.jagareforbundet.se\/gnosjo\/wp-json\/wp\/v2\/types\/page"}],"author":[{"embeddable":true,"href":"https:\/\/krets.jagareforbundet.se\/gnosjo\/wp-json\/wp\/v2\/users\/3"}],"replies":[{"embeddable":true,"href":"https:\/\/krets.jagareforbundet.se\/gnosjo\/wp-json\/wp\/v2\/comments?post=38"}],"version-history":[{"count":3,"href":"https:\/\/krets.jagareforbundet.se\/gnosjo\/wp-json\/wp\/v2\/pages\/38\/revisions"}],"predecessor-version":[{"id":952,"href":"https:\/\/krets.jagareforbundet.se\/gnosjo\/wp-json\/wp\/v2\/pages\/38\/revisions\/952"}],"wp:attachment":[{"href":"https:\/\/krets.jagareforbundet.se\/gnosjo\/wp-json\/wp\/v2\/media?parent=38"}],"curies":[{"name":"wp","href":"https:\/\/api.w.org\/{rel}","templated":true}]}}