{"id":798,"date":"2025-07-19T00:22:54","date_gmt":"2025-07-18T22:22:54","guid":{"rendered":"https:\/\/krets.jagareforbundet.se\/gnosjo\/?page_id=798"},"modified":"2026-03-23T23:04:09","modified_gmt":"2026-03-23T22:04:09","slug":"hund-2","status":"publish","type":"page","link":"https:\/\/krets.jagareforbundet.se\/gnosjo\/hund-2\/","title":{"rendered":"2. Hund och sp\u00e5r\/efters\u00f6kstr\u00e4ning"},"content":{"rendered":"<p>Hej alla hundv\u00e4nner snart dags att \u00e5ter tr\u00e4na att sp\u00e5ra med hund<a href=\"https:\/\/krets.jagareforbundet.se\/gnosjo\/files\/2025\/07\/Eftersok.jpg\">!<\/a><\/p>\n<p>H\u00e4r \u00e4r nya datum p\u00e5 efters\u00f6kstr\u00e4ningar<\/p>\n<p>29\/3 kl 14:00 Gullstensmo<\/p>\n<p>19\/4 kl 15:00 Gullstensmo<\/p>\n<p>&nbsp;<\/p>\n<p>Anm\u00e4lan till Efraim Josefsson senast 27\/3 p\u00e5 073-8013424 att ni kommer!<\/p>\n<p><a href=\"https:\/\/krets.jagareforbundet.se\/gnosjo\/files\/2026\/03\/Spartraning.jpg\"><img loading=\"lazy\" decoding=\"async\" class=\"alignleft size-full wp-image-896\" src=\"https:\/\/krets.jagareforbundet.se\/gnosjo\/files\/2026\/03\/Spartraning.jpg\" alt=\"\" width=\"1587\" height=\"2245\" srcset=\"https:\/\/krets.jagareforbundet.se\/gnosjo\/files\/2026\/03\/Spartraning.jpg 1587w, https:\/\/krets.jagareforbundet.se\/gnosjo\/files\/2026\/03\/Spartraning-212x300.jpg 212w, https:\/\/krets.jagareforbundet.se\/gnosjo\/files\/2026\/03\/Spartraning-724x1024.jpg 724w, https:\/\/krets.jagareforbundet.se\/gnosjo\/files\/2026\/03\/Spartraning-768x1086.jpg 768w, https:\/\/krets.jagareforbundet.se\/gnosjo\/files\/2026\/03\/Spartraning-1086x1536.jpg 1086w, https:\/\/krets.jagareforbundet.se\/gnosjo\/files\/2026\/03\/Spartraning-1448x2048.jpg 1448w\" sizes=\"auto, (max-width: 1587px) 100vw, 1587px\" \/><\/a><\/p>\n<h6>Gnosj\u00f6 Jaktv\u00e5rdskrets \u00e4r den lokala delen av Svenska J\u00e4garef\u00f6rbundet. Vi har cirka 300 medlemmar och all v\u00e5r verksamhet kretsar naturligtvis kring \u00e4mnet viltv\u00e5rd och jakt. Vi vill g\u00e4rna sprida information och kunskap i \u00e4mnet. M\u00e5lgruppen \u00e4r j\u00e4gare men inte uteslutande utan vi vill g\u00e4rna n\u00e5 ut till alla i v\u00e5r bygd s\u00e5v\u00e4l j\u00e4gare som ickej\u00e4gare. Har du fr\u00e5gor \u00e4r du alltid v\u00e4lkommen att kontakta oss i styrelsen.<\/h6>\n<p>H\u00e4r f\u00e5r vi l\u00e4ra oss att hunden n\u00e4stan alltid har r\u00e4tt bara husse och matte kan f\u00f6rst\u00e5 sig p\u00e5 att l\u00e4sa vad hunden redan f\u00f6rst\u00e5tt.<\/p>\n","protected":false},"excerpt":{"rendered":"<p>Hej alla hundv\u00e4nner snart dags att \u00e5ter tr\u00e4na att sp\u00e5ra med hund! H\u00e4r \u00e4r nya datum p\u00e5 efters\u00f6kstr\u00e4ningar 29\/3 kl 14:00 Gullstensmo 19\/4 kl 15:00 Gullstensmo &nbsp; Anm\u00e4lan till Efraim Josefsson senast 27\/3 p\u00e5 073-8013424 att ni kommer! Gnosj\u00f6 Jaktv\u00e5rdskrets \u00e4r den lokala delen av Svenska J\u00e4garef\u00f6rbundet. Vi har cirka 300 medlemmar och all v\u00e5r [&hellip;]<\/p>\n","protected":false},"author":72,"featured_media":0,"parent":0,"menu_order":0,"comment_status":"closed","ping_status":"closed","template":"","meta":{"footnotes":""},"class_list":["post-798","page","type-page","status-publish","hentry"],"_links":{"self":[{"href":"https:\/\/krets.jagareforbundet.se\/gnosjo\/wp-json\/wp\/v2\/pages\/798","targetHints":{"allow":["GET"]}}],"collection":[{"href":"https:\/\/krets.jagareforbundet.se\/gnosjo\/wp-json\/wp\/v2\/pages"}],"about":[{"href":"https:\/\/krets.jagareforbundet.se\/gnosjo\/wp-json\/wp\/v2\/types\/page"}],"author":[{"embeddable":true,"href":"https:\/\/krets.jagareforbundet.se\/gnosjo\/wp-json\/wp\/v2\/users\/72"}],"replies":[{"embeddable":true,"href":"https:\/\/krets.jagareforbundet.se\/gnosjo\/wp-json\/wp\/v2\/comments?post=798"}],"version-history":[{"count":3,"href":"https:\/\/krets.jagareforbundet.se\/gnosjo\/wp-json\/wp\/v2\/pages\/798\/revisions"}],"predecessor-version":[{"id":900,"href":"https:\/\/krets.jagareforbundet.se\/gnosjo\/wp-json\/wp\/v2\/pages\/798\/revisions\/900"}],"wp:attachment":[{"href":"https:\/\/krets.jagareforbundet.se\/gnosjo\/wp-json\/wp\/v2\/media?parent=798"}],"curies":[{"name":"wp","href":"https:\/\/api.w.org\/{rel}","templated":true}]}}