{"id":856,"date":"2026-02-02T23:19:53","date_gmt":"2026-02-02T22:19:53","guid":{"rendered":"https:\/\/krets.jagareforbundet.se\/gnosjo\/?page_id=856"},"modified":"2026-04-02T11:29:11","modified_gmt":"2026-04-02T09:29:11","slug":"sjalvmarkerande-algfigur","status":"publish","type":"page","link":"https:\/\/krets.jagareforbundet.se\/gnosjo\/sjalvmarkerande-algfigur\/","title":{"rendered":"4. Nya sj\u00e4lvmarkerande \u00e4lgbanan \u00e4r f\u00e4rdig"},"content":{"rendered":"<p>Efter n\u00e4r o\u00e4ndliga diskussioner s\u00e5 h\u00e5ller det \u00e4ntligen p\u00e5 h\u00e4nda saker p\u00e5 Gnosj\u00f6s jaktskyttebana!!!!<\/p>\n<p>Nu \u00e4ntligen s\u00e5 \u00e4r nya \u00e4lgbanan f\u00e4rdig!<\/p>\n<div>Nytt f\u00f6r i \u00e5r \u00e4r att m\u00f6jlighet att tr\u00e4na under Maj kommer att finnas!<\/div>\n<div>Se kalendern under skytte.<\/div>\n<p><a href=\"https:\/\/krets.jagareforbundet.se\/gnosjo\/files\/2026\/01\/Skarmavbild-2026-01-25-kl.-22.50.30.png\"><img loading=\"lazy\" decoding=\"async\" class=\"alignleft wp-image-836\" src=\"https:\/\/krets.jagareforbundet.se\/gnosjo\/files\/2026\/01\/Skarmavbild-2026-01-25-kl.-22.50.30.png\" alt=\"\" width=\"441\" height=\"311\" srcset=\"https:\/\/krets.jagareforbundet.se\/gnosjo\/files\/2026\/01\/Skarmavbild-2026-01-25-kl.-22.50.30.png 806w, https:\/\/krets.jagareforbundet.se\/gnosjo\/files\/2026\/01\/Skarmavbild-2026-01-25-kl.-22.50.30-300x212.png 300w, https:\/\/krets.jagareforbundet.se\/gnosjo\/files\/2026\/01\/Skarmavbild-2026-01-25-kl.-22.50.30-768x542.png 768w\" sizes=\"auto, (max-width: 441px) 100vw, 441px\" \/><\/a><\/p>\n","protected":false},"excerpt":{"rendered":"<p>Efter n\u00e4r o\u00e4ndliga diskussioner s\u00e5 h\u00e5ller det \u00e4ntligen p\u00e5 h\u00e4nda saker p\u00e5 Gnosj\u00f6s jaktskyttebana!!!! Nu \u00e4ntligen s\u00e5 \u00e4r nya \u00e4lgbanan f\u00e4rdig! Nytt f\u00f6r i \u00e5r \u00e4r att m\u00f6jlighet att tr\u00e4na under Maj kommer att finnas! Se kalendern under skytte.<\/p>\n","protected":false},"author":72,"featured_media":0,"parent":0,"menu_order":0,"comment_status":"closed","ping_status":"closed","template":"","meta":{"footnotes":""},"class_list":["post-856","page","type-page","status-publish","hentry"],"_links":{"self":[{"href":"https:\/\/krets.jagareforbundet.se\/gnosjo\/wp-json\/wp\/v2\/pages\/856","targetHints":{"allow":["GET"]}}],"collection":[{"href":"https:\/\/krets.jagareforbundet.se\/gnosjo\/wp-json\/wp\/v2\/pages"}],"about":[{"href":"https:\/\/krets.jagareforbundet.se\/gnosjo\/wp-json\/wp\/v2\/types\/page"}],"author":[{"embeddable":true,"href":"https:\/\/krets.jagareforbundet.se\/gnosjo\/wp-json\/wp\/v2\/users\/72"}],"replies":[{"embeddable":true,"href":"https:\/\/krets.jagareforbundet.se\/gnosjo\/wp-json\/wp\/v2\/comments?post=856"}],"version-history":[{"count":3,"href":"https:\/\/krets.jagareforbundet.se\/gnosjo\/wp-json\/wp\/v2\/pages\/856\/revisions"}],"predecessor-version":[{"id":929,"href":"https:\/\/krets.jagareforbundet.se\/gnosjo\/wp-json\/wp\/v2\/pages\/856\/revisions\/929"}],"wp:attachment":[{"href":"https:\/\/krets.jagareforbundet.se\/gnosjo\/wp-json\/wp\/v2\/media?parent=856"}],"curies":[{"name":"wp","href":"https:\/\/api.w.org\/{rel}","templated":true}]}}