{"id":904,"date":"2026-03-23T23:37:26","date_gmt":"2026-03-23T22:37:26","guid":{"rendered":"https:\/\/krets.jagareforbundet.se\/gnosjo\/?page_id=904"},"modified":"2026-04-16T19:21:43","modified_gmt":"2026-04-16T17:21:43","slug":"5-1-ungdomsskyttedag-23-4-1000-1500","status":"publish","type":"page","link":"https:\/\/krets.jagareforbundet.se\/gnosjo\/5-1-ungdomsskyttedag-23-4-1000-1500\/","title":{"rendered":"5.1 Ungdomsskyttedag 23 maj, 10:00-15:00"},"content":{"rendered":"<p>Vi h\u00e4lsar alla ungdomar v\u00e4lkomna p\u00e5 en skyttedag d\u00e4r ni f\u00e5r med erfarna instrukt\u00f6rer prova p\u00e5 hagelskytte.<\/p>\n<p>Ingen kostnad f\u00f6r ammunition eller b\u00f6ssor.<\/p>\n<p>Enklare servering kommer att ske!<\/p>\n<div id=\"attachment_905\" style=\"width: 1033px\" class=\"wp-caption alignleft\"><a href=\"https:\/\/krets.jagareforbundet.se\/gnosjo\/files\/2026\/03\/SCR-20260323-ujae.jpeg\"><img loading=\"lazy\" decoding=\"async\" aria-describedby=\"caption-attachment-905\" class=\"size-full wp-image-905\" src=\"https:\/\/krets.jagareforbundet.se\/gnosjo\/files\/2026\/03\/SCR-20260323-ujae.jpeg\" alt=\"\" width=\"1023\" height=\"688\" srcset=\"https:\/\/krets.jagareforbundet.se\/gnosjo\/files\/2026\/03\/SCR-20260323-ujae.jpeg 1023w, https:\/\/krets.jagareforbundet.se\/gnosjo\/files\/2026\/03\/SCR-20260323-ujae-300x202.jpeg 300w, https:\/\/krets.jagareforbundet.se\/gnosjo\/files\/2026\/03\/SCR-20260323-ujae-768x517.jpeg 768w\" sizes=\"auto, (max-width: 1023px) 100vw, 1023px\" \/><\/a><p id=\"caption-attachment-905\" class=\"wp-caption-text\">Screenshot<\/p><\/div>\n","protected":false},"excerpt":{"rendered":"<p>Vi h\u00e4lsar alla ungdomar v\u00e4lkomna p\u00e5 en skyttedag d\u00e4r ni f\u00e5r med erfarna instrukt\u00f6rer prova p\u00e5 hagelskytte. Ingen kostnad f\u00f6r ammunition eller b\u00f6ssor. Enklare servering kommer att ske!<\/p>\n","protected":false},"author":72,"featured_media":0,"parent":0,"menu_order":0,"comment_status":"closed","ping_status":"closed","template":"","meta":{"footnotes":""},"class_list":["post-904","page","type-page","status-publish","hentry"],"_links":{"self":[{"href":"https:\/\/krets.jagareforbundet.se\/gnosjo\/wp-json\/wp\/v2\/pages\/904","targetHints":{"allow":["GET"]}}],"collection":[{"href":"https:\/\/krets.jagareforbundet.se\/gnosjo\/wp-json\/wp\/v2\/pages"}],"about":[{"href":"https:\/\/krets.jagareforbundet.se\/gnosjo\/wp-json\/wp\/v2\/types\/page"}],"author":[{"embeddable":true,"href":"https:\/\/krets.jagareforbundet.se\/gnosjo\/wp-json\/wp\/v2\/users\/72"}],"replies":[{"embeddable":true,"href":"https:\/\/krets.jagareforbundet.se\/gnosjo\/wp-json\/wp\/v2\/comments?post=904"}],"version-history":[{"count":3,"href":"https:\/\/krets.jagareforbundet.se\/gnosjo\/wp-json\/wp\/v2\/pages\/904\/revisions"}],"predecessor-version":[{"id":950,"href":"https:\/\/krets.jagareforbundet.se\/gnosjo\/wp-json\/wp\/v2\/pages\/904\/revisions\/950"}],"wp:attachment":[{"href":"https:\/\/krets.jagareforbundet.se\/gnosjo\/wp-json\/wp\/v2\/media?parent=904"}],"curies":[{"name":"wp","href":"https:\/\/api.w.org\/{rel}","templated":true}]}}