{"id":151,"date":"2013-10-02T21:37:19","date_gmt":"2013-10-02T19:37:19","guid":{"rendered":"https:\/\/krets.jagareforbundet.se\/gotene\/?page_id=151"},"modified":"2025-02-04T11:28:37","modified_gmt":"2025-02-04T10:28:37","slug":"hjortkommiten","status":"publish","type":"page","link":"https:\/\/krets.jagareforbundet.se\/gotene\/hjortkommiten\/","title":{"rendered":"Hjortkommitt\u00e9n"},"content":{"rendered":"<p>Hjortkommitt\u00e9n \u00e4r frist\u00e5ende fr\u00e5n G\u00f6tene jaktv\u00e5rdskrets.<\/p>\n<p>Kommitt\u00e9n arbetar inom Kinnekullebygdens \u00c4lgsk\u00f6tselomr\u00e5de med representation fr\u00e5n de jaktlag som finns d\u00e4r.<br \/>\nDe uppgifter som kommitt\u00e9n har tagit p\u00e5 sig \u00e4r att sammanst\u00e4lla avskjutningssiffror och g\u00f6ra en inventering p\u00e5 v\u00e5ren, samt att komma med r\u00e5dgivande f\u00f6rvaltningsanvisningar f\u00f6r jaktlagen.<\/p>\n<p>Om du \u00e4r intresserad av mer information kontaktar du kretsordf\u00f6randen Stig.<\/p>\n<p>&nbsp;<\/p>\n<p>&nbsp;<\/p>\n","protected":false},"excerpt":{"rendered":"<p>Hjortkommitt\u00e9n \u00e4r frist\u00e5ende fr\u00e5n G\u00f6tene jaktv\u00e5rdskrets. Kommitt\u00e9n arbetar inom Kinnekullebygdens \u00c4lgsk\u00f6tselomr\u00e5de med representation fr\u00e5n de jaktlag som finns d\u00e4r. De uppgifter som kommitt\u00e9n har tagit p\u00e5 sig \u00e4r att sammanst\u00e4lla avskjutningssiffror och g\u00f6ra en inventering p\u00e5 v\u00e5ren, samt att komma med r\u00e5dgivande f\u00f6rvaltningsanvisningar f\u00f6r jaktlagen. Om du \u00e4r intresserad av mer information kontaktar du kretsordf\u00f6randen [&hellip;]<\/p>\n","protected":false},"author":132,"featured_media":0,"parent":0,"menu_order":0,"comment_status":"open","ping_status":"open","template":"","meta":{"footnotes":""},"class_list":["post-151","page","type-page","status-publish","hentry"],"_links":{"self":[{"href":"https:\/\/krets.jagareforbundet.se\/gotene\/wp-json\/wp\/v2\/pages\/151","targetHints":{"allow":["GET"]}}],"collection":[{"href":"https:\/\/krets.jagareforbundet.se\/gotene\/wp-json\/wp\/v2\/pages"}],"about":[{"href":"https:\/\/krets.jagareforbundet.se\/gotene\/wp-json\/wp\/v2\/types\/page"}],"author":[{"embeddable":true,"href":"https:\/\/krets.jagareforbundet.se\/gotene\/wp-json\/wp\/v2\/users\/132"}],"replies":[{"embeddable":true,"href":"https:\/\/krets.jagareforbundet.se\/gotene\/wp-json\/wp\/v2\/comments?post=151"}],"version-history":[{"count":2,"href":"https:\/\/krets.jagareforbundet.se\/gotene\/wp-json\/wp\/v2\/pages\/151\/revisions"}],"predecessor-version":[{"id":388,"href":"https:\/\/krets.jagareforbundet.se\/gotene\/wp-json\/wp\/v2\/pages\/151\/revisions\/388"}],"wp:attachment":[{"href":"https:\/\/krets.jagareforbundet.se\/gotene\/wp-json\/wp\/v2\/media?parent=151"}],"curies":[{"name":"wp","href":"https:\/\/api.w.org\/{rel}","templated":true}]}}