{"id":2,"date":"2011-09-07T09:28:43","date_gmt":"2011-09-07T09:28:43","guid":{"rendered":"https:\/\/krets.jagareforbundet.se\/template\/?page_id=2"},"modified":"2025-02-04T11:12:42","modified_gmt":"2025-02-04T10:12:42","slug":"exempelsida","status":"publish","type":"page","link":"https:\/\/krets.jagareforbundet.se\/gotene\/","title":{"rendered":"Startsida"},"content":{"rendered":"<h1><strong>G\u00f6tene Jaktv\u00e5rdskrets\u00a0<\/strong><\/h1>\n<h3>\u00c5rsm\u00f6te genomf\u00f6rt!<\/h3>\n<p>&nbsp;<\/p>\n<p>Kv\u00e4llen den 3 februari h\u00f6lls kretsens \u00e5rsm\u00f6te med 17 n\u00e4rvarande medlemmar.<\/p>\n<p>Efter de inledande punkterna som handlade om verksamheten 2024 behandlades styrelsens f\u00f6rslag om att uppl\u00f6sa kretsen.<br \/>\n\u00c5rsm\u00f6tet gav inte tillr\u00e4ckligt st\u00f6d till styrelsens f\u00f6rslag s\u00e5 kretsen lever vidare!<\/p>\n<h3>Ny kretsordf\u00f6rande<\/h3>\n<p>Stig Kroon \u00e4r nu kretsordf\u00f6rande och \u00e4r styrelseordf\u00f6rande med tre ledam\u00f6ter till sin hj\u00e4lp. Det inneb\u00e4r att styrelsen har tre vakanser p\u00e5 ledamotssidan och \u00e4ven saknar suppleanter.<\/p>\n<p>Om du k\u00e4nner att du kan st\u00e4lla upp som funktion\u00e4r i kretsen kontaktar du Stig p\u00e5 e-post stig.kroon@outlook.com eller mobil 0707-73 83 33.<\/p>\n<h3>Du f\u00f6ljer oss v\u00e4l p\u00e5 Facebook?<\/h3>\n<p>Gilla oss p\u00e5 Facebook f\u00f6r att f\u00e5 v\u00e5ra inl\u00e4gg och information vi delar snabbare!<\/p>\n<div class=\"fcb\">Du hittar oss p\u00e5 <a href=\"https:\/\/facebook.com\/gotenejvk\" target=\"_blank\" rel=\"noopener\">https:\/\/facebook.com\/gotenejvk<\/a><\/div>\n","protected":false},"excerpt":{"rendered":"<p>G\u00f6tene Jaktv\u00e5rdskrets\u00a0 \u00c5rsm\u00f6te genomf\u00f6rt! &nbsp; Kv\u00e4llen den 3 februari h\u00f6lls kretsens \u00e5rsm\u00f6te med 17 n\u00e4rvarande medlemmar. Efter de inledande punkterna som handlade om verksamheten 2024 behandlades styrelsens f\u00f6rslag om att uppl\u00f6sa kretsen. \u00c5rsm\u00f6tet gav inte tillr\u00e4ckligt st\u00f6d till styrelsens f\u00f6rslag s\u00e5 kretsen lever vidare! Ny kretsordf\u00f6rande Stig Kroon \u00e4r nu kretsordf\u00f6rande och \u00e4r styrelseordf\u00f6rande med [&hellip;]<\/p>\n","protected":false},"author":3,"featured_media":256,"parent":0,"menu_order":0,"comment_status":"open","ping_status":"open","template":"","meta":{"footnotes":""},"class_list":["post-2","page","type-page","status-publish","has-post-thumbnail","hentry"],"_links":{"self":[{"href":"https:\/\/krets.jagareforbundet.se\/gotene\/wp-json\/wp\/v2\/pages\/2","targetHints":{"allow":["GET"]}}],"collection":[{"href":"https:\/\/krets.jagareforbundet.se\/gotene\/wp-json\/wp\/v2\/pages"}],"about":[{"href":"https:\/\/krets.jagareforbundet.se\/gotene\/wp-json\/wp\/v2\/types\/page"}],"author":[{"embeddable":true,"href":"https:\/\/krets.jagareforbundet.se\/gotene\/wp-json\/wp\/v2\/users\/3"}],"replies":[{"embeddable":true,"href":"https:\/\/krets.jagareforbundet.se\/gotene\/wp-json\/wp\/v2\/comments?post=2"}],"version-history":[{"count":3,"href":"https:\/\/krets.jagareforbundet.se\/gotene\/wp-json\/wp\/v2\/pages\/2\/revisions"}],"predecessor-version":[{"id":278,"href":"https:\/\/krets.jagareforbundet.se\/gotene\/wp-json\/wp\/v2\/pages\/2\/revisions\/278"}],"wp:featuredmedia":[{"embeddable":true,"href":"https:\/\/krets.jagareforbundet.se\/gotene\/wp-json\/wp\/v2\/media\/256"}],"wp:attachment":[{"href":"https:\/\/krets.jagareforbundet.se\/gotene\/wp-json\/wp\/v2\/media?parent=2"}],"curies":[{"name":"wp","href":"https:\/\/api.w.org\/{rel}","templated":true}]}}