{"id":251,"date":"2018-10-23T20:22:01","date_gmt":"2018-10-23T18:22:01","guid":{"rendered":"https:\/\/krets.jagareforbundet.se\/gotene\/?page_id=251"},"modified":"2025-02-04T11:16:14","modified_gmt":"2025-02-04T10:16:14","slug":"styrelsen","status":"publish","type":"page","link":"https:\/\/krets.jagareforbundet.se\/gotene\/styrelsen\/","title":{"rendered":"Styrelsen"},"content":{"rendered":"<h2>G\u00f6tene jaktv\u00e5rdskrets<\/h2>\n<p style=\"text-align: left\">Styrelsens sammans\u00e4ttning efter \u00e5rsm\u00f6tet men innan konstituerande styrelsem\u00f6te<\/p>\n<p>Stig Kroon, kretsordf\u00f6rande<\/p>\n<p>\u00c5ke Hallgren<br \/>\nUlla-Britt \u00d6stman<br \/>\nOve Assarsson<br \/>\n3 vakanser som ledamot<\/p>\n<p>6 vakanser som suppleant<\/p>\n","protected":false},"excerpt":{"rendered":"<p>G\u00f6tene jaktv\u00e5rdskrets Styrelsens sammans\u00e4ttning efter \u00e5rsm\u00f6tet men innan konstituerande styrelsem\u00f6te Stig Kroon, kretsordf\u00f6rande \u00c5ke Hallgren Ulla-Britt \u00d6stman Ove Assarsson 3 vakanser som ledamot 6 vakanser som suppleant<\/p>\n","protected":false},"author":132,"featured_media":0,"parent":0,"menu_order":0,"comment_status":"closed","ping_status":"closed","template":"","meta":{"footnotes":""},"class_list":["post-251","page","type-page","status-publish","hentry"],"_links":{"self":[{"href":"https:\/\/krets.jagareforbundet.se\/gotene\/wp-json\/wp\/v2\/pages\/251","targetHints":{"allow":["GET"]}}],"collection":[{"href":"https:\/\/krets.jagareforbundet.se\/gotene\/wp-json\/wp\/v2\/pages"}],"about":[{"href":"https:\/\/krets.jagareforbundet.se\/gotene\/wp-json\/wp\/v2\/types\/page"}],"author":[{"embeddable":true,"href":"https:\/\/krets.jagareforbundet.se\/gotene\/wp-json\/wp\/v2\/users\/132"}],"replies":[{"embeddable":true,"href":"https:\/\/krets.jagareforbundet.se\/gotene\/wp-json\/wp\/v2\/comments?post=251"}],"version-history":[{"count":3,"href":"https:\/\/krets.jagareforbundet.se\/gotene\/wp-json\/wp\/v2\/pages\/251\/revisions"}],"predecessor-version":[{"id":386,"href":"https:\/\/krets.jagareforbundet.se\/gotene\/wp-json\/wp\/v2\/pages\/251\/revisions\/386"}],"wp:attachment":[{"href":"https:\/\/krets.jagareforbundet.se\/gotene\/wp-json\/wp\/v2\/media?parent=251"}],"curies":[{"name":"wp","href":"https:\/\/api.w.org\/{rel}","templated":true}]}}