{"id":162,"date":"2026-02-17T22:22:17","date_gmt":"2026-02-17T21:22:17","guid":{"rendered":"https:\/\/krets.jagareforbundet.se\/gotlandmellersta\/?page_id=162"},"modified":"2026-02-19T16:27:37","modified_gmt":"2026-02-19T15:27:37","slug":"styrelsen-2026","status":"publish","type":"page","link":"https:\/\/krets.jagareforbundet.se\/gotlandmellersta\/styrelsen-2026\/","title":{"rendered":"STYRELSEN 2026"},"content":{"rendered":"<h2>STYRELSELEDAM\u00d6TER:<\/h2>\n<p>&nbsp;<\/p>\n<p><strong>Ordf\u00f6rande:<\/strong><\/p>\n<p>Lisa Jansdotter Svanlund 0707-52 53 52<\/p>\n<p>utbildningsansvarig@jagareforbundetgotland.se<\/p>\n<p>&nbsp;<\/p>\n<p><strong>Vice ordf\u00f6rande: <\/strong><\/p>\n<p>Stefan Gillerfors 0705-08 81 17<\/p>\n<p>stefan.gillerfors@gmail.com<\/p>\n<p>&nbsp;<\/p>\n<p><strong>Sekreterare:<\/strong><\/p>\n<p>Amanda Rydow 0733-94 05 21<\/p>\n<p>oskar@maxon.se<\/p>\n<p>amanda_94rydow@hotmail.com<\/p>\n<p>&nbsp;<\/p>\n<p><strong>Kass\u00f6r:<\/strong><\/p>\n<p>&nbsp;<\/p>\n<p><strong>Ledamot:<\/strong><\/p>\n<p>Ulrik Jakobsson 0766-50 53 10<\/p>\n<p><a href=\"mailto:ulrik.jacobsson96@hotmail.com\">ulrik.jacobsson96@hotmail.com<\/a><\/p>\n<p>&nbsp;<\/p>\n<p><strong>Ledamot:<\/strong><\/p>\n<p>Andreas Johansson 0709-65 31 05<\/p>\n<p>andajohansson77@gmail.com<\/p>\n<p>&nbsp;<\/p>\n<p><strong>Ledamot:<\/strong><\/p>\n<p>Christoffer Gahne 0706-83 92 43<\/p>\n<p>christoffer.g@folkpool-visby.se<\/p>\n<p>&nbsp;<\/p>\n<p><strong>Ledamot:<\/strong><\/p>\n<p>Karl Olsson 0706-82 23 86<\/p>\n<p>guldrupe.karl@gmail.com<\/p>\n<p>&nbsp;<\/p>\n<p><strong>Ledamot:<\/strong><\/p>\n<p>Oskar Maxmo 0733-93 01 74<\/p>\n<p>oskar@maxon.se<\/p>\n<p>&nbsp;<\/p>\n<p><a href=\"https:\/\/krets.jagareforbundet.se\/gotlandmellersta\/files\/2026\/02\/st_sjf_svart_gotland-scaled.jpg\"><img loading=\"lazy\" decoding=\"async\" class=\"alignnone wp-image-155\" src=\"https:\/\/krets.jagareforbundet.se\/gotlandmellersta\/files\/2026\/02\/st_sjf_svart_gotland-1024x600.jpg\" alt=\"\" width=\"524\" height=\"307\" srcset=\"https:\/\/krets.jagareforbundet.se\/gotlandmellersta\/files\/2026\/02\/st_sjf_svart_gotland-1024x600.jpg 1024w, https:\/\/krets.jagareforbundet.se\/gotlandmellersta\/files\/2026\/02\/st_sjf_svart_gotland-300x176.jpg 300w, https:\/\/krets.jagareforbundet.se\/gotlandmellersta\/files\/2026\/02\/st_sjf_svart_gotland-768x450.jpg 768w, https:\/\/krets.jagareforbundet.se\/gotlandmellersta\/files\/2026\/02\/st_sjf_svart_gotland-1536x900.jpg 1536w, https:\/\/krets.jagareforbundet.se\/gotlandmellersta\/files\/2026\/02\/st_sjf_svart_gotland-2048x1200.jpg 2048w\" sizes=\"auto, (max-width: 524px) 100vw, 524px\" \/><\/a><\/p>\n","protected":false},"excerpt":{"rendered":"<p>STYRELSELEDAM\u00d6TER: &nbsp; Ordf\u00f6rande: Lisa Jansdotter Svanlund 0707-52 53 52 utbildningsansvarig@jagareforbundetgotland.se &nbsp; Vice ordf\u00f6rande: Stefan Gillerfors 0705-08 81 17 stefan.gillerfors@gmail.com &nbsp; Sekreterare: Amanda Rydow 0733-94 05 21 oskar@maxon.se amanda_94rydow@hotmail.com &nbsp; Kass\u00f6r: &nbsp; Ledamot: Ulrik Jakobsson 0766-50 53 10 ulrik.jacobsson96@hotmail.com &nbsp; Ledamot: Andreas Johansson 0709-65 31 05 andajohansson77@gmail.com &nbsp; Ledamot: Christoffer Gahne 0706-83 92 43 christoffer.g@folkpool-visby.se &nbsp; [&hellip;]<\/p>\n","protected":false},"author":313,"featured_media":0,"parent":0,"menu_order":1,"comment_status":"closed","ping_status":"closed","template":"","meta":{"footnotes":""},"class_list":["post-162","page","type-page","status-publish","hentry"],"_links":{"self":[{"href":"https:\/\/krets.jagareforbundet.se\/gotlandmellersta\/wp-json\/wp\/v2\/pages\/162","targetHints":{"allow":["GET"]}}],"collection":[{"href":"https:\/\/krets.jagareforbundet.se\/gotlandmellersta\/wp-json\/wp\/v2\/pages"}],"about":[{"href":"https:\/\/krets.jagareforbundet.se\/gotlandmellersta\/wp-json\/wp\/v2\/types\/page"}],"author":[{"embeddable":true,"href":"https:\/\/krets.jagareforbundet.se\/gotlandmellersta\/wp-json\/wp\/v2\/users\/313"}],"replies":[{"embeddable":true,"href":"https:\/\/krets.jagareforbundet.se\/gotlandmellersta\/wp-json\/wp\/v2\/comments?post=162"}],"version-history":[{"count":3,"href":"https:\/\/krets.jagareforbundet.se\/gotlandmellersta\/wp-json\/wp\/v2\/pages\/162\/revisions"}],"predecessor-version":[{"id":199,"href":"https:\/\/krets.jagareforbundet.se\/gotlandmellersta\/wp-json\/wp\/v2\/pages\/162\/revisions\/199"}],"wp:attachment":[{"href":"https:\/\/krets.jagareforbundet.se\/gotlandmellersta\/wp-json\/wp\/v2\/media?parent=162"}],"curies":[{"name":"wp","href":"https:\/\/api.w.org\/{rel}","templated":true}]}}