{"id":2,"date":"2011-09-07T09:28:43","date_gmt":"2011-09-07T09:28:43","guid":{"rendered":"https:\/\/krets.jagareforbundet.se\/template\/?page_id=2"},"modified":"2026-04-19T12:43:59","modified_gmt":"2026-04-19T10:43:59","slug":"exempelsida","status":"publish","type":"page","link":"https:\/\/krets.jagareforbundet.se\/gotlandmellersta\/","title":{"rendered":"V\u00e4lkommen till J\u00e4garef\u00f6rbundet Gotlands          MELLERSTA Jaktv\u00e5rdskrets!"},"content":{"rendered":"<p><a href=\"https:\/\/krets.jagareforbundet.se\/gotlandmellersta\/files\/2026\/02\/Jansdotter-108.jpg\"><img loading=\"lazy\" decoding=\"async\" class=\"alignnone size-large wp-image-140\" src=\"https:\/\/krets.jagareforbundet.se\/gotlandmellersta\/files\/2026\/02\/Jansdotter-108-1024x512.jpg\" alt=\"\" width=\"1024\" height=\"512\" srcset=\"https:\/\/krets.jagareforbundet.se\/gotlandmellersta\/files\/2026\/02\/Jansdotter-108-1024x512.jpg 1024w, https:\/\/krets.jagareforbundet.se\/gotlandmellersta\/files\/2026\/02\/Jansdotter-108-300x150.jpg 300w, https:\/\/krets.jagareforbundet.se\/gotlandmellersta\/files\/2026\/02\/Jansdotter-108-768x384.jpg 768w, https:\/\/krets.jagareforbundet.se\/gotlandmellersta\/files\/2026\/02\/Jansdotter-108.jpg 1080w\" sizes=\"auto, (max-width: 1024px) 100vw, 1024px\" \/><\/a><\/p>\n<p>Vi lanserar precis v\u00e5r nya hemsida &#8211; ett nytt s\u00e4tt att kommunicera med v\u00e5ra medlemmar i Mellersta Kretsen!<\/p>\n<p>H\u00e4r kommer du som medlem kunna ta del av nyheter och evenemang och mycket annat.<\/p>\n<p>H\u00e5ll utkik &#8211; vi fyller p\u00e5 vartefter!<\/p>\n","protected":false},"excerpt":{"rendered":"<p>Vi lanserar precis v\u00e5r nya hemsida &#8211; ett nytt s\u00e4tt att kommunicera med v\u00e5ra medlemmar i Mellersta Kretsen! H\u00e4r kommer du som medlem kunna ta del av nyheter och evenemang och mycket annat. H\u00e5ll utkik &#8211; vi fyller p\u00e5 vartefter!<\/p>\n","protected":false},"author":3,"featured_media":202,"parent":0,"menu_order":0,"comment_status":"open","ping_status":"open","template":"","meta":{"footnotes":""},"class_list":["post-2","page","type-page","status-publish","has-post-thumbnail","hentry"],"_links":{"self":[{"href":"https:\/\/krets.jagareforbundet.se\/gotlandmellersta\/wp-json\/wp\/v2\/pages\/2","targetHints":{"allow":["GET"]}}],"collection":[{"href":"https:\/\/krets.jagareforbundet.se\/gotlandmellersta\/wp-json\/wp\/v2\/pages"}],"about":[{"href":"https:\/\/krets.jagareforbundet.se\/gotlandmellersta\/wp-json\/wp\/v2\/types\/page"}],"author":[{"embeddable":true,"href":"https:\/\/krets.jagareforbundet.se\/gotlandmellersta\/wp-json\/wp\/v2\/users\/3"}],"replies":[{"embeddable":true,"href":"https:\/\/krets.jagareforbundet.se\/gotlandmellersta\/wp-json\/wp\/v2\/comments?post=2"}],"version-history":[{"count":3,"href":"https:\/\/krets.jagareforbundet.se\/gotlandmellersta\/wp-json\/wp\/v2\/pages\/2\/revisions"}],"predecessor-version":[{"id":200,"href":"https:\/\/krets.jagareforbundet.se\/gotlandmellersta\/wp-json\/wp\/v2\/pages\/2\/revisions\/200"}],"wp:featuredmedia":[{"embeddable":true,"href":"https:\/\/krets.jagareforbundet.se\/gotlandmellersta\/wp-json\/wp\/v2\/media\/202"}],"wp:attachment":[{"href":"https:\/\/krets.jagareforbundet.se\/gotlandmellersta\/wp-json\/wp\/v2\/media?parent=2"}],"curies":[{"name":"wp","href":"https:\/\/api.w.org\/{rel}","templated":true}]}}