{"id":38,"date":"2011-09-09T08:13:57","date_gmt":"2011-09-09T08:13:57","guid":{"rendered":"https:\/\/krets.jagareforbundet.se\/template\/?page_id=38"},"modified":"2026-02-17T22:26:53","modified_gmt":"2026-02-17T21:26:53","slug":"bildgalleri","status":"publish","type":"page","link":"https:\/\/krets.jagareforbundet.se\/gotlandmellersta\/bildgalleri\/","title":{"rendered":"Bildgalleri"},"content":{"rendered":"<p><a href=\"https:\/\/krets.jagareforbundet.se\/gotlandmellersta\/files\/2026\/02\/Jansdotter-102.jpg\"><img loading=\"lazy\" decoding=\"async\" class=\"alignnone size-medium wp-image-141\" src=\"https:\/\/krets.jagareforbundet.se\/gotlandmellersta\/files\/2026\/02\/Jansdotter-102-300x200.jpg\" alt=\"\" width=\"300\" height=\"200\" srcset=\"https:\/\/krets.jagareforbundet.se\/gotlandmellersta\/files\/2026\/02\/Jansdotter-102-300x200.jpg 300w, https:\/\/krets.jagareforbundet.se\/gotlandmellersta\/files\/2026\/02\/Jansdotter-102-1024x682.jpg 1024w, https:\/\/krets.jagareforbundet.se\/gotlandmellersta\/files\/2026\/02\/Jansdotter-102-768x511.jpg 768w, https:\/\/krets.jagareforbundet.se\/gotlandmellersta\/files\/2026\/02\/Jansdotter-102.jpg 1080w\" sizes=\"auto, (max-width: 300px) 100vw, 300px\" \/><\/a>Det h\u00e4r \u00e4r ett exempel p\u00e5 hur ett bildgalleri kan se ut.<\/p>\n\n\t\t<style type=\"text\/css\">\n\t\t\t#gallery-1 {\n\t\t\t\tmargin: auto;\n\t\t\t}\n\t\t\t#gallery-1 .gallery-item {\n\t\t\t\tfloat: left;\n\t\t\t\tmargin-top: 10px;\n\t\t\t\ttext-align: center;\n\t\t\t\twidth: 33%;\n\t\t\t}\n\t\t\t#gallery-1 img {\n\t\t\t\tborder: 2px solid #cfcfcf;\n\t\t\t}\n\t\t\t#gallery-1 .gallery-caption {\n\t\t\t\tmargin-left: 0;\n\t\t\t}\n\t\t\t\/* see gallery_shortcode() in wp-includes\/media.php *\/\n\t\t<\/style>\n\t\t<div id='gallery-1' class='gallery galleryid-38 gallery-columns-3 gallery-size-thumbnail'><dl class='gallery-item'>\n\t\t\t<dt class='gallery-icon portrait'>\n\t\t\t\t<a href='https:\/\/krets.jagareforbundet.se\/gotlandmellersta\/files\/2026\/02\/10-aug-2024-82.jpg'><img loading=\"lazy\" decoding=\"async\" width=\"150\" height=\"150\" src=\"https:\/\/krets.jagareforbundet.se\/gotlandmellersta\/files\/2026\/02\/10-aug-2024-82-150x150.jpg\" class=\"attachment-thumbnail size-thumbnail\" alt=\"\" \/><\/a>\n\t\t\t<\/dt><\/dl><dl class='gallery-item'>\n\t\t\t<dt class='gallery-icon landscape'>\n\t\t\t\t<a href='https:\/\/krets.jagareforbundet.se\/gotlandmellersta\/files\/2026\/02\/kurs-3.jpg'><img loading=\"lazy\" decoding=\"async\" width=\"150\" height=\"150\" src=\"https:\/\/krets.jagareforbundet.se\/gotlandmellersta\/files\/2026\/02\/kurs-3-150x150.jpg\" class=\"attachment-thumbnail size-thumbnail\" alt=\"\" \/><\/a>\n\t\t\t<\/dt><\/dl><dl class='gallery-item'>\n\t\t\t<dt class='gallery-icon landscape'>\n\t\t\t\t<a href='https:\/\/krets.jagareforbundet.se\/gotlandmellersta\/files\/2026\/02\/namnlost-9.jpg'><img loading=\"lazy\" decoding=\"async\" width=\"150\" height=\"150\" src=\"https:\/\/krets.jagareforbundet.se\/gotlandmellersta\/files\/2026\/02\/namnlost-9-150x150.jpg\" class=\"attachment-thumbnail size-thumbnail\" alt=\"\" \/><\/a>\n\t\t\t<\/dt><\/dl><br style=\"clear: both\" \/><dl class='gallery-item'>\n\t\t\t<dt class='gallery-icon landscape'>\n\t\t\t\t<a href='https:\/\/krets.jagareforbundet.se\/gotlandmellersta\/files\/2026\/02\/namnlost-4.jpg'><img loading=\"lazy\" decoding=\"async\" width=\"150\" height=\"150\" src=\"https:\/\/krets.jagareforbundet.se\/gotlandmellersta\/files\/2026\/02\/namnlost-4-150x150.jpg\" class=\"attachment-thumbnail size-thumbnail\" alt=\"\" srcset=\"https:\/\/krets.jagareforbundet.se\/gotlandmellersta\/files\/2026\/02\/namnlost-4-150x150.jpg 150w, https:\/\/krets.jagareforbundet.se\/gotlandmellersta\/files\/2026\/02\/namnlost-4-300x300.jpg 300w, https:\/\/krets.jagareforbundet.se\/gotlandmellersta\/files\/2026\/02\/namnlost-4-1024x1024.jpg 1024w, https:\/\/krets.jagareforbundet.se\/gotlandmellersta\/files\/2026\/02\/namnlost-4-768x768.jpg 768w, https:\/\/krets.jagareforbundet.se\/gotlandmellersta\/files\/2026\/02\/namnlost-4.jpg 1080w\" sizes=\"auto, (max-width: 150px) 100vw, 150px\" \/><\/a>\n\t\t\t<\/dt><\/dl><dl class='gallery-item'>\n\t\t\t<dt class='gallery-icon landscape'>\n\t\t\t\t<a href='https:\/\/krets.jagareforbundet.se\/gotlandmellersta\/files\/2026\/02\/Jansdotter-108.jpg'><img loading=\"lazy\" decoding=\"async\" width=\"150\" height=\"150\" src=\"https:\/\/krets.jagareforbundet.se\/gotlandmellersta\/files\/2026\/02\/Jansdotter-108-150x150.jpg\" class=\"attachment-thumbnail size-thumbnail\" alt=\"\" \/><\/a>\n\t\t\t<\/dt><\/dl><dl class='gallery-item'>\n\t\t\t<dt class='gallery-icon landscape'>\n\t\t\t\t<a href='https:\/\/krets.jagareforbundet.se\/gotlandmellersta\/files\/2026\/02\/Jansdotter-102.jpg'><img loading=\"lazy\" decoding=\"async\" width=\"150\" height=\"150\" src=\"https:\/\/krets.jagareforbundet.se\/gotlandmellersta\/files\/2026\/02\/Jansdotter-102-150x150.jpg\" class=\"attachment-thumbnail size-thumbnail\" alt=\"\" aria-describedby=\"gallery-1-141\" \/><\/a>\n\t\t\t<\/dt>\n\t\t\t\t<dd class='wp-caption-text gallery-caption' id='gallery-1-141'>\n\t\t\t\tDet kommer en v\u00e5r&#8230;.\n\t\t\t\t<\/dd><\/dl><br style=\"clear: both\" \/>\n\t\t<\/div>\n\n","protected":false},"excerpt":{"rendered":"<p>Det h\u00e4r \u00e4r ett exempel p\u00e5 hur ett bildgalleri kan se ut.<\/p>\n","protected":false},"author":3,"featured_media":0,"parent":0,"menu_order":6,"comment_status":"open","ping_status":"closed","template":"","meta":{"footnotes":""},"class_list":["post-38","page","type-page","status-publish","hentry"],"_links":{"self":[{"href":"https:\/\/krets.jagareforbundet.se\/gotlandmellersta\/wp-json\/wp\/v2\/pages\/38","targetHints":{"allow":["GET"]}}],"collection":[{"href":"https:\/\/krets.jagareforbundet.se\/gotlandmellersta\/wp-json\/wp\/v2\/pages"}],"about":[{"href":"https:\/\/krets.jagareforbundet.se\/gotlandmellersta\/wp-json\/wp\/v2\/types\/page"}],"author":[{"embeddable":true,"href":"https:\/\/krets.jagareforbundet.se\/gotlandmellersta\/wp-json\/wp\/v2\/users\/3"}],"replies":[{"embeddable":true,"href":"https:\/\/krets.jagareforbundet.se\/gotlandmellersta\/wp-json\/wp\/v2\/comments?post=38"}],"version-history":[{"count":1,"href":"https:\/\/krets.jagareforbundet.se\/gotlandmellersta\/wp-json\/wp\/v2\/pages\/38\/revisions"}],"predecessor-version":[{"id":142,"href":"https:\/\/krets.jagareforbundet.se\/gotlandmellersta\/wp-json\/wp\/v2\/pages\/38\/revisions\/142"}],"wp:attachment":[{"href":"https:\/\/krets.jagareforbundet.se\/gotlandmellersta\/wp-json\/wp\/v2\/media?parent=38"}],"curies":[{"name":"wp","href":"https:\/\/api.w.org\/{rel}","templated":true}]}}