{"id":108,"date":"2013-01-03T18:44:43","date_gmt":"2013-01-03T17:44:43","guid":{"rendered":"https:\/\/krets.jagareforbundet.se\/grums\/?page_id=108"},"modified":"2023-02-28T19:24:45","modified_gmt":"2023-02-28T18:24:45","slug":"kretsstyrelsen","status":"publish","type":"page","link":"https:\/\/krets.jagareforbundet.se\/grums\/kretsstyrelsen\/","title":{"rendered":"Kretsstyrelsen"},"content":{"rendered":"<p><a href=\"https:\/\/krets.jagareforbundet.se\/grums\/files\/2013\/01\/KM-Grums-1-2013.jpg\"><img loading=\"lazy\" decoding=\"async\" class=\"alignnone size-large wp-image-301\" title=\"Grums Jaktvardskrets\" src=\"https:\/\/krets.jagareforbundet.se\/grums\/files\/2013\/01\/KM-Grums-1-2013-e1370371167629-1024x214.jpg\" alt=\"\" width=\"1024\" height=\"214\" srcset=\"https:\/\/krets.jagareforbundet.se\/grums\/files\/2013\/01\/KM-Grums-1-2013-e1370371167629-1024x214.jpg 1024w, https:\/\/krets.jagareforbundet.se\/grums\/files\/2013\/01\/KM-Grums-1-2013-e1370371167629-300x62.jpg 300w\" sizes=\"auto, (max-width: 1024px) 100vw, 1024px\" \/><\/a><\/p>\n<table style=\"height: 384px\" border=\"0\" width=\"1245\" align=\"left\">\n<tbody>\n<tr>\n<td><strong>Ordf\u00f6rande. \u00a0 &#8211;<\/strong><strong><em>Ansvarsomr\u00e5de: Opinion- och kommunikation, Vilt\u00f6vervakning, \u00c4lg\u00e4rende.<\/em><\/strong><\/td>\n<td style=\"text-align: left\"><a href=\"mailto:per-ove.eriksson@psmab.com\">Per-Ove Eriksson<\/a><\/td>\n<td>070-3540255<\/td>\n<\/tr>\n<tr>\n<td><strong>Vice ordf\u00f6rande. \u00a0 &#8211;<em>Ansvarsomr\u00e5de: Medlem- och marknad, Utbildning.<\/em><\/strong><\/td>\n<td>\u00a0<a href=\"mailto:mbrunaker@gmail.com\">Mattias Brun\u00e5ker<\/a><\/td>\n<td style=\"text-align: left\">070-2805106<\/td>\n<\/tr>\n<tr>\n<td><strong>Kass\u00f6r. \u00a0 &#8211;<em>Ansvarsomr\u00e5de: Hund,\u00a0<\/em><\/strong><\/td>\n<td><a href=\"mailto:elin.jireskog@outlook.com\">Elin Jireskog Krave<\/a><\/td>\n<td style=\"text-align: left\">\u00a0073-2506310<\/td>\n<\/tr>\n<tr>\n<td><strong>Sekreterare. \u00a0 &#8211;<em>Ansvarsomr\u00e5de: JAQT, skytte<\/em><\/strong><\/td>\n<td style=\"text-align: left\"><a href=\"mailto:petratorinjansson@gmail.com\">Petra Torin Jansson<\/a><\/td>\n<td style=\"text-align: left\">072-2374343<\/td>\n<\/tr>\n<tr>\n<td><strong>Ledamot. \u00a0 &#8211;<em>Ansvarsomr\u00e5de: Ungdom, Rovviltsansvarig<\/em><\/strong><\/td>\n<td style=\"text-align: left\"><a href=\"mailto:jocke1b@hotmail.com\">Joakim Larsen Eriksson<\/a><\/td>\n<td style=\"text-align: left\">\u00a0070-5544441<\/td>\n<\/tr>\n<tr>\n<td><strong>Ledamot. \u00a0 &#8211;<em>Ansvarsomr\u00e5de: Samordnare vid viltolyckor, webb<\/em><\/strong><\/td>\n<td style=\"text-align: left\"><a href=\"mailto:vicbo@hotmail.com\">Victor Orbay<\/a><\/td>\n<td style=\"text-align: left\">\u00a0070-3777762<\/td>\n<\/tr>\n<tr>\n<td><\/td>\n<td style=\"text-align: center\"><\/td>\n<td style=\"text-align: right\"><\/td>\n<\/tr>\n<tr>\n<td><\/td>\n<td style=\"text-align: center\"><\/td>\n<td style=\"text-align: right\"><\/td>\n<\/tr>\n<tr>\n<td><\/td>\n<td style=\"text-align: center\"><\/td>\n<td><\/td>\n<\/tr>\n<tr>\n<td><strong>Valberedning (sammankallande)<\/strong><\/td>\n<td style=\"text-align: left\"><a href=\"mailto:lundsten@ingersbyn.se\">Niclas Lundsten<\/a><\/td>\n<td>\u00a0 \u00a0 070-3991560<\/td>\n<\/tr>\n<tr>\n<td><strong>Valberedning<\/strong><\/td>\n<td><\/td>\n<td><\/td>\n<\/tr>\n<tr>\n<td><strong>Valberedning (suppleant)<\/strong><\/td>\n<td style=\"text-align: center\"><\/td>\n<td><\/td>\n<\/tr>\n<tr>\n<td><strong>Valberedning (till L\u00e4nsf\u00f6rbundet)<\/strong><\/td>\n<td style=\"text-align: left\">\u00a0Per-Ove Eriksson<u><\/u><\/td>\n<td><\/td>\n<\/tr>\n<\/tbody>\n<\/table>\n<p>\u00c5rsber\u00e4ttelser hittar ni under fliken \u00c5rsber\u00e4ttelser till v\u00e4nster i kolumnern<\/p>\n","protected":false},"excerpt":{"rendered":"<p>Ordf\u00f6rande. \u00a0 &#8211;Ansvarsomr\u00e5de: Opinion- och kommunikation, Vilt\u00f6vervakning, \u00c4lg\u00e4rende. Per-Ove Eriksson 070-3540255 Vice ordf\u00f6rande. \u00a0 &#8211;Ansvarsomr\u00e5de: Medlem- och marknad, Utbildning. \u00a0Mattias Brun\u00e5ker 070-2805106 Kass\u00f6r. \u00a0 &#8211;Ansvarsomr\u00e5de: Hund,\u00a0 Elin Jireskog Krave \u00a0073-2506310 Sekreterare. \u00a0 &#8211;Ansvarsomr\u00e5de: JAQT, skytte Petra Torin Jansson 072-2374343 Ledamot. \u00a0 &#8211;Ansvarsomr\u00e5de: Ungdom, Rovviltsansvarig Joakim Larsen Eriksson \u00a0070-5544441 Ledamot. \u00a0 &#8211;Ansvarsomr\u00e5de: Samordnare vid viltolyckor, webb [&hellip;]<\/p>\n","protected":false},"author":41,"featured_media":0,"parent":0,"menu_order":1,"comment_status":"open","ping_status":"open","template":"","meta":{"footnotes":""},"class_list":["post-108","page","type-page","status-publish","hentry"],"_links":{"self":[{"href":"https:\/\/krets.jagareforbundet.se\/grums\/wp-json\/wp\/v2\/pages\/108","targetHints":{"allow":["GET"]}}],"collection":[{"href":"https:\/\/krets.jagareforbundet.se\/grums\/wp-json\/wp\/v2\/pages"}],"about":[{"href":"https:\/\/krets.jagareforbundet.se\/grums\/wp-json\/wp\/v2\/types\/page"}],"author":[{"embeddable":true,"href":"https:\/\/krets.jagareforbundet.se\/grums\/wp-json\/wp\/v2\/users\/41"}],"replies":[{"embeddable":true,"href":"https:\/\/krets.jagareforbundet.se\/grums\/wp-json\/wp\/v2\/comments?post=108"}],"version-history":[{"count":3,"href":"https:\/\/krets.jagareforbundet.se\/grums\/wp-json\/wp\/v2\/pages\/108\/revisions"}],"predecessor-version":[{"id":673,"href":"https:\/\/krets.jagareforbundet.se\/grums\/wp-json\/wp\/v2\/pages\/108\/revisions\/673"}],"wp:attachment":[{"href":"https:\/\/krets.jagareforbundet.se\/grums\/wp-json\/wp\/v2\/media?parent=108"}],"curies":[{"name":"wp","href":"https:\/\/api.w.org\/{rel}","templated":true}]}}