{"id":118,"date":"2013-01-03T18:53:59","date_gmt":"2013-01-03T17:53:59","guid":{"rendered":"https:\/\/krets.jagareforbundet.se\/grums\/?page_id=118"},"modified":"2018-03-19T10:52:22","modified_gmt":"2018-03-19T09:52:22","slug":"utbildning","status":"publish","type":"page","link":"https:\/\/krets.jagareforbundet.se\/grums\/utbildning\/","title":{"rendered":"Utbildning"},"content":{"rendered":"<h3>\u00a0H\u00e4r hoppas vi att ett rikt utbud kommer att locka dig att l\u00e4ra dig n\u00e5got mer, n\u00e5got nytt eller\u00a0n\u00e5got annat. Kontakta g\u00e4rna v\u00e5r utbildningsansvarige (se kretsstyrelsen) med id\u00e9er och f\u00f6rslag &#8211; vi lovar att g\u00f6ra v\u00e5rt b\u00e4sta f\u00f6r att de ska bli verklighet.<\/h3>\n<p>Ibland missar vi att l\u00e4gga information h\u00e4r men titta g\u00e4rna under &#8221;Nyheter&#8221; &#8211; d\u00e4r finns all aktuell information som r\u00f6r kretsen. Kika g\u00e4rna p\u00e5 v\u00e5r facebooksida ocks\u00e5. V\u00e4lkomna.<\/p>\n<p>_______________________________________________________<\/p>\n<p>Studiefr\u00e4mjandet \u00e4r J\u00e4garef\u00f6rbundets studieorganisation. V\u00e5r kontakt p\u00e5 studiefr\u00e4mjandet \u00e4r Hans Jonsson, <a href=\"mailto:hans.jonsson@studieframjandet.se\">hans.jonsson@studieframjandet.se<\/a>, \u00a0070-56 77 771<\/p>\n","protected":false},"excerpt":{"rendered":"<p>\u00a0H\u00e4r hoppas vi att ett rikt utbud kommer att locka dig att l\u00e4ra dig n\u00e5got mer, n\u00e5got nytt eller\u00a0n\u00e5got annat. Kontakta g\u00e4rna v\u00e5r utbildningsansvarige (se kretsstyrelsen) med id\u00e9er och f\u00f6rslag &#8211; vi lovar att g\u00f6ra v\u00e5rt b\u00e4sta f\u00f6r att de ska bli verklighet. Ibland missar vi att l\u00e4gga information h\u00e4r men titta g\u00e4rna under &#8221;Nyheter&#8221; [&hellip;]<\/p>\n","protected":false},"author":41,"featured_media":0,"parent":0,"menu_order":2,"comment_status":"open","ping_status":"open","template":"","meta":{"footnotes":""},"class_list":["post-118","page","type-page","status-publish","hentry"],"_links":{"self":[{"href":"https:\/\/krets.jagareforbundet.se\/grums\/wp-json\/wp\/v2\/pages\/118","targetHints":{"allow":["GET"]}}],"collection":[{"href":"https:\/\/krets.jagareforbundet.se\/grums\/wp-json\/wp\/v2\/pages"}],"about":[{"href":"https:\/\/krets.jagareforbundet.se\/grums\/wp-json\/wp\/v2\/types\/page"}],"author":[{"embeddable":true,"href":"https:\/\/krets.jagareforbundet.se\/grums\/wp-json\/wp\/v2\/users\/41"}],"replies":[{"embeddable":true,"href":"https:\/\/krets.jagareforbundet.se\/grums\/wp-json\/wp\/v2\/comments?post=118"}],"version-history":[{"count":1,"href":"https:\/\/krets.jagareforbundet.se\/grums\/wp-json\/wp\/v2\/pages\/118\/revisions"}],"predecessor-version":[{"id":559,"href":"https:\/\/krets.jagareforbundet.se\/grums\/wp-json\/wp\/v2\/pages\/118\/revisions\/559"}],"wp:attachment":[{"href":"https:\/\/krets.jagareforbundet.se\/grums\/wp-json\/wp\/v2\/media?parent=118"}],"curies":[{"name":"wp","href":"https:\/\/api.w.org\/{rel}","templated":true}]}}