{"id":137,"date":"2013-01-03T19:05:06","date_gmt":"2013-01-03T18:05:06","guid":{"rendered":"https:\/\/krets.jagareforbundet.se\/grums\/?page_id=137"},"modified":"2023-02-23T16:28:15","modified_gmt":"2023-02-23T15:28:15","slug":"lankar","status":"publish","type":"page","link":"https:\/\/krets.jagareforbundet.se\/grums\/lankar\/","title":{"rendered":"L\u00e4nkar"},"content":{"rendered":"<p>&nbsp;<\/p>\n<p>Grums Jaktv\u00e5rdskrets Facebook-fl\u00f6de<\/p>\n<a href=\"https:\/\/www.facebook.com\/profile.php?id=100068689654993&amp;notif_id=1677120601350149&amp;notif_t=top_fans_fan&amp;ref=notif\" title=\"Facebook\" target=\"_blank\"><img decoding=\"async\" src=\"\/wp-content\/themes\/canvas\/functions\/images\/ico-social-facebook.png\" alt=\"Facebook\" class=\"social-icon social-icon-facebook\" \/><\/a>\n\n<p>&nbsp;<\/p>\n<p><a href=\"https:\/\/jagareforbundet.se\/mitt\/varmlands-lan\/jagareforbundet-varmland\/\">J\u00e4garef\u00f6rbundet V\u00e4rmland<\/a><\/p>\n","protected":false},"excerpt":{"rendered":"<p>&nbsp; Grums Jaktv\u00e5rdskrets Facebook-fl\u00f6de &nbsp; J\u00e4garef\u00f6rbundet V\u00e4rmland<\/p>\n","protected":false},"author":41,"featured_media":0,"parent":0,"menu_order":19,"comment_status":"open","ping_status":"open","template":"","meta":{"footnotes":""},"class_list":["post-137","page","type-page","status-publish","hentry"],"_links":{"self":[{"href":"https:\/\/krets.jagareforbundet.se\/grums\/wp-json\/wp\/v2\/pages\/137","targetHints":{"allow":["GET"]}}],"collection":[{"href":"https:\/\/krets.jagareforbundet.se\/grums\/wp-json\/wp\/v2\/pages"}],"about":[{"href":"https:\/\/krets.jagareforbundet.se\/grums\/wp-json\/wp\/v2\/types\/page"}],"author":[{"embeddable":true,"href":"https:\/\/krets.jagareforbundet.se\/grums\/wp-json\/wp\/v2\/users\/41"}],"replies":[{"embeddable":true,"href":"https:\/\/krets.jagareforbundet.se\/grums\/wp-json\/wp\/v2\/comments?post=137"}],"version-history":[{"count":3,"href":"https:\/\/krets.jagareforbundet.se\/grums\/wp-json\/wp\/v2\/pages\/137\/revisions"}],"predecessor-version":[{"id":650,"href":"https:\/\/krets.jagareforbundet.se\/grums\/wp-json\/wp\/v2\/pages\/137\/revisions\/650"}],"wp:attachment":[{"href":"https:\/\/krets.jagareforbundet.se\/grums\/wp-json\/wp\/v2\/media?parent=137"}],"curies":[{"name":"wp","href":"https:\/\/api.w.org\/{rel}","templated":true}]}}