{"id":156,"date":"2013-01-03T19:29:55","date_gmt":"2013-01-03T18:29:55","guid":{"rendered":"https:\/\/krets.jagareforbundet.se\/grums\/?page_id=156"},"modified":"2019-11-19T23:47:06","modified_gmt":"2019-11-19T22:47:06","slug":"ovrigt","status":"publish","type":"page","link":"https:\/\/krets.jagareforbundet.se\/grums\/ovrigt\/","title":{"rendered":"\u00d6vrigt"},"content":{"rendered":"<p><strong>Nyhetsbrev fr\u00e5n Svenska J\u00e4garef\u00f6rbundet<\/strong><\/p>\n<div class=\"text_exposed_root text_exposed\"><a href=\"https:\/\/krets.jagareforbundet.se\/grums\/files\/2019\/11\/Nyhetsbrev-75.pdf\">Nyhetsbrev 75<\/a><\/div>\n<div class=\"text_exposed_root text_exposed\"><a href=\"https:\/\/krets.jagareforbundet.se\/grums\/files\/2019\/11\/Nyhetsbrev-76.pdf\">Nyhetsbrev 76<\/a><\/div>\n<div class=\"text_exposed_root text_exposed\"><a href=\"https:\/\/krets.jagareforbundet.se\/grums\/files\/2019\/11\/Nyhetsbrev-77.pdf\">Nyhetsbrev 77<\/a><\/div>\n<div class=\"text_exposed_root text_exposed\"><a href=\"https:\/\/krets.jagareforbundet.se\/grums\/files\/2019\/11\/Nyhetsbrev-83.pdf\">Nyhetsbrev 83<\/a><\/div>\n<div class=\"text_exposed_root text_exposed\"><a href=\"https:\/\/krets.jagareforbundet.se\/grums\/files\/2019\/11\/Nyhetsbrev-85.pdf\">Nyhetsbrev 85<\/a><\/div>\n<p>&nbsp;<\/p>\n<p>&nbsp;<\/p>\n","protected":false},"excerpt":{"rendered":"<p>Nyhetsbrev fr\u00e5n Svenska J\u00e4garef\u00f6rbundet Nyhetsbrev 75 Nyhetsbrev 76 Nyhetsbrev 77 Nyhetsbrev 83 Nyhetsbrev 85 &nbsp; &nbsp;<\/p>\n","protected":false},"author":41,"featured_media":0,"parent":0,"menu_order":7,"comment_status":"open","ping_status":"open","template":"","meta":{"footnotes":""},"class_list":["post-156","page","type-page","status-publish","hentry"],"_links":{"self":[{"href":"https:\/\/krets.jagareforbundet.se\/grums\/wp-json\/wp\/v2\/pages\/156","targetHints":{"allow":["GET"]}}],"collection":[{"href":"https:\/\/krets.jagareforbundet.se\/grums\/wp-json\/wp\/v2\/pages"}],"about":[{"href":"https:\/\/krets.jagareforbundet.se\/grums\/wp-json\/wp\/v2\/types\/page"}],"author":[{"embeddable":true,"href":"https:\/\/krets.jagareforbundet.se\/grums\/wp-json\/wp\/v2\/users\/41"}],"replies":[{"embeddable":true,"href":"https:\/\/krets.jagareforbundet.se\/grums\/wp-json\/wp\/v2\/comments?post=156"}],"version-history":[{"count":2,"href":"https:\/\/krets.jagareforbundet.se\/grums\/wp-json\/wp\/v2\/pages\/156\/revisions"}],"predecessor-version":[{"id":611,"href":"https:\/\/krets.jagareforbundet.se\/grums\/wp-json\/wp\/v2\/pages\/156\/revisions\/611"}],"wp:attachment":[{"href":"https:\/\/krets.jagareforbundet.se\/grums\/wp-json\/wp\/v2\/media?parent=156"}],"curies":[{"name":"wp","href":"https:\/\/api.w.org\/{rel}","templated":true}]}}