{"id":160,"date":"2013-01-04T16:53:15","date_gmt":"2013-01-04T15:53:15","guid":{"rendered":"https:\/\/krets.jagareforbundet.se\/grums\/?page_id=160"},"modified":"2019-11-20T00:26:52","modified_gmt":"2019-11-19T23:26:52","slug":"arsberattelser","status":"publish","type":"page","link":"https:\/\/krets.jagareforbundet.se\/grums\/kretsstyrelsen\/arsberattelser\/","title":{"rendered":"\u00c5rsber\u00e4ttelser"},"content":{"rendered":"<h1 style=\"text-align: center\"><a href=\"https:\/\/krets.jagareforbundet.se\/grums\/files\/2019\/11\/\u00c5rsm\u00f6te-2019.pdf\">\u00c5rsm\u00f6te 2019<\/a><\/h1>\n<h1 style=\"text-align: center\"><a href=\"https:\/\/krets.jagareforbundet.se\/grums\/files\/2017\/02\/arsmote2017.pdf\">\u00c5rsm\u00f6te2017<\/a><\/h1>\n<h1 style=\"text-align: center\"><a href=\"https:\/\/krets.jagareforbundet.se\/grums\/files\/2016\/02\/arsmote2016.pdf\">\u00c5rsm\u00f6te2016<\/a><\/h1>\n<h1 style=\"text-align: center\">2015<\/h1>\n<h1 style=\"text-align: center\"><a href=\"https:\/\/krets.jagareforbundet.se\/grums\/files\/2013\/01\/\u00c5rsber\u00e4ttelse-2014.pdf\">2014<\/a><\/h1>\n<h1 style=\"text-align: center\">&#8211; 2012\u00a0&#8211;<\/h1>\n<h1 style=\"text-align: center\">&#8211; <a href=\"https:\/\/krets.jagareforbundet.se\/grums\/files\/2013\/01\/Arsberattelse-2011.pdf\">2011<\/a>\u00a0&#8211;<\/h1>\n<p style=\"text-align: center\"><a href=\"https:\/\/krets.jagareforbundet.se\/grums\/files\/2013\/01\/Arsberattelse-2011-bild.jpg\"><img loading=\"lazy\" decoding=\"async\" class=\" wp-image-230 aligncenter\" title=\"Arsberattelse 2011 bild\" src=\"https:\/\/krets.jagareforbundet.se\/grums\/files\/2013\/01\/Arsberattelse-2011-bild-1024x109.jpg\" alt=\"\" width=\"430\" height=\"46\" srcset=\"https:\/\/krets.jagareforbundet.se\/grums\/files\/2013\/01\/Arsberattelse-2011-bild-1024x109.jpg 1024w, https:\/\/krets.jagareforbundet.se\/grums\/files\/2013\/01\/Arsberattelse-2011-bild-300x32.jpg 300w\" sizes=\"auto, (max-width: 430px) 100vw, 430px\" \/><\/a><\/p>\n<h1 style=\"text-align: center\">&#8211; <a href=\"https:\/\/krets.jagareforbundet.se\/grums\/files\/2013\/01\/Arsberattelse-2010.pdf\">2010<\/a>\u00a0&#8211;<\/h1>\n<p style=\"text-align: center\"><a href=\"https:\/\/krets.jagareforbundet.se\/grums\/files\/2013\/01\/Arsberattelse-2010-bild.jpg\"><img loading=\"lazy\" decoding=\"async\" class=\" wp-image-232 aligncenter\" title=\"Arsberattelse 2010 bild\" src=\"https:\/\/krets.jagareforbundet.se\/grums\/files\/2013\/01\/Arsberattelse-2010-bild-1024x109.jpg\" alt=\"\" width=\"430\" height=\"46\" srcset=\"https:\/\/krets.jagareforbundet.se\/grums\/files\/2013\/01\/Arsberattelse-2010-bild-1024x109.jpg 1024w, https:\/\/krets.jagareforbundet.se\/grums\/files\/2013\/01\/Arsberattelse-2010-bild-300x31.jpg 300w\" sizes=\"auto, (max-width: 430px) 100vw, 430px\" \/><\/a><\/p>\n<h1 style=\"text-align: center\">&#8211; <a href=\"https:\/\/krets.jagareforbundet.se\/grums\/files\/2013\/01\/Arsberattelse-2009.pdf\">2009<\/a>\u00a0&#8211;<\/h1>\n<p>&nbsp;<\/p>\n","protected":false},"excerpt":{"rendered":"<p>\u00c5rsm\u00f6te 2019 \u00c5rsm\u00f6te2017 \u00c5rsm\u00f6te2016 2015 2014 &#8211; 2012\u00a0&#8211; &#8211; 2011\u00a0&#8211; &#8211; 2010\u00a0&#8211; &#8211; 2009\u00a0&#8211; &nbsp;<\/p>\n","protected":false},"author":41,"featured_media":0,"parent":108,"menu_order":0,"comment_status":"open","ping_status":"open","template":"","meta":{"footnotes":""},"class_list":["post-160","page","type-page","status-publish","hentry"],"_links":{"self":[{"href":"https:\/\/krets.jagareforbundet.se\/grums\/wp-json\/wp\/v2\/pages\/160","targetHints":{"allow":["GET"]}}],"collection":[{"href":"https:\/\/krets.jagareforbundet.se\/grums\/wp-json\/wp\/v2\/pages"}],"about":[{"href":"https:\/\/krets.jagareforbundet.se\/grums\/wp-json\/wp\/v2\/types\/page"}],"author":[{"embeddable":true,"href":"https:\/\/krets.jagareforbundet.se\/grums\/wp-json\/wp\/v2\/users\/41"}],"replies":[{"embeddable":true,"href":"https:\/\/krets.jagareforbundet.se\/grums\/wp-json\/wp\/v2\/comments?post=160"}],"version-history":[{"count":2,"href":"https:\/\/krets.jagareforbundet.se\/grums\/wp-json\/wp\/v2\/pages\/160\/revisions"}],"predecessor-version":[{"id":613,"href":"https:\/\/krets.jagareforbundet.se\/grums\/wp-json\/wp\/v2\/pages\/160\/revisions\/613"}],"up":[{"embeddable":true,"href":"https:\/\/krets.jagareforbundet.se\/grums\/wp-json\/wp\/v2\/pages\/108"}],"wp:attachment":[{"href":"https:\/\/krets.jagareforbundet.se\/grums\/wp-json\/wp\/v2\/media?parent=160"}],"curies":[{"name":"wp","href":"https:\/\/api.w.org\/{rel}","templated":true}]}}