{"id":264,"date":"2013-04-22T16:22:16","date_gmt":"2013-04-22T14:22:16","guid":{"rendered":"https:\/\/krets.jagareforbundet.se\/grums\/?page_id=264"},"modified":"2023-02-23T15:45:30","modified_gmt":"2023-02-23T14:45:30","slug":"lasvart","status":"publish","type":"page","link":"https:\/\/krets.jagareforbundet.se\/grums\/lasvart\/","title":{"rendered":"L\u00e4sv\u00e4rt"},"content":{"rendered":"<h1>Blyproblematiken<\/h1>\n<p><a href=\"https:\/\/jagareforbundet.se\/viltmatnu\/efter-skottet\/\">Hur skall jag hantera k\u00f6ttet?<\/a><\/p>\n<p><a href=\"https:\/\/www.livsmedelsverket.se\/produktion-handel--kontroll\/produktion-av-livsmedel\/primarproduktion\/jakt\">Livsmedelsverket<\/a><\/p>\n<p>&nbsp;<\/p>\n<h1>Viltf\u00f6rvaltningsdelegationen<\/h1>\n<p><a href=\"https:\/\/www.lansstyrelsen.se\/varmland\/privat\/jakt-och-fiske\/jakt-och-viltvard.html\">Vad \u00e4r det?<\/a><\/p>\n<p>&nbsp;<\/p>\n<h1>Viltsjukdomar<\/h1>\n<p><a href=\"https:\/\/www.sva.se\/djurhalsa\/vilda-djur\/viltsjukdomar\">Information fr\u00e5n SVA<\/a><\/p>\n<p><a href=\"https:\/\/jagareforbundet.se\/vilt\/viltsjukdomar\/cwd-chronic-wasting-disease\/\">Chronic Wasting Disease (CWD)\/Avmagringssjuka<\/a><\/p>\n<p><a href=\"https:\/\/krets.jagareforbundet.se\/grums\/2023\/02\/23\/viltets-halsa-pa-dina-jaktmarker-ha-koll-om-viltsjukdomar-dyker-upp\/\">Viltets h\u00e4lsa p\u00e5 dina jaktmarker<\/a><\/p>\n","protected":false},"excerpt":{"rendered":"<p>Blyproblematiken Hur skall jag hantera k\u00f6ttet? Livsmedelsverket &nbsp; Viltf\u00f6rvaltningsdelegationen Vad \u00e4r det? &nbsp; Viltsjukdomar Information fr\u00e5n SVA Chronic Wasting Disease (CWD)\/Avmagringssjuka Viltets h\u00e4lsa p\u00e5 dina jaktmarker<\/p>\n","protected":false},"author":41,"featured_media":0,"parent":0,"menu_order":18,"comment_status":"open","ping_status":"open","template":"","meta":{"footnotes":""},"class_list":["post-264","page","type-page","status-publish","hentry"],"_links":{"self":[{"href":"https:\/\/krets.jagareforbundet.se\/grums\/wp-json\/wp\/v2\/pages\/264","targetHints":{"allow":["GET"]}}],"collection":[{"href":"https:\/\/krets.jagareforbundet.se\/grums\/wp-json\/wp\/v2\/pages"}],"about":[{"href":"https:\/\/krets.jagareforbundet.se\/grums\/wp-json\/wp\/v2\/types\/page"}],"author":[{"embeddable":true,"href":"https:\/\/krets.jagareforbundet.se\/grums\/wp-json\/wp\/v2\/users\/41"}],"replies":[{"embeddable":true,"href":"https:\/\/krets.jagareforbundet.se\/grums\/wp-json\/wp\/v2\/comments?post=264"}],"version-history":[{"count":2,"href":"https:\/\/krets.jagareforbundet.se\/grums\/wp-json\/wp\/v2\/pages\/264\/revisions"}],"predecessor-version":[{"id":644,"href":"https:\/\/krets.jagareforbundet.se\/grums\/wp-json\/wp\/v2\/pages\/264\/revisions\/644"}],"wp:attachment":[{"href":"https:\/\/krets.jagareforbundet.se\/grums\/wp-json\/wp\/v2\/media?parent=264"}],"curies":[{"name":"wp","href":"https:\/\/api.w.org\/{rel}","templated":true}]}}