{"id":271,"date":"2013-04-22T20:28:44","date_gmt":"2013-04-22T18:28:44","guid":{"rendered":"https:\/\/krets.jagareforbundet.se\/grums\/?page_id=271"},"modified":"2019-11-20T00:38:38","modified_gmt":"2019-11-19T23:38:38","slug":"inventering","status":"publish","type":"page","link":"https:\/\/krets.jagareforbundet.se\/grums\/inventering\/","title":{"rendered":"Inventering"},"content":{"rendered":"<h1>Varginventering<\/h1>\n<p>Idag 2019-10-01 b\u00f6rjar inventeringss\u00e4songen f\u00f6r varg och lodjur.<\/p>\n<p>Vad \u00e4r det f\u00f6r varg?<br \/>\nOm du samlar in 1 cm3 fr\u00e5n den vargspillning du hittat kan du f\u00e5 svar p\u00e5 f\u00f6ljande:<br \/>\n* Vilken individ det \u00e4r.<br \/>\n* Vilket revir den tillh\u00f6r.<br \/>\n* Var den \u00e4r f\u00f6dd.<br \/>\n* Hur m\u00e5nga g\u00e5nger och var den identifierats .<\/p>\n<p>Dina prov bidrar ocks\u00e5 till att fastst\u00e4lla hur m\u00e5nga vargar det finns i reviret, l\u00e4net och i Sverige. Hur g\u00f6r jag? B\u00f6rja med att skaffa provr\u00f6r med torkmedel, blankett och instruktioner, se l\u00e4nk nedan. Har du inte provr\u00f6r fryser du in en liten bit vargspillning i en plastp\u00e5se tills du f\u00e5r tag i provtagningskit. Provr\u00f6r ska inte frysas. Provr\u00f6ret skickar eller l\u00e4mnar du sen till l\u00e4nsstyrelsen. Inventeringen p\u00e5g\u00e5r 1 okt\u201431 mars. Provsvaret redovisas h\u00e4r: rovbase.se Detaljerad information hittar du h\u00e4r: http:\/\/www.jagareforbundet.se\/ vargdna\/<\/p>\n<p>Gl\u00f6m inte att rapportera alla observationer (sp\u00e5r, spillning, foton etc) av varg, lodjur, j\u00e4rv och bj\u00f6rn via appen skandobs touch eller p\u00e5 skandobs.se hela vintern!<\/p>\n<div>N\u00e4rmaste utl\u00e4mningsst\u00e4lle f\u00f6r provtagningskit i Grums \u00e4r p\u00e5 Bofab, det g\u00e5r ocks\u00e5 bra att kontakta kretsens rovdjursansvarige Martin Lindblom f\u00f6r ytterligare information.<\/div>\n<div><\/div>\n<div><\/div>\n","protected":false},"excerpt":{"rendered":"<p>Varginventering Idag 2019-10-01 b\u00f6rjar inventeringss\u00e4songen f\u00f6r varg och lodjur. Vad \u00e4r det f\u00f6r varg? Om du samlar in 1 cm3 fr\u00e5n den vargspillning du hittat kan du f\u00e5 svar p\u00e5 f\u00f6ljande: * Vilken individ det \u00e4r. * Vilket revir den tillh\u00f6r. * Var den \u00e4r f\u00f6dd. * Hur m\u00e5nga g\u00e5nger och var den identifierats . [&hellip;]<\/p>\n","protected":false},"author":41,"featured_media":0,"parent":0,"menu_order":17,"comment_status":"open","ping_status":"open","template":"","meta":{"footnotes":""},"class_list":["post-271","page","type-page","status-publish","hentry"],"_links":{"self":[{"href":"https:\/\/krets.jagareforbundet.se\/grums\/wp-json\/wp\/v2\/pages\/271","targetHints":{"allow":["GET"]}}],"collection":[{"href":"https:\/\/krets.jagareforbundet.se\/grums\/wp-json\/wp\/v2\/pages"}],"about":[{"href":"https:\/\/krets.jagareforbundet.se\/grums\/wp-json\/wp\/v2\/types\/page"}],"author":[{"embeddable":true,"href":"https:\/\/krets.jagareforbundet.se\/grums\/wp-json\/wp\/v2\/users\/41"}],"replies":[{"embeddable":true,"href":"https:\/\/krets.jagareforbundet.se\/grums\/wp-json\/wp\/v2\/comments?post=271"}],"version-history":[{"count":2,"href":"https:\/\/krets.jagareforbundet.se\/grums\/wp-json\/wp\/v2\/pages\/271\/revisions"}],"predecessor-version":[{"id":616,"href":"https:\/\/krets.jagareforbundet.se\/grums\/wp-json\/wp\/v2\/pages\/271\/revisions\/616"}],"wp:attachment":[{"href":"https:\/\/krets.jagareforbundet.se\/grums\/wp-json\/wp\/v2\/media?parent=271"}],"curies":[{"name":"wp","href":"https:\/\/api.w.org\/{rel}","templated":true}]}}