{"id":414,"date":"2015-02-17T16:17:29","date_gmt":"2015-02-17T15:17:29","guid":{"rendered":"https:\/\/krets.jagareforbundet.se\/grums\/?page_id=414"},"modified":"2015-02-17T16:17:29","modified_gmt":"2015-02-17T15:17:29","slug":"jaqt-natverket-for-jakt-och-kvinnor","status":"publish","type":"page","link":"https:\/\/krets.jagareforbundet.se\/grums\/jaqt-natverket-for-jakt-och-kvinnor\/","title":{"rendered":"JAQT-  n\u00e4tverket f\u00f6r jakt och kvinnor"},"content":{"rendered":"<h1>JAQT &#8211; Jagande Aktiva Kvinnor i Tiden<\/h1>\n<p class=\"intro\">JAQT \u00e4r J\u00e4garef\u00f6rbundets kvinnliga n\u00e4tverk och m\u00e5ls\u00e4ttningen med JAQT \u00e4r att vi ska bli fler j\u00e4gare i Sverige, att \u00f6ka acceptansen f\u00f6r kvinnliga j\u00e4gare, hj\u00e4lpa nya kvinnliga j\u00e4gare samt att kvinnor och m\u00e4n naturligtvis ska jaga tillsammans. JAQT \u00e4r ett n\u00e4tverk och inte en egen avdelning och finns till f\u00f6r att f\u00f6renkla och f\u00f6rmedla d\u00e4r behov finns.<\/p>\n<div>\n<h2>N\u00e4tverkets syfte<\/h2>\n<ul>\n<li>Att knyta nya jaktliga kontakter<\/li>\n<li>Att umg\u00e5s utifr\u00e5n jakten och ha roligt tillsammans<\/li>\n<li>Att undvika prestige p\u00e5 skjutbanor och ute i skogen<\/li>\n<li>Att l\u00e4ra sig mer om jakt, djur, natur friluftsliv i form av m\u00f6ten, kurser, seminarier och jakt<\/li>\n<li>Att f\u00e5 information om nyheter inom bland annat jakt, natur, djur<\/li>\n<li>Att\u00a0bilda opinion och st\u00f6tta inom aktuella jaktliga omr\u00e5den.<\/li>\n<\/ul>\n<h2>Har du fr\u00e5gor om JAQT?<\/h2>\n<p>I\u00a0Grums JVK kan du kontakta v\u00e5r JAQT-ansvarige (se kretsstyrelsen).<\/p>\n<p>Om du har mer \u00f6vergripande fr\u00e5gor kan du \u00e4ven kontakta:\u00a0 Anja Kjellsson<br \/>\nJaktv\u00e5rdskonsulent, J\u00e4garef\u00f6rbundet Norr, Samordnare, JAQT-Kvinnor i jakten<br \/>\nFormv\u00e4gen 16, 906 21 Ume\u00e5<br \/>\nTelefon: 090-700 543, 070-330 06 43<br \/>\n<a href=\"https:\/\/hq.jagareforbundet.se\/owa\/redir.aspx?C=868f763082464b8da8752d216ecc6e06&amp;URL=mailto%3aanja.kjellsson%40jagareforbundet.se\">anja.kjellsson@jagareforbundet.se<\/a><\/p>\n<p>&nbsp;<\/p>\n<\/div>\n","protected":false},"excerpt":{"rendered":"<p>JAQT &#8211; Jagande Aktiva Kvinnor i Tiden JAQT \u00e4r J\u00e4garef\u00f6rbundets kvinnliga n\u00e4tverk och m\u00e5ls\u00e4ttningen med JAQT \u00e4r att vi ska bli fler j\u00e4gare i Sverige, att \u00f6ka acceptansen f\u00f6r kvinnliga j\u00e4gare, hj\u00e4lpa nya kvinnliga j\u00e4gare samt att kvinnor och m\u00e4n naturligtvis ska jaga tillsammans. JAQT \u00e4r ett n\u00e4tverk och inte en egen avdelning och finns [&hellip;]<\/p>\n","protected":false},"author":41,"featured_media":0,"parent":0,"menu_order":0,"comment_status":"open","ping_status":"open","template":"","meta":{"footnotes":""},"class_list":["post-414","page","type-page","status-publish","hentry"],"_links":{"self":[{"href":"https:\/\/krets.jagareforbundet.se\/grums\/wp-json\/wp\/v2\/pages\/414","targetHints":{"allow":["GET"]}}],"collection":[{"href":"https:\/\/krets.jagareforbundet.se\/grums\/wp-json\/wp\/v2\/pages"}],"about":[{"href":"https:\/\/krets.jagareforbundet.se\/grums\/wp-json\/wp\/v2\/types\/page"}],"author":[{"embeddable":true,"href":"https:\/\/krets.jagareforbundet.se\/grums\/wp-json\/wp\/v2\/users\/41"}],"replies":[{"embeddable":true,"href":"https:\/\/krets.jagareforbundet.se\/grums\/wp-json\/wp\/v2\/comments?post=414"}],"version-history":[{"count":0,"href":"https:\/\/krets.jagareforbundet.se\/grums\/wp-json\/wp\/v2\/pages\/414\/revisions"}],"wp:attachment":[{"href":"https:\/\/krets.jagareforbundet.se\/grums\/wp-json\/wp\/v2\/media?parent=414"}],"curies":[{"name":"wp","href":"https:\/\/api.w.org\/{rel}","templated":true}]}}