{"id":654,"date":"2023-02-23T16:40:11","date_gmt":"2023-02-23T15:40:11","guid":{"rendered":"https:\/\/krets.jagareforbundet.se\/grums\/?page_id=654"},"modified":"2023-02-23T19:09:25","modified_gmt":"2023-02-23T18:09:25","slug":"arkiv","status":"publish","type":"page","link":"https:\/\/krets.jagareforbundet.se\/grums\/arkiv\/","title":{"rendered":"Dokumentarkiv"},"content":{"rendered":"<p><a href=\"https:\/\/krets.jagareforbundet.se\/grums\/files\/2023\/02\/Arsmote-Grums-JVK-2023.pdf\">\u00c5rsm\u00f6te 2023<\/a><\/p>\n<p><a href=\"https:\/\/krets.jagareforbundet.se\/grums\/files\/2019\/11\/\u00c5rsm\u00f6te-2019.pdf\">\u00c5rsm\u00f6te 2019<\/a><\/p>\n<p><a href=\"https:\/\/krets.jagareforbundet.se\/grums\/files\/2018\/03\/arsmote2018.pdf\">\u00c5rsm\u00f6te2018<\/a><\/p>\n<p><a href=\"https:\/\/krets.jagareforbundet.se\/grums\/files\/2016\/02\/arsmote2016.pdf\">\u00c5rsm\u00f6te2016<\/a><\/p>\n<p><a href=\"https:\/\/krets.jagareforbundet.se\/grums\/files\/2013\/01\/\u00c5rsber\u00e4ttelse-2014.pdf\">\u00c5rsber\u00e4ttelse 2014<\/a><\/p>\n<p><a href=\"https:\/\/krets.jagareforbundet.se\/grums\/files\/2013\/01\/Arsberattelse-2012.doc\">Arsberattelse 2012<\/a><\/p>\n","protected":false},"excerpt":{"rendered":"<p>\u00c5rsm\u00f6te 2023 \u00c5rsm\u00f6te 2019 \u00c5rsm\u00f6te2018 \u00c5rsm\u00f6te2016 \u00c5rsber\u00e4ttelse 2014 Arsberattelse 2012<\/p>\n","protected":false},"author":41,"featured_media":0,"parent":0,"menu_order":0,"comment_status":"closed","ping_status":"closed","template":"","meta":{"footnotes":""},"class_list":["post-654","page","type-page","status-publish","hentry"],"_links":{"self":[{"href":"https:\/\/krets.jagareforbundet.se\/grums\/wp-json\/wp\/v2\/pages\/654","targetHints":{"allow":["GET"]}}],"collection":[{"href":"https:\/\/krets.jagareforbundet.se\/grums\/wp-json\/wp\/v2\/pages"}],"about":[{"href":"https:\/\/krets.jagareforbundet.se\/grums\/wp-json\/wp\/v2\/types\/page"}],"author":[{"embeddable":true,"href":"https:\/\/krets.jagareforbundet.se\/grums\/wp-json\/wp\/v2\/users\/41"}],"replies":[{"embeddable":true,"href":"https:\/\/krets.jagareforbundet.se\/grums\/wp-json\/wp\/v2\/comments?post=654"}],"version-history":[{"count":3,"href":"https:\/\/krets.jagareforbundet.se\/grums\/wp-json\/wp\/v2\/pages\/654\/revisions"}],"predecessor-version":[{"id":667,"href":"https:\/\/krets.jagareforbundet.se\/grums\/wp-json\/wp\/v2\/pages\/654\/revisions\/667"}],"wp:attachment":[{"href":"https:\/\/krets.jagareforbundet.se\/grums\/wp-json\/wp\/v2\/media?parent=654"}],"curies":[{"name":"wp","href":"https:\/\/api.w.org\/{rel}","templated":true}]}}