{"id":703,"date":"2025-01-23T12:02:29","date_gmt":"2025-01-23T11:02:29","guid":{"rendered":"https:\/\/krets.jagareforbundet.se\/grums\/?page_id=703"},"modified":"2025-01-31T12:39:57","modified_gmt":"2025-01-31T11:39:57","slug":"arsmote-2025-2","status":"publish","type":"page","link":"https:\/\/krets.jagareforbundet.se\/grums\/arsmote-2025-2\/","title":{"rendered":"\u00c5rsm\u00f6te 2025"},"content":{"rendered":"<p>&nbsp;<\/p>\n<p><img loading=\"lazy\" decoding=\"async\" class=\"aligncenter size-full wp-image-702\" src=\"https:\/\/krets.jagareforbundet.se\/grums\/files\/2025\/01\/Skarmbild-2025-01-23-114540.png\" alt=\"\" width=\"503\" height=\"259\" srcset=\"https:\/\/krets.jagareforbundet.se\/grums\/files\/2025\/01\/Skarmbild-2025-01-23-114540.png 503w, https:\/\/krets.jagareforbundet.se\/grums\/files\/2025\/01\/Skarmbild-2025-01-23-114540-300x154.png 300w\" sizes=\"auto, (max-width: 503px) 100vw, 503px\" \/><\/p>\n<p style=\"text-align: center\"><strong>J\u00e4garef\u00f6rbundet Grums jaktv\u00e5rdskrets bjuder in till \u00e5rsm\u00f6te<\/strong><br \/>\n<strong>2025<\/strong><\/p>\n<p>N\u00e4r: 20 februari<br \/>\nTid: Kl. 19:00<br \/>\nVar: Skruvstad bygdeg\u00e5rd (Skruvstad gamla skola)<\/p>\n<p>G\u00e4stf\u00f6rel\u00e4sare: Carina Olsson<\/p>\n<p>\u00c5rsm\u00f6teshandlingar finns p\u00e5 plats i lokalen<\/p>\n<p>Vi bjuder p\u00e5 kaffe och sm\u00f6rg\u00e5st\u00e5rta<\/p>\n<p>&nbsp;<\/p>\n<p>Varmt V\u00e4lkomna!<br \/>\nStyrelsen i Grums jaktv\u00e5rdskrets<\/p>\n<p>&nbsp;<\/p>\n<p><img loading=\"lazy\" decoding=\"async\" class=\"aligncenter size-full wp-image-678\" src=\"https:\/\/krets.jagareforbundet.se\/grums\/files\/2023\/03\/Forbund-logo.png\" alt=\"\" width=\"345\" height=\"344\" srcset=\"https:\/\/krets.jagareforbundet.se\/grums\/files\/2023\/03\/Forbund-logo.png 345w, https:\/\/krets.jagareforbundet.se\/grums\/files\/2023\/03\/Forbund-logo-300x300.png 300w, https:\/\/krets.jagareforbundet.se\/grums\/files\/2023\/03\/Forbund-logo-150x150.png 150w\" sizes=\"auto, (max-width: 345px) 100vw, 345px\" \/><\/p>\n","protected":false},"excerpt":{"rendered":"<p>&nbsp; J\u00e4garef\u00f6rbundet Grums jaktv\u00e5rdskrets bjuder in till \u00e5rsm\u00f6te 2025 N\u00e4r: 20 februari Tid: Kl. 19:00 Var: Skruvstad bygdeg\u00e5rd (Skruvstad gamla skola) G\u00e4stf\u00f6rel\u00e4sare: Carina Olsson \u00c5rsm\u00f6teshandlingar finns p\u00e5 plats i lokalen Vi bjuder p\u00e5 kaffe och sm\u00f6rg\u00e5st\u00e5rta &nbsp; Varmt V\u00e4lkomna! Styrelsen i Grums jaktv\u00e5rdskrets &nbsp;<\/p>\n","protected":false},"author":41,"featured_media":0,"parent":0,"menu_order":0,"comment_status":"closed","ping_status":"closed","template":"","meta":{"footnotes":""},"class_list":["post-703","page","type-page","status-publish","hentry"],"_links":{"self":[{"href":"https:\/\/krets.jagareforbundet.se\/grums\/wp-json\/wp\/v2\/pages\/703","targetHints":{"allow":["GET"]}}],"collection":[{"href":"https:\/\/krets.jagareforbundet.se\/grums\/wp-json\/wp\/v2\/pages"}],"about":[{"href":"https:\/\/krets.jagareforbundet.se\/grums\/wp-json\/wp\/v2\/types\/page"}],"author":[{"embeddable":true,"href":"https:\/\/krets.jagareforbundet.se\/grums\/wp-json\/wp\/v2\/users\/41"}],"replies":[{"embeddable":true,"href":"https:\/\/krets.jagareforbundet.se\/grums\/wp-json\/wp\/v2\/comments?post=703"}],"version-history":[{"count":4,"href":"https:\/\/krets.jagareforbundet.se\/grums\/wp-json\/wp\/v2\/pages\/703\/revisions"}],"predecessor-version":[{"id":711,"href":"https:\/\/krets.jagareforbundet.se\/grums\/wp-json\/wp\/v2\/pages\/703\/revisions\/711"}],"wp:attachment":[{"href":"https:\/\/krets.jagareforbundet.se\/grums\/wp-json\/wp\/v2\/media?parent=703"}],"curies":[{"name":"wp","href":"https:\/\/api.w.org\/{rel}","templated":true}]}}