{"id":110,"date":"2013-01-30T11:01:32","date_gmt":"2013-01-30T10:01:32","guid":{"rendered":"https:\/\/krets.jagareforbundet.se\/halmstad\/?page_id=110"},"modified":"2025-12-17T10:10:38","modified_gmt":"2025-12-17T09:10:38","slug":"ungdom","status":"publish","type":"page","link":"https:\/\/krets.jagareforbundet.se\/halmstad\/ungdom\/","title":{"rendered":"Ungdom &amp; Nya J\u00e4gare"},"content":{"rendered":"<p style=\"text-align: left\" align=\"center\"><b>Ungdomsaktiviteter <\/b><b>i Halmstad<\/b><\/p>\n<p style=\"text-align: left\" align=\"center\"><b>F\u00f6r ungdomar 15 \u2013 25 \u00e5r samt markl\u00f6sa j\u00e4gare.<\/b><\/p>\n<p style=\"text-align: left\" align=\"center\">Vi brinner f\u00f6r jakt och tycker om att sprida v\u00e5r gl\u00e4dje\u00a0till nya j\u00e4gare! Av den anledning\u00a0har J\u00e4garef\u00f6rbundet Halmstad, Oskarstr\u00f6m, Getinge,\u00a0 Harplinge och Kvibille kretsar en mark som anv\u00e4nds f\u00f6r olika aktiviteter. Ungdomar mellan 15-25 \u00e5r\u00a0\u00e4r v\u00e4lkommna till\u00a0arrangerade jakter med syfte att l\u00e4ra sig och att f\u00e5 chansen till jakt. Vi erbjuder \u00e4ven predatorjakt f\u00f6r markl\u00f6sa j\u00e4gare p\u00e5 marken.<\/p>\n<p style=\"text-align: left\" align=\"center\">Marken ligger alldeles i n\u00e4rheten av \u00d6vraby kyrkoruin\u00a0i utkanten av Halmstad.\u00a0F\u00f6r markl\u00f6sa j\u00e4gare erbjuder vi predatorjakt p\u00e5 marken.<\/p>\n<p style=\"text-align: left\" align=\"center\">Se evenemang p\u00e5 f\u00f6rsta sidan f\u00f6r planerade jakter eller h\u00f6r av er till oss med fr\u00e5gor via &#8221;kontakta oss&#8221; formul\u00e4ret.<\/p>\n","protected":false},"excerpt":{"rendered":"<p>Ungdomsaktiviteter i Halmstad F\u00f6r ungdomar 15 \u2013 25 \u00e5r samt markl\u00f6sa j\u00e4gare. Vi brinner f\u00f6r jakt och tycker om att sprida v\u00e5r gl\u00e4dje\u00a0till nya j\u00e4gare! Av den anledning\u00a0har J\u00e4garef\u00f6rbundet Halmstad, Oskarstr\u00f6m, Getinge,\u00a0 Harplinge och Kvibille kretsar en mark som anv\u00e4nds f\u00f6r olika aktiviteter. Ungdomar mellan 15-25 \u00e5r\u00a0\u00e4r v\u00e4lkommna till\u00a0arrangerade jakter med syfte att l\u00e4ra sig [&hellip;]<\/p>\n","protected":false},"author":40,"featured_media":0,"parent":0,"menu_order":3,"comment_status":"open","ping_status":"closed","template":"","meta":{"footnotes":""},"class_list":["post-110","page","type-page","status-publish","hentry"],"_links":{"self":[{"href":"https:\/\/krets.jagareforbundet.se\/halmstad\/wp-json\/wp\/v2\/pages\/110","targetHints":{"allow":["GET"]}}],"collection":[{"href":"https:\/\/krets.jagareforbundet.se\/halmstad\/wp-json\/wp\/v2\/pages"}],"about":[{"href":"https:\/\/krets.jagareforbundet.se\/halmstad\/wp-json\/wp\/v2\/types\/page"}],"author":[{"embeddable":true,"href":"https:\/\/krets.jagareforbundet.se\/halmstad\/wp-json\/wp\/v2\/users\/40"}],"replies":[{"embeddable":true,"href":"https:\/\/krets.jagareforbundet.se\/halmstad\/wp-json\/wp\/v2\/comments?post=110"}],"version-history":[{"count":3,"href":"https:\/\/krets.jagareforbundet.se\/halmstad\/wp-json\/wp\/v2\/pages\/110\/revisions"}],"predecessor-version":[{"id":987,"href":"https:\/\/krets.jagareforbundet.se\/halmstad\/wp-json\/wp\/v2\/pages\/110\/revisions\/987"}],"wp:attachment":[{"href":"https:\/\/krets.jagareforbundet.se\/halmstad\/wp-json\/wp\/v2\/media?parent=110"}],"curies":[{"name":"wp","href":"https:\/\/api.w.org\/{rel}","templated":true}]}}