{"id":125,"date":"2013-01-30T14:05:00","date_gmt":"2013-01-30T13:05:00","guid":{"rendered":"https:\/\/krets.jagareforbundet.se\/halmstad\/?page_id=125"},"modified":"2026-04-06T16:56:11","modified_gmt":"2026-04-06T14:56:11","slug":"kulbanan","status":"publish","type":"page","link":"https:\/\/krets.jagareforbundet.se\/halmstad\/kulbanan\/","title":{"rendered":"Kulbanan"},"content":{"rendered":"<h2>Varm v\u00e4lkomna!<\/h2>\n<h3>Nedan finner ni \u00f6ppettiderna f\u00f6r 2026!<\/h3>\n<p><strong>Gr\u00f6nmarkerade dagar \u00e4r \u00f6ppet!<br \/>\nTisdagar och torsdagar 17 &#8211; 20<br \/>\nL\u00f6rdagar och s\u00f6ndagar 9 &#8211; 13<br \/>\n<span style=\"color: #ff0000\">R\u00f6dmarkerade dagar r\u00e5der skjutf\u00f6rbud!<\/span><br \/>\n<\/strong><\/p>\n<p><a href=\"https:\/\/krets.jagareforbundet.se\/halmstad\/files\/2026\/04\/Kulbanan-2026.jpg\"><img loading=\"lazy\" decoding=\"async\" class=\"alignleft size-full wp-image-1022\" src=\"https:\/\/krets.jagareforbundet.se\/halmstad\/files\/2026\/04\/Kulbanan-2026.jpg\" alt=\"\" width=\"1171\" height=\"800\" srcset=\"https:\/\/krets.jagareforbundet.se\/halmstad\/files\/2026\/04\/Kulbanan-2026.jpg 1171w, https:\/\/krets.jagareforbundet.se\/halmstad\/files\/2026\/04\/Kulbanan-2026-300x205.jpg 300w, https:\/\/krets.jagareforbundet.se\/halmstad\/files\/2026\/04\/Kulbanan-2026-1024x700.jpg 1024w, https:\/\/krets.jagareforbundet.se\/halmstad\/files\/2026\/04\/Kulbanan-2026-768x525.jpg 768w\" sizes=\"auto, (max-width: 1171px) 100vw, 1171px\" \/><\/a><\/p>\n<p>F\u00f6r l\u00f6pande information kika g\u00e4rna in p\u00e5 kulbanans facebook: <a href=\"https:\/\/www.facebook.com\/jaktskyttebana\">https:\/\/www.facebook.com\/jaktskyttebana<\/a><\/p>\n<p><strong>J\u00e4garexamen<br \/>\n<\/strong>Vi har l\u00f6pande praktisk tr\u00e4ning inf\u00f6r j\u00e4garexamen, nedan kan ni anm\u00e4la er till kommande tr\u00e4ningstillf\u00e4llen eller g\u00f6ra en intresseanm\u00e4lan om inga tillf\u00e4llen \u00e4r tillg\u00e4ngliga just nu.<br \/>\n\n<!-- iframe plugin v.6.0 wordpress.org\/plugins\/iframe\/ -->\n<iframe loading=\"lazy\" src=\"https:\/\/chatter-midnight-7d4.notion.site\/ebd\/\/42e27091038582c188ec8152ee75e84d\" width=\"100%\" height=\"860\" frameborder=\"0\" 0=\"allowfullscreen\" scrolling=\"yes\" class=\"iframe-class\"><\/iframe>\n<\/p>\n<p>\u00d6nskar ni skjuta in ert vapen v\u00e4nligen kontakta banchefen.<\/p>\n<p>Vill du komma med jaktlaget eller\u00a0 ett s\u00e4llskap fr\u00e5n till exempel ett f\u00f6retag?<br \/>\nD\u00e5 kontaktar du banchefen. Vapen och instrukt\u00f6r har vi.<\/p>\n<p>Banchef:<br \/>\nMike Fredriksson\u00a0 \u00a0 \u00a0 \u00a00703-939400<br \/>\n<span style=\"color: #0000ff\"><a href=\"mailto:skjutbananskedalahed@gmail.com\"><span style=\"color: #0000ff\">skjutbananskedalahed@gmail.com<\/span><\/a><\/span><\/p>\n<p>D\u00e4mpat skytte till\u00e5tet efter kl 09.00 till 20.00. Efter \u00f6verenskommelse med banchef.<\/p>\n","protected":false},"excerpt":{"rendered":"<p>Varm v\u00e4lkomna! Nedan finner ni \u00f6ppettiderna f\u00f6r 2026! Gr\u00f6nmarkerade dagar \u00e4r \u00f6ppet! Tisdagar och torsdagar 17 &#8211; 20 L\u00f6rdagar och s\u00f6ndagar 9 &#8211; 13 R\u00f6dmarkerade dagar r\u00e5der skjutf\u00f6rbud! F\u00f6r l\u00f6pande information kika g\u00e4rna in p\u00e5 kulbanans facebook: https:\/\/www.facebook.com\/jaktskyttebana J\u00e4garexamen Vi har l\u00f6pande praktisk tr\u00e4ning inf\u00f6r j\u00e4garexamen, nedan kan ni anm\u00e4la er till kommande tr\u00e4ningstillf\u00e4llen eller [&hellip;]<\/p>\n","protected":false},"author":40,"featured_media":0,"parent":0,"menu_order":4,"comment_status":"open","ping_status":"closed","template":"","meta":{"footnotes":""},"class_list":["post-125","page","type-page","status-publish","hentry"],"_links":{"self":[{"href":"https:\/\/krets.jagareforbundet.se\/halmstad\/wp-json\/wp\/v2\/pages\/125","targetHints":{"allow":["GET"]}}],"collection":[{"href":"https:\/\/krets.jagareforbundet.se\/halmstad\/wp-json\/wp\/v2\/pages"}],"about":[{"href":"https:\/\/krets.jagareforbundet.se\/halmstad\/wp-json\/wp\/v2\/types\/page"}],"author":[{"embeddable":true,"href":"https:\/\/krets.jagareforbundet.se\/halmstad\/wp-json\/wp\/v2\/users\/40"}],"replies":[{"embeddable":true,"href":"https:\/\/krets.jagareforbundet.se\/halmstad\/wp-json\/wp\/v2\/comments?post=125"}],"version-history":[{"count":4,"href":"https:\/\/krets.jagareforbundet.se\/halmstad\/wp-json\/wp\/v2\/pages\/125\/revisions"}],"predecessor-version":[{"id":1026,"href":"https:\/\/krets.jagareforbundet.se\/halmstad\/wp-json\/wp\/v2\/pages\/125\/revisions\/1026"}],"wp:attachment":[{"href":"https:\/\/krets.jagareforbundet.se\/halmstad\/wp-json\/wp\/v2\/media?parent=125"}],"curies":[{"name":"wp","href":"https:\/\/api.w.org\/{rel}","templated":true}]}}