{"id":129,"date":"2013-01-30T14:12:12","date_gmt":"2013-01-30T13:12:12","guid":{"rendered":"https:\/\/krets.jagareforbundet.se\/halmstad\/?page_id=129"},"modified":"2026-03-13T11:36:42","modified_gmt":"2026-03-13T10:36:42","slug":"lerduveskytte","status":"publish","type":"page","link":"https:\/\/krets.jagareforbundet.se\/halmstad\/lerduveskytte\/","title":{"rendered":"Hagelbanan"},"content":{"rendered":"<h2>Varmt v\u00e4lkomna till oss!<\/h2>\n<h3>\u00d6ppettider:<\/h3>\n<p><strong>Mars:<\/strong><br \/>\nL\u00f6rdagar 09:00 &#8211; 13:00<\/p>\n<p><strong>April &#8211; Augusti<\/strong><br \/>\nOnsdagar 17:00 &#8211; 20:00<br \/>\nL\u00f6rdagar 09:00 &#8211; 13:00<\/p>\n<p><strong><em>F\u00f6r l\u00f6pande information s\u00e5 h\u00e4nvisar vi till v\u00e5r facebooksida som ni hittar h\u00e4r:<\/em><\/strong> <a href=\"https:\/\/www.facebook.com\/halmstadhagelbana\" target=\"_blank\" rel=\"noopener\">Halmstad Hagelbanas FB<\/a><\/p>\n<p><strong>J\u00e4garexamen<br \/>\n<\/strong>Vi har l\u00f6pande praktisk tr\u00e4ning inf\u00f6r j\u00e4garexamen, nedan kan ni anm\u00e4la er till kommande tr\u00e4ningstillf\u00e4llen eller g\u00f6ra en intresseanm\u00e4lan om inga tillf\u00e4llen \u00e4r tillg\u00e4ngliga just nu.<br \/>\n\n<!-- iframe plugin v.6.0 wordpress.org\/plugins\/iframe\/ -->\n<iframe loading=\"lazy\" src=\"https:\/\/chatter-midnight-7d4.notion.site\/ebd\/\/322270910385808fa1aef9abc816a765\" width=\"100%\" height=\"860\" frameborder=\"0\" 0=\"allowfullscreen\" scrolling=\"yes\" class=\"iframe-class\"><\/iframe>\n<\/p>\n<p><strong>Event<\/strong><br \/>\nVi anordnar event f\u00f6r f\u00f6retaget, kompisg\u00e4nget eller jaktlaget efter era \u00f6nskem\u00e5l. F\u00f6r mer information samt prisuppgifter ta kontakt med oss<\/p>\n<p><strong>Kontakt<\/strong><br \/>\nMathias Engdahl 070-329 31 30 <a href=\"https:\/\/www.facebook.com\/halmstadhagelbana\" target=\"_blank\" rel=\"noopener\">Halmstad Hagelbanas FB<\/a> eller halmstadhagelbana@gmail.com<\/p>\n<p><strong>Om oss<\/strong><br \/>\nOm du har egen b\u00f6ssa kan du ta med din egen st\u00e5lammunition till banan, du betalar endast per serie lerduvor. Vi till\u00e5ter endast hagelpatroner laddade med max 24 gram st\u00e5lhagel och hagelstorleken f\u00e5r vara maximalt 2,5 mm i diameter (US no.7). Skjutning med blyammunition \u00e4r f\u00f6rbjuden!<\/p>\n<p>Lerduvorna vi anv\u00e4nder \u00e4r milj\u00f6v\u00e4nliga och ISO14021 certifierade. En ren dr\u00f6m att skjuta p\u00e5!<\/p>\n<p>Det finns vapen att l\u00e5na f\u00f6r nyb\u00f6rjare, vi tillhandah\u00e5ller \u00e4ven ammunition s\u00e5 det \u00e4r bara att komma! N\u00e5gon som \u00e4r p\u00e5 plats kommer hj\u00e4lpa dig med s\u00e4kerhetsgenomg\u00e5ng, grundl\u00e4ggande instruktioner och tips.<\/p>\n<p>Skytte f\u00e5r endast ske mot anvisade m\u00e5l. Observera att det inte \u00e4r till\u00e5tet att p\u00e5 eget initiativ st\u00e4lla upp egna kastare eller liknande och skjuta varken medhavda lerduvor eller andra f\u00f6rem\u00e5l p\u00e5 anl\u00e4ggningen.<\/p>\n<h3><span style=\"color: #ff0000\">Ingen skjutning p\u00e5 banan f\u00e5r ske utan banchefens k\u00e4nnedom.<\/span><\/h3>\n","protected":false},"excerpt":{"rendered":"<p>Varmt v\u00e4lkomna till oss! \u00d6ppettider: Mars: L\u00f6rdagar 09:00 &#8211; 13:00 April &#8211; Augusti Onsdagar 17:00 &#8211; 20:00 L\u00f6rdagar 09:00 &#8211; 13:00 F\u00f6r l\u00f6pande information s\u00e5 h\u00e4nvisar vi till v\u00e5r facebooksida som ni hittar h\u00e4r: Halmstad Hagelbanas FB J\u00e4garexamen Vi har l\u00f6pande praktisk tr\u00e4ning inf\u00f6r j\u00e4garexamen, nedan kan ni anm\u00e4la er till kommande tr\u00e4ningstillf\u00e4llen eller g\u00f6ra [&hellip;]<\/p>\n","protected":false},"author":40,"featured_media":0,"parent":0,"menu_order":4,"comment_status":"closed","ping_status":"closed","template":"","meta":{"footnotes":""},"class_list":["post-129","page","type-page","status-publish","hentry"],"_links":{"self":[{"href":"https:\/\/krets.jagareforbundet.se\/halmstad\/wp-json\/wp\/v2\/pages\/129","targetHints":{"allow":["GET"]}}],"collection":[{"href":"https:\/\/krets.jagareforbundet.se\/halmstad\/wp-json\/wp\/v2\/pages"}],"about":[{"href":"https:\/\/krets.jagareforbundet.se\/halmstad\/wp-json\/wp\/v2\/types\/page"}],"author":[{"embeddable":true,"href":"https:\/\/krets.jagareforbundet.se\/halmstad\/wp-json\/wp\/v2\/users\/40"}],"replies":[{"embeddable":true,"href":"https:\/\/krets.jagareforbundet.se\/halmstad\/wp-json\/wp\/v2\/comments?post=129"}],"version-history":[{"count":4,"href":"https:\/\/krets.jagareforbundet.se\/halmstad\/wp-json\/wp\/v2\/pages\/129\/revisions"}],"predecessor-version":[{"id":1017,"href":"https:\/\/krets.jagareforbundet.se\/halmstad\/wp-json\/wp\/v2\/pages\/129\/revisions\/1017"}],"wp:attachment":[{"href":"https:\/\/krets.jagareforbundet.se\/halmstad\/wp-json\/wp\/v2\/media?parent=129"}],"curies":[{"name":"wp","href":"https:\/\/api.w.org\/{rel}","templated":true}]}}