{"id":2,"date":"2011-09-07T09:28:43","date_gmt":"2011-09-07T09:28:43","guid":{"rendered":"https:\/\/krets.jagareforbundet.se\/template\/?page_id=2"},"modified":"2026-04-06T16:41:22","modified_gmt":"2026-04-06T14:41:22","slug":"exempelsida","status":"publish","type":"page","link":"https:\/\/krets.jagareforbundet.se\/halmstad\/","title":{"rendered":"V\u00e4lkommen till J\u00e4garef\u00f6rbundet Halmstad"},"content":{"rendered":"<p>Vi h\u00e5ller utbildningar, aktiverar j\u00e4gare och\u00a0bedriver skytteverksamhet p\u00e5 tv\u00e5 skjutbanor.<br \/>\n-Lerduveskytte i Vapn\u00f6 grusgrop.<br \/>\n-Kulskytte p\u00e5 Skedalahed med r\u00f6rliga m\u00e5l<\/p>\n<p>&nbsp;<\/p>\n<h2>V\u00e5ren \u00e4r h\u00e4r och med det s\u00e5 har ocks\u00e5 v\u00e5ra skjutbanor slagit upp portarna!<\/h2>\n<p>Mer information som \u00f6ppettider eller anm\u00e4lan till tr\u00e4ning inf\u00f6r j\u00e4garexamen bes\u00f6k respektive banas sida h\u00e4r till h\u00f6ger!<\/p>\n<p>\u00d6nskar ni anm\u00e4la er f\u00f6r provtillf\u00e4llen f\u00f6r j\u00e4garexamen hittar ni information kring dessa under &#8221;J\u00e4garexamen&#8221; h\u00e4r ute till h\u00f6ger.<\/p>\n<p>&nbsp;<\/p>\n<p>&nbsp;<\/p>\n<p><a href=\"https:\/\/krets.jagareforbundet.se\/halmstad\/files\/2025\/10\/sjf_gron_halmstad-scaled.jpg\"><img loading=\"lazy\" decoding=\"async\" class=\"alignleft size-full wp-image-936\" src=\"https:\/\/krets.jagareforbundet.se\/halmstad\/files\/2025\/10\/sjf_gron_halmstad-scaled.jpg\" alt=\"\" width=\"2560\" height=\"702\" srcset=\"https:\/\/krets.jagareforbundet.se\/halmstad\/files\/2025\/10\/sjf_gron_halmstad-scaled.jpg 2560w, https:\/\/krets.jagareforbundet.se\/halmstad\/files\/2025\/10\/sjf_gron_halmstad-300x82.jpg 300w, https:\/\/krets.jagareforbundet.se\/halmstad\/files\/2025\/10\/sjf_gron_halmstad-1024x281.jpg 1024w, https:\/\/krets.jagareforbundet.se\/halmstad\/files\/2025\/10\/sjf_gron_halmstad-768x211.jpg 768w, https:\/\/krets.jagareforbundet.se\/halmstad\/files\/2025\/10\/sjf_gron_halmstad-1536x421.jpg 1536w, https:\/\/krets.jagareforbundet.se\/halmstad\/files\/2025\/10\/sjf_gron_halmstad-2048x562.jpg 2048w\" sizes=\"auto, (max-width: 2560px) 100vw, 2560px\" \/><\/a><\/p>\n<p>&nbsp;<\/p>\n","protected":false},"excerpt":{"rendered":"<p>Vi h\u00e5ller utbildningar, aktiverar j\u00e4gare och\u00a0bedriver skytteverksamhet p\u00e5 tv\u00e5 skjutbanor. -Lerduveskytte i Vapn\u00f6 grusgrop. -Kulskytte p\u00e5 Skedalahed med r\u00f6rliga m\u00e5l &nbsp; V\u00e5ren \u00e4r h\u00e4r och med det s\u00e5 har ocks\u00e5 v\u00e5ra skjutbanor slagit upp portarna! Mer information som \u00f6ppettider eller anm\u00e4lan till tr\u00e4ning inf\u00f6r j\u00e4garexamen bes\u00f6k respektive banas sida h\u00e4r till h\u00f6ger! \u00d6nskar ni anm\u00e4la [&hellip;]<\/p>\n","protected":false},"author":3,"featured_media":0,"parent":0,"menu_order":1,"comment_status":"open","ping_status":"open","template":"","meta":{"footnotes":""},"class_list":["post-2","page","type-page","status-publish","hentry"],"_links":{"self":[{"href":"https:\/\/krets.jagareforbundet.se\/halmstad\/wp-json\/wp\/v2\/pages\/2","targetHints":{"allow":["GET"]}}],"collection":[{"href":"https:\/\/krets.jagareforbundet.se\/halmstad\/wp-json\/wp\/v2\/pages"}],"about":[{"href":"https:\/\/krets.jagareforbundet.se\/halmstad\/wp-json\/wp\/v2\/types\/page"}],"author":[{"embeddable":true,"href":"https:\/\/krets.jagareforbundet.se\/halmstad\/wp-json\/wp\/v2\/users\/3"}],"replies":[{"embeddable":true,"href":"https:\/\/krets.jagareforbundet.se\/halmstad\/wp-json\/wp\/v2\/comments?post=2"}],"version-history":[{"count":3,"href":"https:\/\/krets.jagareforbundet.se\/halmstad\/wp-json\/wp\/v2\/pages\/2\/revisions"}],"predecessor-version":[{"id":1021,"href":"https:\/\/krets.jagareforbundet.se\/halmstad\/wp-json\/wp\/v2\/pages\/2\/revisions\/1021"}],"wp:attachment":[{"href":"https:\/\/krets.jagareforbundet.se\/halmstad\/wp-json\/wp\/v2\/media?parent=2"}],"curies":[{"name":"wp","href":"https:\/\/api.w.org\/{rel}","templated":true}]}}