{"id":295,"date":"2013-05-08T20:32:56","date_gmt":"2013-05-08T18:32:56","guid":{"rendered":"https:\/\/krets.jagareforbundet.se\/halmstad\/?page_id=295"},"modified":"2026-04-06T17:26:30","modified_gmt":"2026-04-06T15:26:30","slug":"arsmoteshandlingar","status":"publish","type":"page","link":"https:\/\/krets.jagareforbundet.se\/halmstad\/arsmoteshandlingar\/","title":{"rendered":"\u00c5rsm\u00f6teshandlingar"},"content":{"rendered":"<p>&nbsp;<\/p>\n<p><a href=\"https:\/\/krets.jagareforbundet.se\/halmstad\/files\/2026\/04\/Protokoll_Arsmote_for-2026.pdf\" target=\"_blank\" rel=\"noopener\">\u00c5rsm\u00f6tesprotokoll 2026<\/a><\/p>\n<p><a href=\"https:\/\/krets.jagareforbundet.se\/halmstad\/files\/2025\/10\/Bilaga1-2025-Jagareforbundet_Halmstad_arsberattelse-MM-CH.pdf\" target=\"_blank\" rel=\"noopener\">Bilaga 1 &#8211; \u00c5rsber\u00e4ttelse 2025<\/a><\/p>\n<p><a href=\"https:\/\/krets.jagareforbundet.se\/halmstad\/files\/2025\/10\/Bokslut-2025-20260109.pdf\" target=\"_blank\" rel=\"noopener\">Bilaga 2 &#8211; \u00c5rsbokslut 2025<\/a><\/p>\n<p><a href=\"https:\/\/krets.jagareforbundet.se\/halmstad\/files\/2025\/10\/Bilaga3Verksamhetsplan_2026.pdf\" target=\"_blank\" rel=\"noopener\">Bilaga 3 &#8211; Verksamhetsplan 2026<\/a><\/p>\n<p><a href=\"https:\/\/krets.jagareforbundet.se\/halmstad\/files\/2026\/04\/Budget-2026-forslag-260226.pdf\" target=\"_blank\" rel=\"noopener\">Bilaga 4 &#8211; Budget 2026<\/a><\/p>\n<p><a href=\"https:\/\/krets.jagareforbundet.se\/halmstad\/files\/2025\/10\/SKM_C450i19121408000.pdf\" target=\"_blank\" rel=\"noopener\">Bilaga 5 &#8211; Revisionsber\u00e4ttelse 2025<\/a><\/p>\n","protected":false},"excerpt":{"rendered":"<p>&nbsp; \u00c5rsm\u00f6tesprotokoll 2026 Bilaga 1 &#8211; \u00c5rsber\u00e4ttelse 2025 Bilaga 2 &#8211; \u00c5rsbokslut 2025 Bilaga 3 &#8211; Verksamhetsplan 2026 Bilaga 4 &#8211; Budget 2026 Bilaga 5 &#8211; Revisionsber\u00e4ttelse 2025<\/p>\n","protected":false},"author":40,"featured_media":0,"parent":0,"menu_order":6,"comment_status":"open","ping_status":"closed","template":"","meta":{"footnotes":""},"class_list":["post-295","page","type-page","status-publish","hentry"],"_links":{"self":[{"href":"https:\/\/krets.jagareforbundet.se\/halmstad\/wp-json\/wp\/v2\/pages\/295","targetHints":{"allow":["GET"]}}],"collection":[{"href":"https:\/\/krets.jagareforbundet.se\/halmstad\/wp-json\/wp\/v2\/pages"}],"about":[{"href":"https:\/\/krets.jagareforbundet.se\/halmstad\/wp-json\/wp\/v2\/types\/page"}],"author":[{"embeddable":true,"href":"https:\/\/krets.jagareforbundet.se\/halmstad\/wp-json\/wp\/v2\/users\/40"}],"replies":[{"embeddable":true,"href":"https:\/\/krets.jagareforbundet.se\/halmstad\/wp-json\/wp\/v2\/comments?post=295"}],"version-history":[{"count":3,"href":"https:\/\/krets.jagareforbundet.se\/halmstad\/wp-json\/wp\/v2\/pages\/295\/revisions"}],"predecessor-version":[{"id":1033,"href":"https:\/\/krets.jagareforbundet.se\/halmstad\/wp-json\/wp\/v2\/pages\/295\/revisions\/1033"}],"wp:attachment":[{"href":"https:\/\/krets.jagareforbundet.se\/halmstad\/wp-json\/wp\/v2\/media?parent=295"}],"curies":[{"name":"wp","href":"https:\/\/api.w.org\/{rel}","templated":true}]}}