{"id":949,"date":"2025-12-09T09:19:53","date_gmt":"2025-12-09T08:19:53","guid":{"rendered":"https:\/\/krets.jagareforbundet.se\/halmstad\/?page_id=949"},"modified":"2026-03-13T12:22:40","modified_gmt":"2026-03-13T11:22:40","slug":"anmalan","status":"publish","type":"page","link":"https:\/\/krets.jagareforbundet.se\/halmstad\/anmalan\/","title":{"rendered":"J\u00e4garexamen"},"content":{"rendered":"<p>Vi i Halmstadkresten har flera provledare som varje \u00e5r genomf\u00f6r prov f\u00f6r samtliga delar av j\u00e4garexamen.<br \/>\nNedan i anm\u00e4lningsformul\u00e4ret kan ni se prov som \u00e4r \u00f6ppna f\u00f6r anm\u00e4lan just nu.<br \/>\nFinns d\u00e4r ingen \u00f6ppen anm\u00e4lan f\u00f6r provet ni beh\u00f6ver genomf\u00f6ra s\u00e5 kan ni v\u00e4lja alternativet &#8221;Intresseanm\u00e4lan&#8221; s\u00e5 h\u00f6r vi av oss n\u00e4r vi publicerar nya tider.<br \/>\nOm ni g\u00f6r en intresseanm\u00e4lan var sn\u00e4ll och skriv i kommentaren vilket eller vilka prov det \u00e4r ni \u00e4r intresserade av.<\/p>\n<p><em>\u00d6nskar ni tr\u00e4na hos oss inf\u00f6r era praktiska prov s\u00e5 var v\u00e4nlig se respektive banas sidor f\u00f6r mer information kring detta.<\/em><br \/>\n<a href=\"https:\/\/krets.jagareforbundet.se\/halmstad\/lerduveskytte\/\">Hagelbanan<br \/>\n<\/a><a href=\"https:\/\/krets.jagareforbundet.se\/halmstad\/kulbanan\/\">Kulbanan<\/a><\/p>\n\n<!-- iframe plugin v.6.0 wordpress.org\/plugins\/iframe\/ -->\n<iframe loading=\"lazy\" src=\"https:\/\/chatter-midnight-7d4.notion.site\/ebd\/\/2c427091038580a68f1dee4b6bc04a78\" width=\"100%\" height=\"1600\" frameborder=\"0\" 0=\"allowfullscreen\" scrolling=\"yes\" class=\"iframe-class\"><\/iframe>\n\n<p>Var och n\u00e4r proven genomf\u00f6rs syns p\u00e5 respektive alternativ nedan i anm\u00e4lningsformul\u00e4ret.<br \/>\nTeoriprovet kan komma att genomf\u00f6ras p\u00e5 olika platser, d\u00e4rf\u00f6r st\u00e5r plats med i dessa val i anm\u00e4lningsformul\u00e4ret.<br \/>\nL\u00e4ngst ner p\u00e5 denna sida hittar ni information om var hagelbanan och kulbanan finns.<br \/>\nObservera att v\u00e5ra tv\u00e5 banor ligger p\u00e5 olika platser i Halmstad!<\/p>\n<p><strong>Har ni n\u00e5gra fr\u00e5gor eller funderingar kring proven f\u00f6r j\u00e4garexamen s\u00e5 tveka inte att h\u00f6ra av er till oss p\u00e5 <a href=\"mailto:provledarehalmstad@gmail.com\">provledarehalmstad@gmail.com<\/a><\/strong><\/p>\n<p>Provavgiften betalas p\u00e5 plats vid provtillf\u00e4llet.<br \/>\n<strong>Vi har endast m\u00f6jlighet att ta emot betalningar med swish!<\/strong><\/p>\n<p><strong>Hagelbanan<\/strong><br \/>\n\n<!-- iframe plugin v.6.0 wordpress.org\/plugins\/iframe\/ -->\n<iframe src=\"https:\/\/www.google.com\/maps\/embed?pb=!1m18!1m12!1m3!1d2190.9207513541323!2d12.829808077847098!3d56.692792819200264!2m3!1f0!2f0!3f0!3m2!1i1024!2i768!4f13.1!3m3!1m2!1s0x4651bdf2251460c3%3A0xf96f49cd8d13ee01!2sHalmstad%20Hagelbana!5e0!3m2!1ssv!2sse!4v1765961668316!5m2!1ssv!2sse\" width=\"600\" height=\"450\" style=\"border:0;\" allowfullscreen loading=\"lazy\" referrerpolicy=\"no-referrer-when-downgrade\" scrolling=\"yes\" class=\"iframe-class\" frameborder=\"0\"><\/iframe>\n<\/p>\n<p><strong>Kulbanan<\/strong><br \/>\n\n<!-- iframe plugin v.6.0 wordpress.org\/plugins\/iframe\/ -->\n<iframe src=\"https:\/\/www.google.com\/maps\/embed?pb=!1m18!1m12!1m3!1d2191.315352552295!2d12.93368427784684!3d56.68601211972804!2m3!1f0!2f0!3f0!3m2!1i1024!2i768!4f13.1!3m3!1m2!1s0x4651a392256b893b%3A0xc962394d685fa4f5!2sHalmstad%20jaktskyttebana!5e0!3m2!1ssv!2sse!4v1765961845257!5m2!1ssv!2sse\" width=\"600\" height=\"450\" style=\"border:0;\" allowfullscreen loading=\"lazy\" referrerpolicy=\"no-referrer-when-downgrade\" scrolling=\"yes\" class=\"iframe-class\" frameborder=\"0\"><\/iframe>\n<\/p>\n","protected":false},"excerpt":{"rendered":"<p>Vi i Halmstadkresten har flera provledare som varje \u00e5r genomf\u00f6r prov f\u00f6r samtliga delar av j\u00e4garexamen. Nedan i anm\u00e4lningsformul\u00e4ret kan ni se prov som \u00e4r \u00f6ppna f\u00f6r anm\u00e4lan just nu. Finns d\u00e4r ingen \u00f6ppen anm\u00e4lan f\u00f6r provet ni beh\u00f6ver genomf\u00f6ra s\u00e5 kan ni v\u00e4lja alternativet &#8221;Intresseanm\u00e4lan&#8221; s\u00e5 h\u00f6r vi av oss n\u00e4r vi publicerar nya [&hellip;]<\/p>\n","protected":false},"author":40,"featured_media":0,"parent":0,"menu_order":0,"comment_status":"closed","ping_status":"closed","template":"","meta":{"footnotes":""},"class_list":["post-949","page","type-page","status-publish","hentry"],"_links":{"self":[{"href":"https:\/\/krets.jagareforbundet.se\/halmstad\/wp-json\/wp\/v2\/pages\/949","targetHints":{"allow":["GET"]}}],"collection":[{"href":"https:\/\/krets.jagareforbundet.se\/halmstad\/wp-json\/wp\/v2\/pages"}],"about":[{"href":"https:\/\/krets.jagareforbundet.se\/halmstad\/wp-json\/wp\/v2\/types\/page"}],"author":[{"embeddable":true,"href":"https:\/\/krets.jagareforbundet.se\/halmstad\/wp-json\/wp\/v2\/users\/40"}],"replies":[{"embeddable":true,"href":"https:\/\/krets.jagareforbundet.se\/halmstad\/wp-json\/wp\/v2\/comments?post=949"}],"version-history":[{"count":3,"href":"https:\/\/krets.jagareforbundet.se\/halmstad\/wp-json\/wp\/v2\/pages\/949\/revisions"}],"predecessor-version":[{"id":1019,"href":"https:\/\/krets.jagareforbundet.se\/halmstad\/wp-json\/wp\/v2\/pages\/949\/revisions\/1019"}],"wp:attachment":[{"href":"https:\/\/krets.jagareforbundet.se\/halmstad\/wp-json\/wp\/v2\/media?parent=949"}],"curies":[{"name":"wp","href":"https:\/\/api.w.org\/{rel}","templated":true}]}}