{"id":123,"date":"2013-08-25T11:37:26","date_gmt":"2013-08-25T09:37:26","guid":{"rendered":"https:\/\/krets.jagareforbundet.se\/hammerdal\/?page_id=123"},"modified":"2026-01-23T09:28:39","modified_gmt":"2026-01-23T08:28:39","slug":"startsida","status":"publish","type":"page","link":"https:\/\/krets.jagareforbundet.se\/hammerdal\/","title":{"rendered":"J\u00e4garef\u00f6rbundet Hammerdal"},"content":{"rendered":"<p>&nbsp;<\/p>\n<p style=\"text-align: center\"><a href=\"https:\/\/krets.jagareforbundet.se\/hammerdal\/files\/2014\/02\/IMG_20130903_073328.jpg\"><img loading=\"lazy\" decoding=\"async\" class=\"size-full wp-image-342 aligncenter\" src=\"https:\/\/krets.jagareforbundet.se\/hammerdal\/files\/2014\/02\/IMG_20130903_073328.jpg\" alt=\"Foto: Fredrik Lundqvist\" width=\"800\" height=\"200\" srcset=\"https:\/\/krets.jagareforbundet.se\/hammerdal\/files\/2014\/02\/IMG_20130903_073328.jpg 800w, https:\/\/krets.jagareforbundet.se\/hammerdal\/files\/2014\/02\/IMG_20130903_073328-300x75.jpg 300w\" sizes=\"auto, (max-width: 800px) 100vw, 800px\" \/><\/a><\/p>\n<h3><\/h3>\n<h1>\u00c5RSM\u00d6TE J\u00e4garef\u00f6rbundet Hammerdal <strong>\u00a0den 19 februari &#8211; Medborgarhuset.<\/strong><\/h1>\n<h3>Trof\u00e9m\u00e4tning av horn sker kl 18:00 \u00a0foaj\u00e9n till filmsalen. Pris 300:- f\u00f6r medlem, 600:- f\u00f6r icke medlem och 150:- f\u00f6r medaljcertifikat.<br \/>\n\u00c5rsm\u00f6tet inleds kl 18:30 med att Gun Fahlander, ordf\u00f6rande Mitt Norrland, informerar om vad som \u00e4r p\u00e5 g\u00e5ng i J\u00e4garef\u00f6rbundet.<\/h3>\n<p>Samtliga kretsens medlemmar h\u00e4lsas v\u00e4lkomna!\u00a0 \u00a0 \u00a0 \u00a0 \u00a0<a href=\"https:\/\/krets.jagareforbundet.se\/hammerdal\/files\/2026\/01\/Kallelse-2026.docx\"><span style=\"color: #0000ff\"> \u00a0M\u00f6teshandlinga kan h\u00e4mtas H\u00c4R\u00a0<\/span><\/a><\/p>\n<hr \/>\n<h6><strong>UNGDOMSSTIPENDIUM<\/strong><br \/>\nUngdom som under \u00e5ret klarar av det teoretiska provet f\u00f6r J\u00e4garexamen kan ans\u00f6ka om stipendiet p\u00e5 1.000kr. Stipendiet delas ut vid kretsens \u00e5rsm\u00f6te.<\/h6>\n<h6>\u00a0L\u00e4s mer p\u00e5 sidan &#8221;Ungdomsstipendium&#8221; som finns i menyraden till v\u00e4nster.<\/h6>\n<hr \/>\n<h4>\u00c4LGOBS F\u00d6R JAKTLAGET.<br \/>\nLada ner instruktionen till jaktlaget. <a href=\"https:\/\/krets.jagareforbundet.se\/hammerdal\/files\/2024\/08\/Alg-och-kronobs-NY.pdf\">KLICKA.\u00a0<\/a><\/h4>\n<hr \/>\n<h4><strong><em>Kretsen ha nu tv\u00e5 kvinnliga JAQT-representanter,<\/em><br \/>\nKickan Bergstr\u00f6m och Anita Johnsson.\u00a0 <span style=\"color: #ff6600\"><a style=\"color: #ff6600\" href=\"https:\/\/krets.jagareforbundet.se\/hammerdal\/jaqt\/\">KLICKA H\u00c4R<\/a><\/span><\/strong><\/h4>\n<hr \/>\n<h5><span style=\"color: #1a171b\">J\u00e4garef\u00f6rbundet Hammerdal omfattar ca 365 000 hektar (exkl. Jijnjevaerie sameby) och \u00e4r en av de 26 kretsar, som tillsammans bildar region Mitt Norrland inom Svenska J\u00e4garef\u00f6rbundet.\u00a0<\/span><\/h5>\n<h5><span style=\"color: #1a171b\">Vi i J\u00e4garef\u00f6rbundet Hammerdal \u00e4r ca 750 medlemmar.<\/span><\/h5>\n<p><a href=\"https:\/\/krets.jagareforbundet.se\/hammerdal\/files\/2015\/05\/hammerdalskarta.png\"><img loading=\"lazy\" decoding=\"async\" class=\"alignleft wp-image-585 size-medium\" src=\"https:\/\/krets.jagareforbundet.se\/hammerdal\/files\/2015\/05\/hammerdalskarta-279x300.png\" alt=\"J\u00e4garef\u00f6rbundet Hammerdal\" width=\"279\" height=\"300\" srcset=\"https:\/\/krets.jagareforbundet.se\/hammerdal\/files\/2015\/05\/hammerdalskarta-279x300.png 279w, https:\/\/krets.jagareforbundet.se\/hammerdal\/files\/2015\/05\/hammerdalskarta.png 701w\" sizes=\"auto, (max-width: 279px) 100vw, 279px\" \/><\/a><\/p>\n<p>&nbsp;<\/p>\n<p>&nbsp;<\/p>\n<p>&nbsp;<\/p>\n<p>&nbsp;<\/p>\n<p>&nbsp;<\/p>\n<p>&nbsp;<\/p>\n<p>&nbsp;<\/p>\n<p>&nbsp;<\/p>\n<p>&#8212;&#8212;&#8212;&#8212;&#8212;&#8212;&#8212;&#8212;&#8212;&#8212;&#8212;&#8212;&#8212;&#8212;&#8212;&#8212;&#8212;&#8212;&#8212;&#8212;&#8212;&#8212;&#8212;&#8212;&#8212;&#8212;&#8212;&#8212;&#8212;&#8212;&#8212;&#8212;&#8212;&#8212;&#8212;&#8212;&#8212;&#8212;&#8212;&#8212;&#8211;<\/p>\n<p><strong>VILL DU BLI MEDLEM?<\/strong><\/p>\n<p>Skicka ett e-mail till\u00a0 \u00a0hammerdal.jvk@gmail.com\u00a0 \u00a0 s\u00e5 kontaktar vi dig och ordnar med medlemskapet!<\/p>\n<p style=\"text-align: left\">\n","protected":false},"excerpt":{"rendered":"<p>&nbsp; \u00c5RSM\u00d6TE J\u00e4garef\u00f6rbundet Hammerdal \u00a0den 19 februari &#8211; Medborgarhuset. Trof\u00e9m\u00e4tning av horn sker kl 18:00 \u00a0foaj\u00e9n till filmsalen. Pris 300:- f\u00f6r medlem, 600:- f\u00f6r icke medlem och 150:- f\u00f6r medaljcertifikat. \u00c5rsm\u00f6tet inleds kl 18:30 med att Gun Fahlander, ordf\u00f6rande Mitt Norrland, informerar om vad som \u00e4r p\u00e5 g\u00e5ng i J\u00e4garef\u00f6rbundet. Samtliga kretsens medlemmar h\u00e4lsas v\u00e4lkomna!\u00a0 [&hellip;]<\/p>\n","protected":false},"author":63,"featured_media":0,"parent":0,"menu_order":0,"comment_status":"open","ping_status":"open","template":"","meta":{"footnotes":""},"class_list":["post-123","page","type-page","status-publish","hentry"],"_links":{"self":[{"href":"https:\/\/krets.jagareforbundet.se\/hammerdal\/wp-json\/wp\/v2\/pages\/123","targetHints":{"allow":["GET"]}}],"collection":[{"href":"https:\/\/krets.jagareforbundet.se\/hammerdal\/wp-json\/wp\/v2\/pages"}],"about":[{"href":"https:\/\/krets.jagareforbundet.se\/hammerdal\/wp-json\/wp\/v2\/types\/page"}],"author":[{"embeddable":true,"href":"https:\/\/krets.jagareforbundet.se\/hammerdal\/wp-json\/wp\/v2\/users\/63"}],"replies":[{"embeddable":true,"href":"https:\/\/krets.jagareforbundet.se\/hammerdal\/wp-json\/wp\/v2\/comments?post=123"}],"version-history":[{"count":3,"href":"https:\/\/krets.jagareforbundet.se\/hammerdal\/wp-json\/wp\/v2\/pages\/123\/revisions"}],"predecessor-version":[{"id":961,"href":"https:\/\/krets.jagareforbundet.se\/hammerdal\/wp-json\/wp\/v2\/pages\/123\/revisions\/961"}],"wp:attachment":[{"href":"https:\/\/krets.jagareforbundet.se\/hammerdal\/wp-json\/wp\/v2\/media?parent=123"}],"curies":[{"name":"wp","href":"https:\/\/api.w.org\/{rel}","templated":true}]}}