{"id":152,"date":"2013-08-25T12:47:27","date_gmt":"2013-08-25T10:47:27","guid":{"rendered":"https:\/\/krets.jagareforbundet.se\/hammerdal\/?page_id=152"},"modified":"2024-03-26T11:52:47","modified_gmt":"2024-03-26T10:52:47","slug":"fortroendevalda","status":"publish","type":"page","link":"https:\/\/krets.jagareforbundet.se\/hammerdal\/fortroendevalda\/","title":{"rendered":"Kontakta oss"},"content":{"rendered":"<h2><a href=\"https:\/\/krets.jagareforbundet.se\/hammerdal\/files\/2014\/02\/grym_.jpg\"><img loading=\"lazy\" decoding=\"async\" class=\"aligncenter size-full wp-image-351\" src=\"https:\/\/krets.jagareforbundet.se\/hammerdal\/files\/2014\/02\/grym_.jpg\" alt=\"Foto: Madeleine Lewander\" width=\"800\" height=\"200\" srcset=\"https:\/\/krets.jagareforbundet.se\/hammerdal\/files\/2014\/02\/grym_.jpg 800w, https:\/\/krets.jagareforbundet.se\/hammerdal\/files\/2014\/02\/grym_-300x75.jpg 300w\" sizes=\"auto, (max-width: 800px) 100vw, 800px\" \/><\/a><\/h2>\n<h2>Styrelsen<\/h2>\n<p>Du n\u00e5r oss via e-post: <a href=\"mailto:hammerdal.jvk@gmail.com\">hammerdal.jvk@gmail.com<\/a><\/p>\n<table style=\"height: 393px\" border=\"0\" width=\"1353\" cellspacing=\"0\" cellpadding=\"0\">\n<tbody>\n<tr>\n<td valign=\"top\" width=\"307\">\n<h4>\u00a0Ordf\u00f6rande<br \/>\nUlf Svensson<br \/>\n070-625 87 93<br \/>\nu@svensson.as<\/h4>\n<\/td>\n<td valign=\"top\" width=\"307\">\n<h4>Skytte och ungdom<br \/>\nLars Olov P\u00e5lsson<br \/>\n070-322 73 53<br \/>\nmunkpojk@gmail.com<\/h4>\n<\/td>\n<\/tr>\n<tr>\n<td valign=\"top\" width=\"307\">\n<h4>Vice ordf\u00f6rande\/sekreterare<br \/>\nUlf Backman<br \/>\n070-525 18 37<br \/>\nulf.bowhunter@gmail.com<\/h4>\n<\/td>\n<td valign=\"top\" width=\"307\">\n<h4>Hund<br \/>\nJonas Karlsson<br \/>\n070-211 30 64<br \/>\njonas.karlsson58@live.se<\/h4>\n<h4><\/h4>\n<\/td>\n<\/tr>\n<tr>\n<td valign=\"top\" width=\"307\">\n<h4>Utbildning<br \/>\nHenric Lindh<br \/>\n076-787 57 67<br \/>\nhenric.lindh@studieframjandet.se<\/h4>\n<\/td>\n<td valign=\"top\" width=\"307\">\n<h4>Viltv\u00e5rd<br \/>\nAnders Griph<\/h4>\n<h4>hammerdal.jvk@gmail.com<\/h4>\n<\/td>\n<\/tr>\n<\/tbody>\n<\/table>\n<h2>Adjungerade till styrelsen<\/h2>\n<table style=\"height: 176px\" border=\"0\" width=\"615\" cellspacing=\"0\" cellpadding=\"0\">\n<tbody>\n<tr>\n<td valign=\"top\" width=\"307\">\n<h4>JAQT<br \/>\nMarie Louise Kickan Bergstr\u00f6m<br \/>\n070-333 93 70\u00a0 kickan.bergstr\u00f6m@telia.com<\/h4>\n<h4><\/h4>\n<\/td>\n<td valign=\"top\" width=\"307\">\n<h4>JAQT<br \/>\nAnita Johnsson<br \/>\n070-134 36 60\u00a0 \u00a0 \u00a0 \u00a0 \u00a0 \u00a0 \u00a0 \u00a0 \u00a0 \u00a0 \u00a0 \u00a0 \u00a0 \u00a0 \u00a0 \u00a0 \u00a0 anita.johnsson986@gmail.com<\/h4>\n<h4><\/h4>\n<\/td>\n<\/tr>\n<tr>\n<td valign=\"top\" width=\"307\"><\/td>\n<td valign=\"top\" width=\"307\"><\/td>\n<\/tr>\n<tr>\n<td valign=\"top\" width=\"307\"><\/td>\n<\/tr>\n<\/tbody>\n<\/table>\n<h2>\u00d6vriga uppdrag<\/h2>\n<table border=\"0\" cellspacing=\"0\" cellpadding=\"0\">\n<tbody>\n<tr>\n<td valign=\"top\" width=\"307\">\n<h4>Valberedningen, sammankallande<br \/>\nBengt Mickelsson<br \/>\nbengt.mickelsson@hotmail.com<\/h4>\n<\/td>\n<td valign=\"top\" width=\"307\">\n<h4>Kass\u00f6r<br \/>\nBengt \u00c5str\u00f6m<\/h4>\n<\/td>\n<\/tr>\n<\/tbody>\n<\/table>\n<h2><\/h2>\n","protected":false},"excerpt":{"rendered":"<p>Styrelsen Du n\u00e5r oss via e-post: hammerdal.jvk@gmail.com \u00a0Ordf\u00f6rande Ulf Svensson 070-625 87 93 u@svensson.as Skytte och ungdom Lars Olov P\u00e5lsson 070-322 73 53 munkpojk@gmail.com Vice ordf\u00f6rande\/sekreterare Ulf Backman 070-525 18 37 ulf.bowhunter@gmail.com Hund Jonas Karlsson 070-211 30 64 jonas.karlsson58@live.se Utbildning Henric Lindh 076-787 57 67 henric.lindh@studieframjandet.se Viltv\u00e5rd Anders Griph hammerdal.jvk@gmail.com Adjungerade till styrelsen JAQT Marie [&hellip;]<\/p>\n","protected":false},"author":63,"featured_media":0,"parent":0,"menu_order":9,"comment_status":"open","ping_status":"open","template":"","meta":{"footnotes":""},"class_list":["post-152","page","type-page","status-publish","hentry"],"_links":{"self":[{"href":"https:\/\/krets.jagareforbundet.se\/hammerdal\/wp-json\/wp\/v2\/pages\/152","targetHints":{"allow":["GET"]}}],"collection":[{"href":"https:\/\/krets.jagareforbundet.se\/hammerdal\/wp-json\/wp\/v2\/pages"}],"about":[{"href":"https:\/\/krets.jagareforbundet.se\/hammerdal\/wp-json\/wp\/v2\/types\/page"}],"author":[{"embeddable":true,"href":"https:\/\/krets.jagareforbundet.se\/hammerdal\/wp-json\/wp\/v2\/users\/63"}],"replies":[{"embeddable":true,"href":"https:\/\/krets.jagareforbundet.se\/hammerdal\/wp-json\/wp\/v2\/comments?post=152"}],"version-history":[{"count":4,"href":"https:\/\/krets.jagareforbundet.se\/hammerdal\/wp-json\/wp\/v2\/pages\/152\/revisions"}],"predecessor-version":[{"id":888,"href":"https:\/\/krets.jagareforbundet.se\/hammerdal\/wp-json\/wp\/v2\/pages\/152\/revisions\/888"}],"wp:attachment":[{"href":"https:\/\/krets.jagareforbundet.se\/hammerdal\/wp-json\/wp\/v2\/media?parent=152"}],"curies":[{"name":"wp","href":"https:\/\/api.w.org\/{rel}","templated":true}]}}