{"id":178,"date":"2013-08-25T14:29:49","date_gmt":"2013-08-25T12:29:49","guid":{"rendered":"https:\/\/krets.jagareforbundet.se\/hammerdal\/?page_id=178"},"modified":"2024-03-06T07:00:16","modified_gmt":"2024-03-06T06:00:16","slug":"algforvaltning","status":"publish","type":"page","link":"https:\/\/krets.jagareforbundet.se\/hammerdal\/algforvaltning\/","title":{"rendered":"\u00c4lgf\u00f6rvaltning"},"content":{"rendered":"<h2><a href=\"https:\/\/krets.jagareforbundet.se\/hammerdal\/files\/2013\/08\/algtjur_robin_oscarsson.jpg\"><img loading=\"lazy\" decoding=\"async\" class=\"aligncenter wp-image-697 size-full\" src=\"https:\/\/krets.jagareforbundet.se\/hammerdal\/files\/2013\/08\/algtjur_robin_oscarsson.jpg\" alt=\"Foto: Robin Oscarsson\" width=\"800\" height=\"200\" srcset=\"https:\/\/krets.jagareforbundet.se\/hammerdal\/files\/2013\/08\/algtjur_robin_oscarsson.jpg 800w, https:\/\/krets.jagareforbundet.se\/hammerdal\/files\/2013\/08\/algtjur_robin_oscarsson-300x75.jpg 300w, https:\/\/krets.jagareforbundet.se\/hammerdal\/files\/2013\/08\/algtjur_robin_oscarsson-768x192.jpg 768w\" sizes=\"auto, (max-width: 800px) 100vw, 800px\" \/><\/a><\/h2>\n<h5>L\u00e4nsstyrelsen svarar f\u00f6r \u00e4lgf\u00f6rvaltningen och har en \u00e4lgf\u00f6rvaltningsgrupp inom vardera \u00e4lgf\u00f6rvaltningsomr\u00e5de.<br \/>\nJ\u00e4garef\u00f6rbundet Hammerdal tillh\u00f6r ett omr\u00e5de ben\u00e4mnt &#8221;Hammerdal\/Ragunda \u00c4FO&#8221;<br \/>\nDe personer\u00a0 som arbetar med f\u00f6rvaltningen inom ett \u00c4FO ben\u00e4mns \u00c4lgf\u00f6rvaltningsgrupp. (\u00c4FG)\u00a0 3 repr. f\u00f6r skogsbruket och 3 repr. f\u00f6r j\u00e4gare\/samer.<\/h5>\n<hr \/>\n<p><strong>V\u00e5r representant inom J\u00e4garef\u00f6rbundet Hammerdal \u00e4r Erica Fahlander, 073-041 23 94,\u00a0 <\/strong>ericafahlander@hotmail.com<\/p>\n<hr \/>\n<h5>\u00c4lgpolicy f\u00f6r J\u00e4garef\u00f6rbundet Hammerdal<br \/>\nMed ett engagerat j\u00e4garansvar ska vi f\u00e5 en balanserad \u00e4lgstam med h\u00f6g kvalitet.<\/h5>\n<p>Balanserad<br \/>\nR\u00e4tt antal med s\u00e5dan sammans\u00e4ttning att man f\u00e5r h\u00f6gsta m\u00f6jliga produktion utan att betestrycket resulterar i oacceptabla skador.<\/p>\n<h5>Kvalitet<br \/>\nR\u00e4tt sammansatt \u00e4lgstam, dvs h\u00f6g medel\u00e5lder med produktiva kor och &#8221;storoxar&#8221;.<\/h5>\n<h3>Kontroll av t\u00e4thet<\/h3>\n<ul>\n<li>Betestrycksinventering<\/li>\n<li>Uppf\u00f6ljning av viltolyckor i trafiken<\/li>\n<li>Samr\u00e5d med skogsbruket<\/li>\n<\/ul>\n<h3>Kontroll av kvalitet<\/h3>\n<ul>\n<li>Bearbeta \u00e4lg-obsen<\/li>\n<li>\u00c5ldersbest\u00e4mning av alla f\u00e4llda \u00e4lgar<\/li>\n<li>V\u00e4gning av alla f\u00e4llda \u00e4lgar<\/li>\n<\/ul>\n<h2><\/h2>\n","protected":false},"excerpt":{"rendered":"<p>L\u00e4nsstyrelsen svarar f\u00f6r \u00e4lgf\u00f6rvaltningen och har en \u00e4lgf\u00f6rvaltningsgrupp inom vardera \u00e4lgf\u00f6rvaltningsomr\u00e5de. J\u00e4garef\u00f6rbundet Hammerdal tillh\u00f6r ett omr\u00e5de ben\u00e4mnt &#8221;Hammerdal\/Ragunda \u00c4FO&#8221; De personer\u00a0 som arbetar med f\u00f6rvaltningen inom ett \u00c4FO ben\u00e4mns \u00c4lgf\u00f6rvaltningsgrupp. (\u00c4FG)\u00a0 3 repr. f\u00f6r skogsbruket och 3 repr. f\u00f6r j\u00e4gare\/samer. V\u00e5r representant inom J\u00e4garef\u00f6rbundet Hammerdal \u00e4r Erica Fahlander, 073-041 23 94,\u00a0 ericafahlander@hotmail.com \u00c4lgpolicy f\u00f6r J\u00e4garef\u00f6rbundet [&hellip;]<\/p>\n","protected":false},"author":63,"featured_media":0,"parent":0,"menu_order":4,"comment_status":"open","ping_status":"open","template":"","meta":{"footnotes":""},"class_list":["post-178","page","type-page","status-publish","hentry"],"_links":{"self":[{"href":"https:\/\/krets.jagareforbundet.se\/hammerdal\/wp-json\/wp\/v2\/pages\/178","targetHints":{"allow":["GET"]}}],"collection":[{"href":"https:\/\/krets.jagareforbundet.se\/hammerdal\/wp-json\/wp\/v2\/pages"}],"about":[{"href":"https:\/\/krets.jagareforbundet.se\/hammerdal\/wp-json\/wp\/v2\/types\/page"}],"author":[{"embeddable":true,"href":"https:\/\/krets.jagareforbundet.se\/hammerdal\/wp-json\/wp\/v2\/users\/63"}],"replies":[{"embeddable":true,"href":"https:\/\/krets.jagareforbundet.se\/hammerdal\/wp-json\/wp\/v2\/comments?post=178"}],"version-history":[{"count":3,"href":"https:\/\/krets.jagareforbundet.se\/hammerdal\/wp-json\/wp\/v2\/pages\/178\/revisions"}],"predecessor-version":[{"id":870,"href":"https:\/\/krets.jagareforbundet.se\/hammerdal\/wp-json\/wp\/v2\/pages\/178\/revisions\/870"}],"wp:attachment":[{"href":"https:\/\/krets.jagareforbundet.se\/hammerdal\/wp-json\/wp\/v2\/media?parent=178"}],"curies":[{"name":"wp","href":"https:\/\/api.w.org\/{rel}","templated":true}]}}