{"id":192,"date":"2013-08-25T14:55:16","date_gmt":"2013-08-25T12:55:16","guid":{"rendered":"https:\/\/krets.jagareforbundet.se\/hammerdal\/?page_id=192"},"modified":"2024-05-06T09:51:21","modified_gmt":"2024-05-06T07:51:21","slug":"jaktskytte","status":"publish","type":"page","link":"https:\/\/krets.jagareforbundet.se\/hammerdal\/jaktskytte\/","title":{"rendered":"Jaktskytteklubbar"},"content":{"rendered":"<p><a href=\"https:\/\/krets.jagareforbundet.se\/hammerdal\/files\/2014\/02\/jaktskytte.jpg\"><img loading=\"lazy\" decoding=\"async\" class=\"aligncenter size-full wp-image-348\" src=\"https:\/\/krets.jagareforbundet.se\/hammerdal\/files\/2014\/02\/jaktskytte.jpg\" alt=\"Foto: Madeleine Lewander\" width=\"800\" height=\"200\" srcset=\"https:\/\/krets.jagareforbundet.se\/hammerdal\/files\/2014\/02\/jaktskytte.jpg 800w, https:\/\/krets.jagareforbundet.se\/hammerdal\/files\/2014\/02\/jaktskytte-300x75.jpg 300w\" sizes=\"auto, (max-width: 800px) 100vw, 800px\" \/><\/a><\/p>\n<h2>Jaktskytteklubbar<\/h2>\n<table border=\"0\" cellspacing=\"0\" cellpadding=\"0\">\n<tbody>\n<tr>\n<td valign=\"top\" width=\"307\">\n<h4>Gerans Jaktskytteklubb<\/h4>\n<p>Kontaktperson: Johan Karlsson<br \/>\nTelefon: 070-283 36 51<\/td>\n<td valign=\"top\" width=\"307\">\n<h4>Gren\u00e5s Jaktskytteklubb<\/h4>\n<p>Kontaktperson: Christer Sj\u00f6lund<br \/>\nTelefon: 070-221 60 15<\/td>\n<\/tr>\n<\/tbody>\n<tbody>\n<tr>\n<td valign=\"top\" width=\"307\">\n<h4>G\u00f6rviks \u00c4lgskyttebana<\/h4>\n<p>Kontaktperson: Knut Karlsson<br \/>\nTelefon: 070-544 63 20<\/td>\n<td valign=\"top\" width=\"307\">\n<h4>Hallvikens Jaktskytteklubb<\/h4>\n<p>Kontaktperson: Emil Martinsson<br \/>\nTelefon: 070-344 29 99<\/td>\n<\/tr>\n<\/tbody>\n<tbody>\n<tr>\n<td valign=\"top\" width=\"307\">\n<h4>Hammerdals Jaktskytteklubb<\/h4>\n<p>Kontaktperson: Ante Andersson<br \/>\nTelefon: 073-087 11 60<\/p>\n<p>Ungdomsskytte .22 bana<\/td>\n<td valign=\"top\" width=\"307\">\n<h4>H\u00e4ggen\u00e5s-Lits Jaktskytteklubb<\/h4>\n<p>Kontaktperson: Lasse P\u00e5lsson<br \/>\nTelefon: 070-322 73 53<\/p>\n<p>Hemsida: <a href=\"http:\/\/jaktskytteklubben.se\" target=\"_blank\" rel=\"noopener\">jaktskytteklubben.se<\/a><\/p>\n<p>Ungdomsskytte.22 bana\u00a0 och &#8221;tjejskytte&#8221;<\/td>\n<\/tr>\n<\/tbody>\n<tbody>\n<tr>\n<td valign=\"top\" width=\"307\">\n<h4>Laxsj\u00f6ortens Jaktskytteklubb<\/h4>\n<p>Kontaktperson:<br \/>\nTelefon:<\/td>\n<td valign=\"top\" width=\"307\">\n<h4>Mobuans Jaktskytteklubb<\/h4>\n<p>Kontaktperson: Assar Raftheim<br \/>\nTelefon: 070-632 76 93<\/td>\n<\/tr>\n<\/tbody>\n<tbody>\n<tr>\n<td valign=\"top\" width=\"307\">\n<h4>Norra Lits Jaktskytteklubb<\/h4>\n<p>Kontaktperson: Olov Eriksson<br \/>\nTelefon: 073-058 36 83<\/td>\n<td valign=\"top\" width=\"307\">\n<h4>Ottsj\u00f6-Kaku\u00e5sens Jaktskytteklubb<\/h4>\n<p>Kontaktperson: Sture Nilsson<br \/>\nTelefon: 070-236 57 52<\/td>\n<\/tr>\n<\/tbody>\n<tbody>\n<tr>\n<td valign=\"top\" width=\"307\">\n<h4>Stamsele Jaktskytteklubb<\/h4>\n<p>Kontaktperson: Ingrid Bergander<br \/>\nTelefon:<\/td>\n<td valign=\"top\" width=\"307\"><\/td>\n<\/tr>\n<\/tbody>\n<\/table>\n","protected":false},"excerpt":{"rendered":"<p>Jaktskytteklubbar Gerans Jaktskytteklubb Kontaktperson: Johan Karlsson Telefon: 070-283 36 51 Gren\u00e5s Jaktskytteklubb Kontaktperson: Christer Sj\u00f6lund Telefon: 070-221 60 15 G\u00f6rviks \u00c4lgskyttebana Kontaktperson: Knut Karlsson Telefon: 070-544 63 20 Hallvikens Jaktskytteklubb Kontaktperson: Emil Martinsson Telefon: 070-344 29 99 Hammerdals Jaktskytteklubb Kontaktperson: Ante Andersson Telefon: 073-087 11 60 Ungdomsskytte .22 bana H\u00e4ggen\u00e5s-Lits Jaktskytteklubb Kontaktperson: Lasse P\u00e5lsson Telefon: [&hellip;]<\/p>\n","protected":false},"author":63,"featured_media":0,"parent":0,"menu_order":5,"comment_status":"open","ping_status":"open","template":"","meta":{"footnotes":""},"class_list":["post-192","page","type-page","status-publish","hentry"],"_links":{"self":[{"href":"https:\/\/krets.jagareforbundet.se\/hammerdal\/wp-json\/wp\/v2\/pages\/192","targetHints":{"allow":["GET"]}}],"collection":[{"href":"https:\/\/krets.jagareforbundet.se\/hammerdal\/wp-json\/wp\/v2\/pages"}],"about":[{"href":"https:\/\/krets.jagareforbundet.se\/hammerdal\/wp-json\/wp\/v2\/types\/page"}],"author":[{"embeddable":true,"href":"https:\/\/krets.jagareforbundet.se\/hammerdal\/wp-json\/wp\/v2\/users\/63"}],"replies":[{"embeddable":true,"href":"https:\/\/krets.jagareforbundet.se\/hammerdal\/wp-json\/wp\/v2\/comments?post=192"}],"version-history":[{"count":3,"href":"https:\/\/krets.jagareforbundet.se\/hammerdal\/wp-json\/wp\/v2\/pages\/192\/revisions"}],"predecessor-version":[{"id":915,"href":"https:\/\/krets.jagareforbundet.se\/hammerdal\/wp-json\/wp\/v2\/pages\/192\/revisions\/915"}],"wp:attachment":[{"href":"https:\/\/krets.jagareforbundet.se\/hammerdal\/wp-json\/wp\/v2\/media?parent=192"}],"curies":[{"name":"wp","href":"https:\/\/api.w.org\/{rel}","templated":true}]}}