{"id":210,"date":"2013-08-26T13:17:49","date_gmt":"2013-08-26T11:17:49","guid":{"rendered":"https:\/\/krets.jagareforbundet.se\/hammerdal\/?page_id=210"},"modified":"2024-02-26T07:35:00","modified_gmt":"2024-02-26T06:35:00","slug":"rovdjur","status":"publish","type":"page","link":"https:\/\/krets.jagareforbundet.se\/hammerdal\/rovdjur\/","title":{"rendered":"Rovdjur"},"content":{"rendered":"<p><a href=\"https:\/\/krets.jagareforbundet.se\/hammerdal\/files\/2013\/08\/bjorn_hanna_oscarsson.jpg\"><img loading=\"lazy\" decoding=\"async\" class=\"aligncenter size-full wp-image-698\" src=\"https:\/\/krets.jagareforbundet.se\/hammerdal\/files\/2013\/08\/bjorn_hanna_oscarsson.jpg\" alt=\"Foto: Hanna Oscarsson\" width=\"800\" height=\"200\" srcset=\"https:\/\/krets.jagareforbundet.se\/hammerdal\/files\/2013\/08\/bjorn_hanna_oscarsson.jpg 800w, https:\/\/krets.jagareforbundet.se\/hammerdal\/files\/2013\/08\/bjorn_hanna_oscarsson-300x75.jpg 300w, https:\/\/krets.jagareforbundet.se\/hammerdal\/files\/2013\/08\/bjorn_hanna_oscarsson-768x192.jpg 768w\" sizes=\"auto, (max-width: 800px) 100vw, 800px\" \/><\/a><\/p>\n<h2 id=\"page_50366\">Rapportera rovdjur<\/h2>\n<p>Rapportera de rovdjur\/rovdjurssp\u00e5r du ser till v\u00e5r rovdjursansvarige.<\/p>\n<p>\u00d6rjan Hansson<br \/>\nTelefon: 0642-600 33<br \/>\nMobil: 070-671 58 10<br \/>\nE-post: <a href=\"mailto:orjan.handog@gmail.com\">orjan.handog@gmail.com<\/a><\/p>\n<hr \/>\n<p><strong>L\u00c4S OM DV\u00c4RGBANDMASK<\/strong><\/p>\n<p>Har v\u00e5ra r\u00e4var dv\u00e4rgbandmask?<br \/>\nVar med och kartl\u00e4gg &#8211; v\u00e5ra jakthundar kan vara utsatta.<br \/>\nUnder de senaste tv\u00e5 \u00e5ren har infektion med r\u00e4vens dv\u00e4rgbandmask diagnostiserats hos minst sex personer i Sverige. En av riskgrupperna \u00e4r jakthunds\u00e4gare.<br \/>\nSVA unders\u00f6ker utbredningen av r\u00e4vens dv\u00e4rgbandmask och avf\u00f6ringsprov fr\u00e5n r\u00e4var beh\u00f6vs fr\u00e5n v\u00e5ra jaktmarker.<br \/>\nR\u00e4vens dv\u00e4rgbandmask, Echinococcus multilocularis, f\u00f6rekommer i m\u00e5nga l\u00e4nder p\u00e5 norra halvklotet. Fall bland m\u00e4nniska \u00e4r ovanliga men allvarliga eftersom sjukdomen \u00e4r sv\u00e5rbehandlad. I Sverige har den p\u00e5visats i Sm\u00e5land, V\u00e4stra G\u00f6taland, S\u00f6dermanland, Dalarna och Halland.<br \/>\nVi vet att r\u00e4ven ofta vandrar mycket l\u00e5ngt med \u00f6kad risk f\u00f6r spridning.<br \/>\nR\u00e4ven \u00e4r det vanligaste huvudv\u00e4rddjuret, men \u00e4ven andra k\u00f6tt\u00e4tande djur, till exempel hund, katt, lodjur och m\u00e5rdhund kan b\u00e4ra p\u00e5 parasiten. Om dessa djur infekteras, s\u00e4tter sig masken fast i tarmen och \u00e4gg uts\u00f6ndras till omgivningen via avf\u00f6ringen. \u00c4ven hundens p\u00e4ls kan b\u00e4ra p\u00e5 \u00e4ggen.<br \/>\nSorkar och sm\u00e5gnagare \u00e4r oftast mellanv\u00e4rddjur f\u00f6r r\u00e4vens dv\u00e4rgbandmask. De f\u00e5r i sig mask\u00e4gg n\u00e4r de s\u00f6ker f\u00f6da p\u00e5 kontaminerad mark. I mellanv\u00e4rddjuret utvecklas mask\u00e4ggen till larver. R\u00e4var och andra k\u00f6tt\u00e4tande djur kan f\u00e5 i sig larver n\u00e4r de \u00e4ter infekterade gnagare. I huvudv\u00e4rddjuret utvecklas larverna till maskar som uts\u00f6ndrar nya \u00e4gg. \u00c4ggen fr\u00e5n r\u00e4vens dv\u00e4rgbandmask \u00e4r mycket kylt\u00e5liga och kan leva l\u00e4nge i det fria med bibeh\u00e5llen smittsamhet. De \u00e4r k\u00e4nsliga f\u00f6r uttorkning men \u00f6verlever inte kokning.<br \/>\nM\u00e4nniskor kan smittas om de uts\u00e4tts f\u00f6r mask\u00e4gg. Inkubationstiden \u00e4r oftast flera \u00e5r, cirka 5-15 \u00e5r.<br \/>\nPrognosen f\u00f6r behandling av sjukdomen har f\u00f6rb\u00e4ttrats under senare \u00e5rtionden, men den kan alltj\u00e4mt vara d\u00f6dlig och kr\u00e4ver n\u00e4stan alltid l\u00e5ng tid av medicinering.<br \/>\nF\u00f6rebyggande \u00e5tg\u00e4rder f\u00f6r att undg\u00e5 att smittas av r\u00e4vens dv\u00e4rgbandmask i samband med r\u00e4vjakt<br \/>\n*Anv\u00e4nd plasthandskar vid all hantering av r\u00e4ven och tv\u00e4tta h\u00e4nderna med tv\u00e5l och vatten efter\u00e5t.<br \/>\n*F\u00f6rvara r\u00e4vkroppen i en plasts\u00e4ck under frakt.<br \/>\n*R\u00e4vkroppen b\u00f6r fl\u00e5s utomhus eller i ett v\u00e4lventilerat rum.<br \/>\n*Bl\u00f6t\/spraya med vatten i omr\u00e5det kring \u00e4ndtarms\u00f6ppningen f\u00f6re snitt i det omr\u00e5det f\u00f6r att undvika att eventuella mask\u00e4gg virvlar upp.<br \/>\n*Skinn som ska tillvaratas b\u00f6r f\u00e5 h\u00e4nga p\u00e5 tork under l\u00e5ng tid f\u00f6re vidare hantering. Att enbart frysa in skinnet \u00e4r inte ett bra alternativ d\u00e5 det kan g\u00f6ra att eventuella \u00e4gg \u00f6verlever l\u00e4ngre.<br \/>\n(Parasit\u00e4ggen t\u00e5l betydligt l\u00e4gre temperaturer \u00e4n vad vanliga frysboxar h\u00e5ller (det kr\u00e4vs -80\u00b0C). D\u00e4rmed kan de \u00f6vervintra i markerna och fortfarande vara smittfarliga f\u00f6r sm\u00e5gnagare och m\u00e4nniska under l\u00e5ng tid.)<br \/>\nP R O V T A G N I N G<br \/>\nVi har 40 st kit a\u00b45 p\u00e5sar f\u00f6r provtagning. Du kan v\u00e4nda dig till n\u00e5gon av oss i styrelsen om du aktivt kan bidra med att samla in avf\u00f6ring fr\u00e5n r\u00e4v.<br \/>\nhammerdal.jvk@gmail.com<br \/>\n\u00c4r du os\u00e4ker om hur r\u00e4vens spillning ser ut kan du kika p\u00e5 SVA:r\u00e4vspillningsskola.<br \/>\n<a href=\"https:\/\/www.sva.se\/amnesomraden\/smittlage\/insamlingar\/hitta-ravbajset-sva-s-ravspillningsskola\/\">https:\/\/www.sva.se\/amnesomraden\/smittlage\/insamlingar\/hitta-ravbajset-sva-s-ravspillningsskola\/<\/a><\/p>\n<p>Ulf Svensson<\/p>\n","protected":false},"excerpt":{"rendered":"<p>Rapportera rovdjur Rapportera de rovdjur\/rovdjurssp\u00e5r du ser till v\u00e5r rovdjursansvarige. \u00d6rjan Hansson Telefon: 0642-600 33 Mobil: 070-671 58 10 E-post: orjan.handog@gmail.com L\u00c4S OM DV\u00c4RGBANDMASK Har v\u00e5ra r\u00e4var dv\u00e4rgbandmask? Var med och kartl\u00e4gg &#8211; v\u00e5ra jakthundar kan vara utsatta. Under de senaste tv\u00e5 \u00e5ren har infektion med r\u00e4vens dv\u00e4rgbandmask diagnostiserats hos minst sex personer i Sverige. [&hellip;]<\/p>\n","protected":false},"author":63,"featured_media":0,"parent":0,"menu_order":6,"comment_status":"open","ping_status":"open","template":"","meta":{"footnotes":""},"class_list":["post-210","page","type-page","status-publish","hentry"],"_links":{"self":[{"href":"https:\/\/krets.jagareforbundet.se\/hammerdal\/wp-json\/wp\/v2\/pages\/210","targetHints":{"allow":["GET"]}}],"collection":[{"href":"https:\/\/krets.jagareforbundet.se\/hammerdal\/wp-json\/wp\/v2\/pages"}],"about":[{"href":"https:\/\/krets.jagareforbundet.se\/hammerdal\/wp-json\/wp\/v2\/types\/page"}],"author":[{"embeddable":true,"href":"https:\/\/krets.jagareforbundet.se\/hammerdal\/wp-json\/wp\/v2\/users\/63"}],"replies":[{"embeddable":true,"href":"https:\/\/krets.jagareforbundet.se\/hammerdal\/wp-json\/wp\/v2\/comments?post=210"}],"version-history":[{"count":3,"href":"https:\/\/krets.jagareforbundet.se\/hammerdal\/wp-json\/wp\/v2\/pages\/210\/revisions"}],"predecessor-version":[{"id":853,"href":"https:\/\/krets.jagareforbundet.se\/hammerdal\/wp-json\/wp\/v2\/pages\/210\/revisions\/853"}],"wp:attachment":[{"href":"https:\/\/krets.jagareforbundet.se\/hammerdal\/wp-json\/wp\/v2\/media?parent=210"}],"curies":[{"name":"wp","href":"https:\/\/api.w.org\/{rel}","templated":true}]}}