{"id":321,"date":"2013-10-15T18:43:20","date_gmt":"2013-10-15T16:43:20","guid":{"rendered":"https:\/\/krets.jagareforbundet.se\/hammerdal\/event\/"},"modified":"2024-03-20T08:50:20","modified_gmt":"2024-03-20T07:50:20","slug":"kalender","status":"publish","type":"page","link":"https:\/\/krets.jagareforbundet.se\/hammerdal\/kalender\/","title":{"rendered":"Kalender"},"content":{"rendered":"<p><a href=\"https:\/\/krets.jagareforbundet.se\/hammerdal\/files\/2013\/10\/hagelskytte_ung.jpg\"><img loading=\"lazy\" decoding=\"async\" class=\"aligncenter size-full wp-image-363\" src=\"https:\/\/krets.jagareforbundet.se\/hammerdal\/files\/2013\/10\/hagelskytte_ung.jpg\" alt=\"Foto: Madeleine Lewander\" width=\"800\" height=\"200\" srcset=\"https:\/\/krets.jagareforbundet.se\/hammerdal\/files\/2013\/10\/hagelskytte_ung.jpg 800w, https:\/\/krets.jagareforbundet.se\/hammerdal\/files\/2013\/10\/hagelskytte_ung-300x75.jpg 300w\" sizes=\"auto, (max-width: 800px) 100vw, 800px\" \/><\/a><br \/>\nKalender<\/p>\n<p>&nbsp;<\/p>\n<p>\u00c5rsm\u00f6te Hammerdal Jaktv\u00e5rdskrets h\u00f6lls den 7 februari kl 19.00 i Medborgarhuset<\/p>\n<p><em><strong>Magnus Hansson,<\/strong><\/em> Jaktv\u00e5rdskonsulent Mitt Norrland h\u00f6ll information om \u00e4lgf\u00f6rvaltning.<\/p>\n<p>Innan \u00e5rsm\u00f6tet h\u00f6lls hornm\u00e4tning.<\/p>\n","protected":false},"excerpt":{"rendered":"<p>CONTENTS<\/p>\n","protected":false},"author":3,"featured_media":0,"parent":0,"menu_order":3,"comment_status":"open","ping_status":"open","template":"","meta":{"footnotes":""},"class_list":["post-321","page","type-page","status-publish","hentry"],"_links":{"self":[{"href":"https:\/\/krets.jagareforbundet.se\/hammerdal\/wp-json\/wp\/v2\/pages\/321","targetHints":{"allow":["GET"]}}],"collection":[{"href":"https:\/\/krets.jagareforbundet.se\/hammerdal\/wp-json\/wp\/v2\/pages"}],"about":[{"href":"https:\/\/krets.jagareforbundet.se\/hammerdal\/wp-json\/wp\/v2\/types\/page"}],"author":[{"embeddable":true,"href":"https:\/\/krets.jagareforbundet.se\/hammerdal\/wp-json\/wp\/v2\/users\/3"}],"replies":[{"embeddable":true,"href":"https:\/\/krets.jagareforbundet.se\/hammerdal\/wp-json\/wp\/v2\/comments?post=321"}],"version-history":[{"count":3,"href":"https:\/\/krets.jagareforbundet.se\/hammerdal\/wp-json\/wp\/v2\/pages\/321\/revisions"}],"predecessor-version":[{"id":883,"href":"https:\/\/krets.jagareforbundet.se\/hammerdal\/wp-json\/wp\/v2\/pages\/321\/revisions\/883"}],"wp:attachment":[{"href":"https:\/\/krets.jagareforbundet.se\/hammerdal\/wp-json\/wp\/v2\/media?parent=321"}],"curies":[{"name":"wp","href":"https:\/\/api.w.org\/{rel}","templated":true}]}}