{"id":366,"date":"2014-02-12T20:43:04","date_gmt":"2014-02-12T19:43:04","guid":{"rendered":"https:\/\/krets.jagareforbundet.se\/hammerdal\/?page_id=366"},"modified":"2024-03-06T09:14:41","modified_gmt":"2024-03-06T08:14:41","slug":"utbildning","status":"publish","type":"page","link":"https:\/\/krets.jagareforbundet.se\/hammerdal\/utbildning\/","title":{"rendered":"Utbildning"},"content":{"rendered":"<p><a href=\"https:\/\/krets.jagareforbundet.se\/hammerdal\/files\/2014\/02\/kulskytte_bana.jpg\"><img loading=\"lazy\" decoding=\"async\" class=\"aligncenter size-full wp-image-367\" src=\"https:\/\/krets.jagareforbundet.se\/hammerdal\/files\/2014\/02\/kulskytte_bana.jpg\" alt=\"Foto: Madeleine Lewander\" width=\"800\" height=\"200\" srcset=\"https:\/\/krets.jagareforbundet.se\/hammerdal\/files\/2014\/02\/kulskytte_bana.jpg 800w, https:\/\/krets.jagareforbundet.se\/hammerdal\/files\/2014\/02\/kulskytte_bana-300x75.jpg 300w\" sizes=\"auto, (max-width: 800px) 100vw, 800px\" \/><\/a><\/p>\n<p>J\u00e4garef\u00f6rbundet Mitt Norrland satsar p\u00e5 att kunna erbjuda sina medlemmar bra utbildningar, b\u00e5de i egen regi och i samarbete med Studiefr\u00e4mjandet.<\/p>\n<p>Utbildningsansvarig J\u00e4garef\u00f6rbundet Hammerdal \u00e4r Henric Lindh.\u00a0 Klicka p\u00e5 namnet nedan s\u00e5 kommer du till hans kontaktuppgifter<\/p>\n<p><a href=\"https:\/\/krets.jagareforbundet.se\/hammerdal\/files\/2024\/03\/Utbildning-Henric.pdf\">Utbildning Henric Lindh<\/a><\/p>\n<p>&nbsp;<\/p>\n<p>&nbsp;<\/p>\n<p>Exempel p\u00e5 utbildningar inom J\u00e4garef\u00f6rbundet:<\/p>\n<ul>\n<li>Jaktledare<\/li>\n<li>Bj\u00f6rnjakt<\/li>\n<li>G\u00e5sjakt<\/li>\n<li>Lockjakt p\u00e5 r\u00e4v<\/li>\n<li>Passj\u00e4garen<\/li>\n<li>Smygj\u00e4garen<\/li>\n<li>Kulvapnet<\/li>\n<li>K\u00f6tthantering<\/li>\n<li>Efters\u00f6ksutbildning f\u00f6r jaktledare<\/li>\n<li>F\u00e4llf\u00e5ngst<\/li>\n<li>Viltv\u00e5rd<\/li>\n<li>Jaktskyttets ABC<\/li>\n<li>Fotsnara r\u00e4v<\/li>\n<li>Ripsnarning<\/li>\n<li>Viltunders\u00f6kare<\/li>\n<li>S\u00e4ljakt<\/li>\n<li>Skjutledarutbildning<\/li>\n<li>Viltv\u00e5rdsomr\u00e5det<\/li>\n<li>Grundlydnad f\u00f6r jakthundar<\/li>\n<li>Digital teoretisk efters\u00f6ksutbildning<\/li>\n<li>Vildsvin alt. dovvilt med praktisk jakt<\/li>\n<li>J\u00e4garexamen<\/li>\n<\/ul>\n<p>Utbildningsansvarig p\u00e5 J\u00e4garef\u00f6rbundet Mitt Norrland:<\/p>\n<p>Christel Johansson<br \/>\nTelefon: 063-12 76 58, Mobil 070-330 06 49<br \/>\nE-post: <a href=\"mailto:christel.johansson@jagareforbundet.se\" target=\"_blank\" rel=\"noopener\">christel.johansson@jagareforbundet.se<\/a><\/p>\n","protected":false},"excerpt":{"rendered":"<p>J\u00e4garef\u00f6rbundet Mitt Norrland satsar p\u00e5 att kunna erbjuda sina medlemmar bra utbildningar, b\u00e5de i egen regi och i samarbete med Studiefr\u00e4mjandet. Utbildningsansvarig J\u00e4garef\u00f6rbundet Hammerdal \u00e4r Henric Lindh.\u00a0 Klicka p\u00e5 namnet nedan s\u00e5 kommer du till hans kontaktuppgifter Utbildning Henric Lindh &nbsp; &nbsp; Exempel p\u00e5 utbildningar inom J\u00e4garef\u00f6rbundet: Jaktledare Bj\u00f6rnjakt G\u00e5sjakt Lockjakt p\u00e5 r\u00e4v Passj\u00e4garen Smygj\u00e4garen [&hellip;]<\/p>\n","protected":false},"author":63,"featured_media":0,"parent":0,"menu_order":7,"comment_status":"open","ping_status":"open","template":"","meta":{"footnotes":""},"class_list":["post-366","page","type-page","status-publish","hentry"],"_links":{"self":[{"href":"https:\/\/krets.jagareforbundet.se\/hammerdal\/wp-json\/wp\/v2\/pages\/366","targetHints":{"allow":["GET"]}}],"collection":[{"href":"https:\/\/krets.jagareforbundet.se\/hammerdal\/wp-json\/wp\/v2\/pages"}],"about":[{"href":"https:\/\/krets.jagareforbundet.se\/hammerdal\/wp-json\/wp\/v2\/types\/page"}],"author":[{"embeddable":true,"href":"https:\/\/krets.jagareforbundet.se\/hammerdal\/wp-json\/wp\/v2\/users\/63"}],"replies":[{"embeddable":true,"href":"https:\/\/krets.jagareforbundet.se\/hammerdal\/wp-json\/wp\/v2\/comments?post=366"}],"version-history":[{"count":3,"href":"https:\/\/krets.jagareforbundet.se\/hammerdal\/wp-json\/wp\/v2\/pages\/366\/revisions"}],"predecessor-version":[{"id":875,"href":"https:\/\/krets.jagareforbundet.se\/hammerdal\/wp-json\/wp\/v2\/pages\/366\/revisions\/875"}],"wp:attachment":[{"href":"https:\/\/krets.jagareforbundet.se\/hammerdal\/wp-json\/wp\/v2\/media?parent=366"}],"curies":[{"name":"wp","href":"https:\/\/api.w.org\/{rel}","templated":true}]}}