{"id":433,"date":"2014-03-25T09:03:28","date_gmt":"2014-03-25T08:03:28","guid":{"rendered":"https:\/\/krets.jagareforbundet.se\/hammerdal\/?page_id=433"},"modified":"2024-03-11T18:08:07","modified_gmt":"2024-03-11T17:08:07","slug":"dokument","status":"publish","type":"page","link":"https:\/\/krets.jagareforbundet.se\/hammerdal\/dokument\/","title":{"rendered":"Dokument"},"content":{"rendered":"<p><a href=\"https:\/\/krets.jagareforbundet.se\/hammerdal\/files\/2011\/09\/jamte_nara.jpg\"><img loading=\"lazy\" decoding=\"async\" class=\"aligncenter wp-image-356\" src=\"https:\/\/krets.jagareforbundet.se\/hammerdal\/files\/2011\/09\/jamte_nara.jpg\" alt=\"Foto: Madeleine Lewander\" width=\"312\" height=\"78\" srcset=\"https:\/\/krets.jagareforbundet.se\/hammerdal\/files\/2011\/09\/jamte_nara.jpg 800w, https:\/\/krets.jagareforbundet.se\/hammerdal\/files\/2011\/09\/jamte_nara-300x75.jpg 300w\" sizes=\"auto, (max-width: 312px) 100vw, 312px\" \/><\/a><\/p>\n<p>&nbsp;<\/p>\n<p><a href=\"https:\/\/krets.jagareforbundet.se\/hammerdal\/files\/2024\/03\/Arsmote-febr-2024.pdf\">\u00c5rsm\u00f6te 2024<\/a><\/p>\n<p><a href=\"https:\/\/krets.jagareforbundet.se\/hammerdal\/files\/2024\/01\/Hammerdall_2023_protokoll.pdf\">\u00c5rsm\u00f6te 2023_<\/a><\/p>\n<p><a href=\"https:\/\/krets.jagareforbundet.se\/hammerdal\/wp-admin\/upload.php?item=818\">\u00c5rsm\u00f6te 2022<\/a><\/p>\n<p>\u00c5rsm\u00f6te 2021<\/p>\n<p>\u00c5rsm\u00f6te 2020<\/p>\n<p>\u00c5rsm\u00f6te 2019<\/p>\n<p><a href=\"https:\/\/krets.jagareforbundet.se\/hammerdal\/files\/2018\/03\/kretsarsmote-2018.pdf\">Krets\u00e5rsm\u00f6te 2018<\/a><\/p>\n<p><a href=\"https:\/\/krets.jagareforbundet.se\/hammerdal\/files\/2017\/12\/arsmote-2017.pdf\">\u00c5rsm\u00f6te 2017<\/a><\/p>\n<p>\u00c5rsm\u00f6te 2016, <a href=\"https:\/\/krets.jagareforbundet.se\/hammerdal\/files\/2014\/03\/kretsarsmote-2016-01.pdf\">Krets\u00e5rsm\u00f6te 2016-01<\/a>,\u00a0<a href=\"https:\/\/krets.jagareforbundet.se\/hammerdal\/files\/2014\/03\/kretsarsmote-2016-02.pdf\">Krets\u00e5rsm\u00f6te 2016-02<\/a>,\u00a0<a href=\"https:\/\/krets.jagareforbundet.se\/hammerdal\/files\/2014\/03\/kretsarsmote-2016-03.pdf\">Krets\u00e5rsm\u00f6te 2016-03<\/a><\/p>\n<p>&nbsp;<\/p>\n<p>&nbsp;<\/p>\n","protected":false},"excerpt":{"rendered":"<p>&nbsp; \u00c5rsm\u00f6te 2024 \u00c5rsm\u00f6te 2023_ \u00c5rsm\u00f6te 2022 \u00c5rsm\u00f6te 2021 \u00c5rsm\u00f6te 2020 \u00c5rsm\u00f6te 2019 Krets\u00e5rsm\u00f6te 2018 \u00c5rsm\u00f6te 2017 \u00c5rsm\u00f6te 2016, Krets\u00e5rsm\u00f6te 2016-01,\u00a0Krets\u00e5rsm\u00f6te 2016-02,\u00a0Krets\u00e5rsm\u00f6te 2016-03 &nbsp; &nbsp;<\/p>\n","protected":false},"author":63,"featured_media":0,"parent":0,"menu_order":11,"comment_status":"open","ping_status":"open","template":"","meta":{"footnotes":""},"class_list":["post-433","page","type-page","status-publish","hentry"],"_links":{"self":[{"href":"https:\/\/krets.jagareforbundet.se\/hammerdal\/wp-json\/wp\/v2\/pages\/433","targetHints":{"allow":["GET"]}}],"collection":[{"href":"https:\/\/krets.jagareforbundet.se\/hammerdal\/wp-json\/wp\/v2\/pages"}],"about":[{"href":"https:\/\/krets.jagareforbundet.se\/hammerdal\/wp-json\/wp\/v2\/types\/page"}],"author":[{"embeddable":true,"href":"https:\/\/krets.jagareforbundet.se\/hammerdal\/wp-json\/wp\/v2\/users\/63"}],"replies":[{"embeddable":true,"href":"https:\/\/krets.jagareforbundet.se\/hammerdal\/wp-json\/wp\/v2\/comments?post=433"}],"version-history":[{"count":3,"href":"https:\/\/krets.jagareforbundet.se\/hammerdal\/wp-json\/wp\/v2\/pages\/433\/revisions"}],"predecessor-version":[{"id":700,"href":"https:\/\/krets.jagareforbundet.se\/hammerdal\/wp-json\/wp\/v2\/pages\/433\/revisions\/700"}],"wp:attachment":[{"href":"https:\/\/krets.jagareforbundet.se\/hammerdal\/wp-json\/wp\/v2\/media?parent=433"}],"curies":[{"name":"wp","href":"https:\/\/api.w.org\/{rel}","templated":true}]}}