{"id":549,"date":"2015-01-29T15:51:51","date_gmt":"2015-01-29T14:51:51","guid":{"rendered":"https:\/\/krets.jagareforbundet.se\/hammerdal\/?page_id=549"},"modified":"2023-07-22T19:53:56","modified_gmt":"2023-07-22T17:53:56","slug":"medlem","status":"publish","type":"page","link":"https:\/\/krets.jagareforbundet.se\/hammerdal\/medlem\/","title":{"rendered":"Medlem"},"content":{"rendered":"<p><a href=\"https:\/\/krets.jagareforbundet.se\/hammerdal\/files\/2015\/01\/tjadergrenoscarlindvall.jpg\"><img loading=\"lazy\" decoding=\"async\" class=\"aligncenter wp-image-551 size-full\" src=\"https:\/\/krets.jagareforbundet.se\/hammerdal\/files\/2015\/01\/tjadergrenoscarlindvall.jpg\" alt=\"Foto: Oscar Lindvall\" width=\"800\" height=\"200\" srcset=\"https:\/\/krets.jagareforbundet.se\/hammerdal\/files\/2015\/01\/tjadergrenoscarlindvall.jpg 800w, https:\/\/krets.jagareforbundet.se\/hammerdal\/files\/2015\/01\/tjadergrenoscarlindvall-300x75.jpg 300w\" sizes=\"auto, (max-width: 800px) 100vw, 800px\" \/><\/a><\/p>\n<p>Vi arbetar f\u00f6r att bevaka dina intressen, jakten h\u00e4r och nu och i framtiden. Hos oss hittar du gemenskapen, f\u00f6rs\u00e4kringarna, r\u00e5dgivningen, den st\u00f6rsta jakttidningen, utbildningarna och m\u00e5nga andra f\u00f6rm\u00e5ner.<\/p>\n<p>F\u00f6r att l\u00e4sa mer om v\u00e5ra medlemsf\u00f6rm\u00e5ner, teckna medlemskap eller f\u00e5 mer information om medlemskap i Svenska J\u00e4garef\u00f6rbundet g\u00e5 in p\u00e5 nedanst\u00e5ende l\u00e4nk.<\/p>\n<p><strong><a href=\"http:\/\/jagareforbundet.se\/medlem\/\" target=\"_blank\" rel=\"noopener\">Medlemskap i J\u00e4garef\u00f6rbundet<\/a><\/strong><\/p>\n<p>F\u00f6r att bli medlem i J\u00e4garef\u00f6rbundet Hammerdal skriver du ditt <strong>personnummer + Hammerdal<\/strong> i meddelanderutan.<\/p>\n","protected":false},"excerpt":{"rendered":"<p>Vi arbetar f\u00f6r att bevaka dina intressen, jakten h\u00e4r och nu och i framtiden. Hos oss hittar du gemenskapen, f\u00f6rs\u00e4kringarna, r\u00e5dgivningen, den st\u00f6rsta jakttidningen, utbildningarna och m\u00e5nga andra f\u00f6rm\u00e5ner. F\u00f6r att l\u00e4sa mer om v\u00e5ra medlemsf\u00f6rm\u00e5ner, teckna medlemskap eller f\u00e5 mer information om medlemskap i Svenska J\u00e4garef\u00f6rbundet g\u00e5 in p\u00e5 nedanst\u00e5ende l\u00e4nk. Medlemskap i J\u00e4garef\u00f6rbundet [&hellip;]<\/p>\n","protected":false},"author":63,"featured_media":0,"parent":0,"menu_order":0,"comment_status":"open","ping_status":"open","template":"","meta":{"footnotes":""},"class_list":["post-549","page","type-page","status-publish","hentry"],"_links":{"self":[{"href":"https:\/\/krets.jagareforbundet.se\/hammerdal\/wp-json\/wp\/v2\/pages\/549","targetHints":{"allow":["GET"]}}],"collection":[{"href":"https:\/\/krets.jagareforbundet.se\/hammerdal\/wp-json\/wp\/v2\/pages"}],"about":[{"href":"https:\/\/krets.jagareforbundet.se\/hammerdal\/wp-json\/wp\/v2\/types\/page"}],"author":[{"embeddable":true,"href":"https:\/\/krets.jagareforbundet.se\/hammerdal\/wp-json\/wp\/v2\/users\/63"}],"replies":[{"embeddable":true,"href":"https:\/\/krets.jagareforbundet.se\/hammerdal\/wp-json\/wp\/v2\/comments?post=549"}],"version-history":[{"count":2,"href":"https:\/\/krets.jagareforbundet.se\/hammerdal\/wp-json\/wp\/v2\/pages\/549\/revisions"}],"predecessor-version":[{"id":789,"href":"https:\/\/krets.jagareforbundet.se\/hammerdal\/wp-json\/wp\/v2\/pages\/549\/revisions\/789"}],"wp:attachment":[{"href":"https:\/\/krets.jagareforbundet.se\/hammerdal\/wp-json\/wp\/v2\/media?parent=549"}],"curies":[{"name":"wp","href":"https:\/\/api.w.org\/{rel}","templated":true}]}}